{"id":982,"date":"2012-06-16T00:50:35","date_gmt":"2012-06-15T23:50:35","guid":{"rendered":"http:\/\/billys-reisen.de\/?page_id=982"},"modified":"2022-05-12T22:39:53","modified_gmt":"2022-05-12T20:39:53","slug":"so-kann-man-keinen-krieg-gewinnen","status":"publish","type":"page","link":"http:\/\/billys-reisen.de\/?page_id=982","title":{"rendered":"So kann man keinen Krieg gewinnen"},"content":{"rendered":"<div id=\"attachment_986\" style=\"width: 650px\" class=\"wp-caption aligncenter\"><a href=\"http:\/\/billys-reisen.de\/?attachment_id=986\" rel=\"attachment wp-att-986\"><img data-recalc-dims=\"1\" loading=\"lazy\" decoding=\"async\" aria-describedby=\"caption-attachment-986\" class=\"size-large wp-image-986\" title=\"HPIM9352 - Vor 2 Tagen gab es Angriff von Gaddafi aus der W\u00fcste auf Aschdabija\" src=\"https:\/\/i0.wp.com\/billys-reisen.de\/wp-content\/uploads\/2012\/06\/HPIM9352-Vor-2-Tagen-gab-es-Angriff-von-Gaddafi-aus-der-W%C3%BCste-auf-Aschdabija.jpg?resize=640%2C476\" alt=\"\" width=\"640\" height=\"476\" srcset=\"https:\/\/i0.wp.com\/billys-reisen.de\/wp-content\/uploads\/2012\/06\/HPIM9352-Vor-2-Tagen-gab-es-Angriff-von-Gaddafi-aus-der-W%C3%BCste-auf-Aschdabija.jpg?resize=1024%2C763 1024w, https:\/\/i0.wp.com\/billys-reisen.de\/wp-content\/uploads\/2012\/06\/HPIM9352-Vor-2-Tagen-gab-es-Angriff-von-Gaddafi-aus-der-W%C3%BCste-auf-Aschdabija.jpg?resize=150%2C111 150w, https:\/\/i0.wp.com\/billys-reisen.de\/wp-content\/uploads\/2012\/06\/HPIM9352-Vor-2-Tagen-gab-es-Angriff-von-Gaddafi-aus-der-W%C3%BCste-auf-Aschdabija.jpg?resize=300%2C223 300w, https:\/\/i0.wp.com\/billys-reisen.de\/wp-content\/uploads\/2012\/06\/HPIM9352-Vor-2-Tagen-gab-es-Angriff-von-Gaddafi-aus-der-W%C3%BCste-auf-Aschdabija.jpg?w=1280 1280w, https:\/\/i0.wp.com\/billys-reisen.de\/wp-content\/uploads\/2012\/06\/HPIM9352-Vor-2-Tagen-gab-es-Angriff-von-Gaddafi-aus-der-W%C3%BCste-auf-Aschdabija.jpg?w=1920 1920w\" sizes=\"auto, (max-width: 640px) 100vw, 640px\" \/><\/a><p id=\"caption-attachment-986\" class=\"wp-caption-text\">Wo ist Muammar? (12.04.2011)<\/p><\/div>\n<h5><strong>Mitte April 2011: <\/strong>Die 150 Kilometer lange Strecke von Bengasi in die Front-Stadt Aschdabija ist von Dutzenden ausgebrannten Fahrzeugen ges\u00e4umt. Vereinzelt handelt es sich um Panzer und schwere Artillerie, sowie Radaranlagen der Gaddafi-Truppen, die von franz\u00f6sischen und amerikanischen Kampfflugzeugen getroffen worden sind. Es scheint sich hierbei um recht pr\u00e4zise Angriffe gehandelt zu haben, als vor 3 Wochen die Luftoperation \u00fcber Libyen begonnen hat. In der Folge wurden Gaddafis Truppen wieder \u00fcber 150 Kilometer von der Rebellenhochburg Bengasi weggedr\u00e4ngt. Die viel beschworenen Verteidigungsstellungen entlang dieser Trasse sind jedoch bis auf eine Zeltstadt mit einem Dutzend Rebellen<strong> nicht<\/strong> zu sehen. Journalisten vermelden unter der Hand, es w\u00fcrde gar keine geben.<\/h5>\n<div id=\"attachment_990\" style=\"width: 310px\" class=\"wp-caption aligncenter\"><a href=\"http:\/\/billys-reisen.de\/?attachment_id=990\" rel=\"attachment wp-att-990\"><img data-recalc-dims=\"1\" loading=\"lazy\" decoding=\"async\" aria-describedby=\"caption-attachment-990\" class=\"wp-image-990 \" title=\"HPIM9381\" src=\"https:\/\/i0.wp.com\/billys-reisen.de\/wp-content\/uploads\/2012\/06\/HPIM9381.jpg?resize=300%2C223\" alt=\"\" width=\"300\" height=\"223\" srcset=\"https:\/\/i0.wp.com\/billys-reisen.de\/wp-content\/uploads\/2012\/06\/HPIM9381.jpg?resize=300%2C223 300w, https:\/\/i0.wp.com\/billys-reisen.de\/wp-content\/uploads\/2012\/06\/HPIM9381.jpg?resize=150%2C111 150w, https:\/\/i0.wp.com\/billys-reisen.de\/wp-content\/uploads\/2012\/06\/HPIM9381.jpg?resize=1024%2C763 1024w, https:\/\/i0.wp.com\/billys-reisen.de\/wp-content\/uploads\/2012\/06\/HPIM9381.jpg?w=1280 1280w, https:\/\/i0.wp.com\/billys-reisen.de\/wp-content\/uploads\/2012\/06\/HPIM9381.jpg?w=1920 1920w\" sizes=\"auto, (max-width: 300px) 100vw, 300px\" \/><\/a><p id=\"caption-attachment-990\" class=\"wp-caption-text\">Endstation Schrottplatz (13.04.2011)<\/p><\/div>\n<h5>In Aschdabija selbst sind die Spuren der gestrigen Stra\u00dfenk\u00e4mpfe noch sichtbar. Es handelt sich um eine Geisterstadt, die B\u00fcrger sind Richtung Bengasi oder Tobruk geflohen. In vielen Geb\u00e4uden sind Einschussl\u00f6cher zu sehen. Die Stra\u00dfen \u2026 mit Splittern ges\u00e4umt. <span style=\"text-decoration: underline;\">Entscheidend ist jedoch<\/span>: Aschdabija befindet sich wieder unter Kontrolle der Revolution\u00e4re. Am westlichen Stadttor sind Dutzende Rebellen versammelt. Sie haben Raketenwerfer und Flugabwehrstellungen. Mit neuen Ferngl\u00e4sern beobachten sie die W\u00fcste. Der letzte Angriff Gaddafis kam von der Seite. Die Lage ist ruhig, aber angespannt. Die Frontlinie sei 80 Kilometer weiter westlich, vermelden die K\u00e4mpfer. Doch inwieweit das stimmt, ist nicht zu beurteilen.<\/h5>\n<h5><\/h5>\n<div id=\"attachment_991\" style=\"width: 310px\" class=\"wp-caption aligncenter\"><a href=\"http:\/\/billys-reisen.de\/?attachment_id=991\" rel=\"attachment wp-att-991\"><img data-recalc-dims=\"1\" loading=\"lazy\" decoding=\"async\" aria-describedby=\"caption-attachment-991\" class=\"size-medium wp-image-991 \" title=\"HPIM9399\" src=\"https:\/\/i0.wp.com\/billys-reisen.de\/wp-content\/uploads\/2012\/06\/HPIM9399.jpg?resize=300%2C223\" alt=\"\" width=\"300\" height=\"223\" srcset=\"https:\/\/i0.wp.com\/billys-reisen.de\/wp-content\/uploads\/2012\/06\/HPIM9399.jpg?resize=300%2C223 300w, https:\/\/i0.wp.com\/billys-reisen.de\/wp-content\/uploads\/2012\/06\/HPIM9399.jpg?resize=150%2C111 150w, https:\/\/i0.wp.com\/billys-reisen.de\/wp-content\/uploads\/2012\/06\/HPIM9399.jpg?resize=1024%2C763 1024w, https:\/\/i0.wp.com\/billys-reisen.de\/wp-content\/uploads\/2012\/06\/HPIM9399.jpg?w=1280 1280w, https:\/\/i0.wp.com\/billys-reisen.de\/wp-content\/uploads\/2012\/06\/HPIM9399.jpg?w=1920 1920w\" sizes=\"auto, (max-width: 300px) 100vw, 300px\" \/><\/a><p id=\"caption-attachment-991\" class=\"wp-caption-text\">Augen auf im Stra\u00dfenverkehr! (13.04.2011)<\/p><\/div>\n<h5 class=\"size-medium wp-image-992\" title=\"HPIM9432\"><span style=\"text-decoration: underline;\">Der n\u00e4chste Tag<\/span>: Langsam kehrt das Leben nach Aschdabija zur\u00fcck. Zwar sind alle L\u00e4den weiterhin geschlossen, aber vereinzelt laufen Menschen wieder durch die Stra\u00dfen. Einige Kinder posieren f\u00fcr ein Foto auf einem ausgebrannten Panzer. Am Westtor herrscht ausgelassenere Stimmung als gestern. Die Zahl der K\u00e4mpfer hat zugenommen. Die Zahl der improvisierten Artillerie-Autos auch. Die Verantwortlichen am W\u00fcstenvorposten geben jetzt offen zu, dass sich bis auf ein paar versteckte Freisch\u00e4rler keine weiteren Truppen der Revolution westlich von Aschdabija bef\u00e4nden. Damit ist der Kampf mit der Armee Gaddafis faktisch zum Erliegen gekommen. So ist klar, warum keine Ambulanzen und Versorgungs-Fahrzeuge mehr das West-Tor in Richtung \u00d6lhafen Brega passieren \u2026 und die Gaddafi-Armee aus der W\u00fcste von 20 bis 40 Kilometer Entfernung sporadisch Granaten auf Aschdabija feuert. Die Rebellen \u00fcben ausgelassen Schie\u00dfman\u00f6ver in der W\u00fcste. Es knallt laut. Wenig sp\u00e4ter sind die Kampfflugzeuge der NATO zu h\u00f6ren &#8211; alles flieht zur\u00fcck nach Aschdabija. &#8222;Freundliches Feuer&#8220; liegt wieder einmal in der Luft. <em>&#8222;Die NATO ist jetzt endlich wieder aktiv geworden&#8220;<\/em>, sagen die K\u00e4mpfer. Sie w\u00fcrden Gaddafis Truppen nun wieder massiv angreifen. In ein bis zwei Tagen, so sagen sie, k\u00f6nne man wieder einen Vormarsch wagen. Doch mit Blick auf die gesamte Rebellenarmee wird deutlich, dass von der viel gepriesenen professionellen Fronttruppe nichts zu sehen ist. Es ist und bleibt ein bunter Haufen aus Arbeitern, Ingenieuren, Lehrern und Studenten, die zum ersten Mal im Leben eine Waffe in der Hand halten. Es eint sie der Glaube an Allah und die Freiheit &#8211; weniger das Kommando von General Abdul Fattah Junis.<\/h5>\n<p style=\"text-align: center;\">Anmerkungen Juni 2012: Am Todessto\u00df gegen die Gaddafi-Armee von August bis Oktober 2011 hatten die ost-libyschen K\u00e4mpfer keinen regen Anteil. Dies \u00fcbernahmen Milizen aus Misratah und den Berber-Gebieten. Was lange nicht gesehen wurde: Die Familienklane der Cyrenaika wollten sich nicht an den Auseinandersetzungen im Westen beteiligen &#8230; Jahrhunderte alte Konflikte liegen in der Luft. Offenbar dachte &#8222;Rebellen-General&#8220; Fattah Jounis \u00e4hnlich &#8211; er starb am 28.07.2011 durch ein nicht gekl\u00e4rtes Attentat.<\/p>\n<div id=\"attachment_988\" style=\"width: 310px\" class=\"wp-caption aligncenter\"><a href=\"http:\/\/billys-reisen.de\/?attachment_id=988\" rel=\"attachment wp-att-988\"><img data-recalc-dims=\"1\" loading=\"lazy\" decoding=\"async\" aria-describedby=\"caption-attachment-988\" class=\"size-medium wp-image-988\" title=\"DSCI0761 - Buschafschufa\" src=\"https:\/\/i0.wp.com\/billys-reisen.de\/wp-content\/uploads\/2012\/06\/DSCI0761-Buschafschufa.jpg?resize=300%2C225\" alt=\"\" width=\"300\" height=\"225\" srcset=\"https:\/\/i0.wp.com\/billys-reisen.de\/wp-content\/uploads\/2012\/06\/DSCI0761-Buschafschufa.jpg?resize=300%2C225 300w, https:\/\/i0.wp.com\/billys-reisen.de\/wp-content\/uploads\/2012\/06\/DSCI0761-Buschafschufa.jpg?resize=150%2C112 150w, https:\/\/i0.wp.com\/billys-reisen.de\/wp-content\/uploads\/2012\/06\/DSCI0761-Buschafschufa.jpg?resize=1024%2C768 1024w, https:\/\/i0.wp.com\/billys-reisen.de\/wp-content\/uploads\/2012\/06\/DSCI0761-Buschafschufa.jpg?w=1280 1280w, https:\/\/i0.wp.com\/billys-reisen.de\/wp-content\/uploads\/2012\/06\/DSCI0761-Buschafschufa.jpg?w=1920 1920w\" sizes=\"auto, (max-width: 300px) 100vw, 300px\" \/><\/a><p id=\"caption-attachment-988\" class=\"wp-caption-text\">Ihn mag man hier nicht (Aschdabija, 12.06.2011)<\/p><\/div>\n","protected":false},"excerpt":{"rendered":"<p>Mitte April 2011: Die 150 Kilometer lange Strecke von Bengasi in die Front-Stadt Aschdabija ist von Dutzenden ausgebrannten Fahrzeugen ges\u00e4umt. Vereinzelt handelt es sich um Panzer und schwere Artillerie, sowie Radaranlagen der Gaddafi-Truppen, die von franz\u00f6sischen und amerikanischen Kampfflugzeugen getroffen &hellip; <a href=\"http:\/\/billys-reisen.de\/?page_id=982\">Weiterlesen <span class=\"meta-nav\">&rarr;<\/span><\/a><\/p>\n","protected":false},"author":2,"featured_media":0,"parent":0,"menu_order":0,"comment_status":"closed","ping_status":"closed","template":"","meta":{"footnotes":""},"class_list":["post-982","page","type-page","status-publish","hentry"],"jetpack_sharing_enabled":true,"_links":{"self":[{"href":"http:\/\/billys-reisen.de\/index.php?rest_route=\/wp\/v2\/pages\/982","targetHints":{"allow":["GET"]}}],"collection":[{"href":"http:\/\/billys-reisen.de\/index.php?rest_route=\/wp\/v2\/pages"}],"about":[{"href":"http:\/\/billys-reisen.de\/index.php?rest_route=\/wp\/v2\/types\/page"}],"author":[{"embeddable":true,"href":"http:\/\/billys-reisen.de\/index.php?rest_route=\/wp\/v2\/users\/2"}],"replies":[{"embeddable":true,"href":"http:\/\/billys-reisen.de\/index.php?rest_route=%2Fwp%2Fv2%2Fcomments&post=982"}],"version-history":[{"count":9,"href":"http:\/\/billys-reisen.de\/index.php?rest_route=\/wp\/v2\/pages\/982\/revisions"}],"predecessor-version":[{"id":2995,"href":"http:\/\/billys-reisen.de\/index.php?rest_route=\/wp\/v2\/pages\/982\/revisions\/2995"}],"wp:attachment":[{"href":"http:\/\/billys-reisen.de\/index.php?rest_route=%2Fwp%2Fv2%2Fmedia&parent=982"}],"curies":[{"name":"wp","href":"https:\/\/api.w.org\/{rel}","templated":true}]}}