{"id":97,"date":"2011-03-30T00:17:15","date_gmt":"2011-03-29T22:17:15","guid":{"rendered":"http:\/\/new.billys-reisen.de\/?page_id=97"},"modified":"2022-05-12T22:35:36","modified_gmt":"2022-05-12T20:35:36","slug":"impressum","status":"publish","type":"page","link":"http:\/\/billys-reisen.de\/?page_id=97","title":{"rendered":"Impressum"},"content":{"rendered":"<div class=\"Impressum\">\n<table border=\"0\" width=\"100%\">\n<tbody>\n<tr>\n<td><u>Verantwortlicher<\/u>:\n<p>\u00a0<\/p>\n<div>\n<p>BILLY SIX (st\u00e4ndig unterwegs)<br \/>Al Cheema 6<br \/>Timbuktu<\/p>\n<p>E-Post: <a href=\"mailto:Billy@six-newhagen.de\">Billy@six-newhagen.de<\/a><\/p>\n<p>Tel. 0049 &#8211; 3342 \/ 56 36 54\u00a0\u00a0\u00a0\u00a0\u00a0\u00a0\u00a0\u00a0\u00a0\u00a0\u00a0\u00a0\u00a0\u00a0\u00a0\u00a0\u00a0\u00a0\u00a0\u00a0\u00a0\u00a0\u00a0\u00a0\u00a0\u00a0 (Digitaler AB)<\/p>\n<p>(Post-)Adressen:<\/p>\n<\/div>\n<div>BILLY SIX ASIA<\/div>\n<div>( Sec. Dawoud )<\/div>\n<div>Bab al-Harah \/ \u0628\u0627\u0628 \u0627\u0644\u062d\u0627\u0631\u0629<br \/>Street of Revolution \/ \u0634\u0627\u0631\u0639 \u0627\u0644\u062b\u0648\u0631\u0629<br \/>Kafr Zita \/ \u0643\u0641\u0631\u0632\u064a\u062a\u0627<br \/>Hama Province<br \/>&#8211; Syrisch-Arabische Republik &#8211;<\/div>\n<div>\u00a0<\/div>\n<div>.<\/div>\n<div>BILLY SIX EUROPE<\/div>\n<div>( Sec. Ludmila )<\/div>\n<div>Mira Avenue 3\/1<br \/>Donezk 83050<br \/>&#8211; Ukraine \/ Volksrepublik Donezk &#8211;<\/div>\n<div>\u00a0<\/div>\n<div>.<\/div>\n<div>BILLY SIX AMERICAS<\/div>\n<div>( Sec. Carolina )<\/div>\n<div>EL PENTHOUSE \u2013 Apartamento No.22<br \/>Domicilio del \u201eSen. Aleman\u201c<br \/>Calle San Felipe, Altamira<br \/>Chacao 1060, Caracas Capital District<br \/>&#8211; Bolivarianische Republik Venezuela &#8211;<\/div>\n<div>\u00a0<\/div>\n<\/td>\n<td valign=\"top\"><span style=\"text-decoration: underline;\">Technische Betreuung<\/span>:\n<p>\u00a0<\/p>\n<div>E-Mail: webmaster@billys-reisen.de<\/div>\n<div>\u00a0<\/div>\n<\/td>\n<\/tr>\n<\/tbody>\n<\/table>\n<h2><strong><span style=\"text-decoration: underline;\">Haftungsausschluss:<\/span><\/strong><\/h2>\n<h3><strong>Haftung f\u00fcr Inhalte<\/strong><\/h3>\n<div>Die Inhalte unserer Seiten wurden mit gr\u00f6\u00dfter Sorgfalt erstellt. F\u00fcr die Richtigkeit, Vollst\u00e4ndigkeit und Aktualit\u00e4t der Inhalte k\u00f6nnen wir jedoch keine Gew\u00e4hr \u00fcbernehmen. Als Diensteanbieter sind wir gem\u00e4\u00df \u00a7 7 Abs.1 TMG f\u00fcr eigene Inhalte auf diesen Seiten nach den allgemeinen Gesetzen verantwortlich. Nach \u00a7\u00a7 8 bis 10 TMG sind wir als Diensteanbieter jedoch nicht verpflichtet, \u00fcbermittelte oder gespeicherte fremde Informationen zu \u00fcberwachen oder nach Umst\u00e4nden zu forschen, die auf eine rechtswidrige T\u00e4tigkeit hinweisen. Verpflichtungen zur Entfernung oder Sperrung der Nutzung von Informationen nach den allgemeinen Gesetzen bleiben hiervon unber\u00fchrt. Eine diesbez\u00fcgliche Haftung ist jedoch erst ab dem Zeitpunkt der Kenntnis einer konkreten Rechtsverletzung m\u00f6glich. Bei Bekanntwerden von entsprechenden Rechtsverletzungen werden wir diese Inhalte umgehend entfernen.<\/div>\n<div>\u00a0<\/div>\n<h3><strong>Haftung f\u00fcr Links<\/strong><\/h3>\n<div>Unser Angebot enth\u00e4lt Links zu externen Webseiten Dritter, auf deren Inhalte wir keinen Einfluss haben. Deshalb k\u00f6nnen wir f\u00fcr diese fremden Inhalte auch keine Gew\u00e4hr \u00fcbernehmen. F\u00fcr die Inhalte der verlinkten Seiten ist stets der jeweilige Anbieter oder Betreiber der Seiten verantwortlich. Die verlinkten Seiten wurden zum Zeitpunkt der Verlinkung auf m\u00f6gliche Rechtsverst\u00f6\u00dfe \u00fcberpr\u00fcft. Rechtswidrige Inhalte waren zum Zeitpunkt der Verlinkung nicht erkennbar. Eine permanente inhaltliche Kontrolle der verlinkten Seiten ist jedoch ohne konkrete Anhaltspunkte einer Rechtsverletzung nicht zumutbar. Bei Bekanntwerden von Rechtsverletzungen werden wir derartige Links umgehend entfernen.<\/div>\n<div>\u00a0<\/div>\n<h3><strong>Urheberrecht<\/strong><\/h3>\n<div>Die durch die Seitenbetreiber erstellten Inhalte und Werke auf diesen Seiten unterliegen dem deutschen Urheberrecht. Die Vervielf\u00e4ltigung, Bearbeitung, Verbreitung und jede Art der Verwertung au\u00dferhalb der Grenzen des Urheberrechtes bed\u00fcrfen der schriftlichen Zustimmung des jeweiligen Autors bzw. Erstellers. Downloads und Kopien dieser Seite sind nur f\u00fcr den privaten, nicht kommerziellen Gebrauch gestattet. Soweit die Inhalte auf dieser Seite nicht vom Betreiber erstellt wurden, werden die Urheberrechte Dritter beachtet. Insbesondere werden Inhalte Dritter als solche gekennzeichnet. Sollten Sie trotzdem auf eine Urheberrechtsverletzung aufmerksam werden, bitten wir um einen entsprechenden Hinweis. Bei Bekanntwerden von Rechtsverletzungen werden wir derartige Inhalte umgehend entfernen.<\/div>\n<div>\u00a0<\/div>\n<h3><strong>Datenschutz<\/strong><\/h3>\n<div>Die Nutzung unserer Webseite ist in der Regel ohne Angabe personenbezogener Daten m\u00f6glich. Soweit auf unseren Seiten personenbezogene Daten (beispielsweise Name, Anschrift oder eMail-Adressen) erhoben werden, erfolgt dies, soweit m\u00f6glich, stets auf freiwilliger Basis. Diese Daten werden ohne Ihre ausdr\u00fcckliche Zustimmung nicht an Dritte weitergegeben.<\/div>\n<div>Wir weisen darauf hin, dass die Daten\u00fcbertragung im Internet (z.B. bei der Kommunikation per E-Mail) Sicherheitsl\u00fccken aufweisen kann. Ein l\u00fcckenloser Schutz der Daten vor dem Zugriff durch Dritte ist nicht m\u00f6glich.<\/div>\n<div>Der Nutzung von im Rahmen der Impressumspflicht ver\u00f6ffentlichten Kontaktdaten durch Dritte zur \u00dcbersendung von nicht ausdr\u00fccklich angeforderter Werbung und Informationsmaterialien wird hiermit ausdr\u00fccklich widersprochen. Die Betreiber der Seiten behalten sich ausdr\u00fccklich rechtliche Schritte im Falle der unverlangten Zusendung von Werbeinformationen, etwa durch Spam-Mails, vor.<\/div>\n<div>Quelle: <em><a href=\"http:\/\/www.e-recht24.de\/muster-disclaimer.htm\" target=\"_blank\" rel=\"noopener noreferrer\">Disclaimer<\/a> von eRecht24, dem Portal zum Internetrecht von <a href=\"http:\/\/www.e-recht24.de\/\" target=\"_blank\" rel=\"noopener noreferrer\">Rechtsanwalt<\/a> S\u00f6ren Siebert.<\/em><\/div>\n<\/div>\n<div>\u00a0<\/div>\n<div>\n<h3><strong>Cookies und Meldungen zu Zugriffszahlen<\/strong><\/h3>\nWir setzen \u201eSession-Cookies\u201c der VG Wort, M\u00fcnchen, zur Messung von Zugriffen auf Texten ein, um die Kopierwahrscheinlichkeit zu erfassen. Session-Cookies sind kleine Informationseinheiten, die ein Anbieter im Arbeitsspeicher des Computers des Besuchers speichert. In einem Session-Cookie wird eine zuf\u00e4llig erzeugte eindeutige Identifikationsnummer abgelegt, eine sogenannte Session-ID. Au\u00dferdem enth\u00e4lt ein Cookie die Angabe \u00fcber seine Herkunft und die Speicherfrist. Session-Cookies k\u00f6nnen keine anderen Daten speichern. Diese Messungen werden von der Kantar Germany GmbH nach dem Skalierbaren Zentralen Messverfahren (SZM) durchgef\u00fchrt. Sie helfen dabei, die Kopierwahrscheinlichkeit einzelner Texte zur Verg\u00fctung von gesetzlichen Anspr\u00fcchen von Autoren und Verlagen zu ermitteln. Wir erfassen keine personenbezogenen Daten \u00fcber Cookies.<\/div>\n<div>\u00a0<\/div>\n<div>Eine Nutzung unserer Angebote ist auch ohne Cookies m\u00f6glich. Die meisten Browser sind so eingestellt, dass sie Cookies automatisch akzeptieren. Sie k\u00f6nnen das Speichern von Cookies jedoch deaktivieren oder Ihren Browser so einstellen, dass er Sie benachrichtigt, sobald Cookies gesendet werden.<\/div>\n<div>\u00a0<\/div>\n<div>\n<h3><strong>Datenschutzerkl\u00e4rung zur Nutzung des Skalierbaren Zentralen Messverfahrens<\/strong><\/h3>\nUnsere Website und unser mobiles Webangebot nutzen das \u201eSkalierbare Zentrale Messverfahren\u201c (SZM) der Kantar Germany GmbH f\u00fcr die Ermittlung statistischer Kennwerte zur Ermittlung der Kopierwahrscheinlichkeit von Texten.<\/div>\n<div>\u00a0<\/div>\n<div>Dabei werden anonyme Messwerte erhoben. Die Zugriffszahlenmessung verwendet zur Wiedererkennung von Computersystemen alternativ ein Session-Cookie oder eine Signatur, die aus verschiedenen automatisch \u00fcbertragenen Informationen Ihres Browsers erstellt wird. IP-Adressen werden nur in anonymisierter Form verarbeitet.<\/div>\n<div>\u00a0<\/div>\n<div>Das Verfahren wurde unter der Beachtung des Datenschutzes entwickelt. Einziges Ziel des Verfahrens ist es, die Kopierwahrscheinlichkeit einzelner Texte zu ermitteln.<\/div>\n<div>\u00a0<\/div>\n<div>Zu keinem Zeitpunkt werden einzelne Nutzer identifiziert. Ihre Identit\u00e4t bleibt immer gesch\u00fctzt. Sie erhalten \u00fcber das System keine Werbung.<\/div>\n\n\n<p><\/p>\n","protected":false},"excerpt":{"rendered":"<p>Verantwortlicher: \u00a0 BILLY SIX (st\u00e4ndig unterwegs)Al Cheema 6Timbuktu E-Post: Billy@six-newhagen.de Tel. 0049 &#8211; 3342 \/ 56 36 54\u00a0\u00a0\u00a0\u00a0\u00a0\u00a0\u00a0\u00a0\u00a0\u00a0\u00a0\u00a0\u00a0\u00a0\u00a0\u00a0\u00a0\u00a0\u00a0\u00a0\u00a0\u00a0\u00a0\u00a0\u00a0\u00a0 (Digitaler AB) (Post-)Adressen: BILLY SIX ASIA ( Sec. Dawoud ) Bab al-Harah \/ \u0628\u0627\u0628 \u0627\u0644\u062d\u0627\u0631\u0629Street of Revolution \/ \u0634\u0627\u0631\u0639 \u0627\u0644\u062b\u0648\u0631\u0629Kafr Zita \/ &hellip; <a href=\"http:\/\/billys-reisen.de\/?page_id=97\">Weiterlesen <span class=\"meta-nav\">&rarr;<\/span><\/a><\/p>\n","protected":false},"author":1,"featured_media":0,"parent":0,"menu_order":0,"comment_status":"closed","ping_status":"closed","template":"","meta":{"footnotes":""},"class_list":["post-97","page","type-page","status-publish","hentry"],"jetpack_sharing_enabled":true,"_links":{"self":[{"href":"http:\/\/billys-reisen.de\/index.php?rest_route=\/wp\/v2\/pages\/97","targetHints":{"allow":["GET"]}}],"collection":[{"href":"http:\/\/billys-reisen.de\/index.php?rest_route=\/wp\/v2\/pages"}],"about":[{"href":"http:\/\/billys-reisen.de\/index.php?rest_route=\/wp\/v2\/types\/page"}],"author":[{"embeddable":true,"href":"http:\/\/billys-reisen.de\/index.php?rest_route=\/wp\/v2\/users\/1"}],"replies":[{"embeddable":true,"href":"http:\/\/billys-reisen.de\/index.php?rest_route=%2Fwp%2Fv2%2Fcomments&post=97"}],"version-history":[{"count":73,"href":"http:\/\/billys-reisen.de\/index.php?rest_route=\/wp\/v2\/pages\/97\/revisions"}],"predecessor-version":[{"id":2986,"href":"http:\/\/billys-reisen.de\/index.php?rest_route=\/wp\/v2\/pages\/97\/revisions\/2986"}],"wp:attachment":[{"href":"http:\/\/billys-reisen.de\/index.php?rest_route=%2Fwp%2Fv2%2Fmedia&parent=97"}],"curies":[{"name":"wp","href":"https:\/\/api.w.org\/{rel}","templated":true}]}}