{"id":780,"date":"2012-06-14T22:13:41","date_gmt":"2012-06-14T21:13:41","guid":{"rendered":"http:\/\/billys-reisen.de\/?page_id=780"},"modified":"2014-10-31T15:27:42","modified_gmt":"2014-10-31T14:27:42","slug":"was-ist-los-in-syrien","status":"publish","type":"page","link":"http:\/\/billys-reisen.de\/?page_id=780","title":{"rendered":"Was ist bei den Arabern los?"},"content":{"rendered":"<p><a title=\"Syrien (2012)\" href=\"http:\/\/billys-reisen.de\/?page_id=884\">H\u00f6llen-Trip in\u00a0der Levante &#8211; Zu Besuch in Syrien (2012\/13)<\/a><\/p>\n<p><a title=\"Freiheitskrieg in der Wueste \u2013  Billy an der Front in Libyen\" href=\"http:\/\/billys-reisen.de\/?page_id=175\">Blutige Fata Morgana &#8211; Billy an der Front in Libyen (2011)<\/a><\/p>\n<p><a title=\"Wo warst Du, als Mubarak fiel?\" href=\"http:\/\/billys-reisen.de\/?page_id=928\">Pharaonen-Sturz am Nil &#8211; Eindruck vom &#8222;Befreiungsplatz&#8220; \u00c4gyptens (2011)<\/a><\/p>\n<p><a href=\"http:\/\/billys-reisen.de\/?attachment_id=1010\" rel=\"attachment wp-att-1010\"><img data-recalc-dims=\"1\" loading=\"lazy\" decoding=\"async\" class=\"size-large wp-image-1010\" title=\"DSCI0240\" src=\"https:\/\/i0.wp.com\/billys-reisen.de\/wp-content\/uploads\/2012\/06\/DSCI0240.jpg?resize=640%2C480\" alt=\"\" width=\"640\" height=\"480\" srcset=\"https:\/\/i0.wp.com\/billys-reisen.de\/wp-content\/uploads\/2012\/06\/DSCI0240.jpg?resize=1024%2C768 1024w, https:\/\/i0.wp.com\/billys-reisen.de\/wp-content\/uploads\/2012\/06\/DSCI0240.jpg?resize=150%2C112 150w, https:\/\/i0.wp.com\/billys-reisen.de\/wp-content\/uploads\/2012\/06\/DSCI0240.jpg?resize=300%2C225 300w, https:\/\/i0.wp.com\/billys-reisen.de\/wp-content\/uploads\/2012\/06\/DSCI0240.jpg?w=1280 1280w, https:\/\/i0.wp.com\/billys-reisen.de\/wp-content\/uploads\/2012\/06\/DSCI0240.jpg?w=1920 1920w\" sizes=\"auto, (max-width: 640px) 100vw, 640px\" \/><\/a><\/p>\n<dl id=\"attachment_1010\" class=\"wp-caption aligncenter\" style=\"width: 650px;\">\n<dd class=\"wp-caption-dd\">&#8222;Legion f\u00fcr Freiheit, Demokratie und Frauenrechte&#8220; in der Libyschen W\u00fcste (20.07.2011)<\/dd>\n<\/dl>\n","protected":false},"excerpt":{"rendered":"<p>H\u00f6llen-Trip in\u00a0der Levante &#8211; Zu Besuch in Syrien (2012\/13) Blutige Fata Morgana &#8211; Billy an der Front in Libyen (2011) Pharaonen-Sturz am Nil &#8211; Eindruck vom &#8222;Befreiungsplatz&#8220; \u00c4gyptens (2011) &#8222;Legion f\u00fcr Freiheit, Demokratie und Frauenrechte&#8220; in der Libyschen W\u00fcste (20.07.2011)<\/p>\n","protected":false},"author":2,"featured_media":0,"parent":0,"menu_order":0,"comment_status":"closed","ping_status":"closed","template":"","meta":{"footnotes":""},"class_list":["post-780","page","type-page","status-publish","hentry"],"jetpack_sharing_enabled":true,"_links":{"self":[{"href":"http:\/\/billys-reisen.de\/index.php?rest_route=\/wp\/v2\/pages\/780","targetHints":{"allow":["GET"]}}],"collection":[{"href":"http:\/\/billys-reisen.de\/index.php?rest_route=\/wp\/v2\/pages"}],"about":[{"href":"http:\/\/billys-reisen.de\/index.php?rest_route=\/wp\/v2\/types\/page"}],"author":[{"embeddable":true,"href":"http:\/\/billys-reisen.de\/index.php?rest_route=\/wp\/v2\/users\/2"}],"replies":[{"embeddable":true,"href":"http:\/\/billys-reisen.de\/index.php?rest_route=%2Fwp%2Fv2%2Fcomments&post=780"}],"version-history":[{"count":25,"href":"http:\/\/billys-reisen.de\/index.php?rest_route=\/wp\/v2\/pages\/780\/revisions"}],"predecessor-version":[{"id":2271,"href":"http:\/\/billys-reisen.de\/index.php?rest_route=\/wp\/v2\/pages\/780\/revisions\/2271"}],"wp:attachment":[{"href":"http:\/\/billys-reisen.de\/index.php?rest_route=%2Fwp%2Fv2%2Fmedia&parent=780"}],"curies":[{"name":"wp","href":"https:\/\/api.w.org\/{rel}","templated":true}]}}