{"id":78,"date":"2011-03-30T00:13:05","date_gmt":"2011-03-29T22:13:05","guid":{"rendered":"http:\/\/new.billys-reisen.de\/?page_id=78"},"modified":"2014-10-31T05:03:54","modified_gmt":"2014-10-31T04:03:54","slug":"naher-osten","status":"publish","type":"page","link":"http:\/\/billys-reisen.de\/?page_id=78","title":{"rendered":"Naher Osten"},"content":{"rendered":"<p>Bereiste L\u00e4nder und Regionen:<\/p>\n<ul class=\"laender\">\n<li>Jordanien<\/li>\n<li>Katar<\/li>\n<li>Libanon<\/li>\n<li>Kurdistan (T\u00fcrkei)<\/li>\n<li><a title=\"Der Friede sei mit Dir \u2013 aber welcher? Syrien (2012)\" href=\"http:\/\/billys-reisen.de\/?page_id=884\">Syrien<\/a><\/li>\n<li>Sinai-Halbinsel (\u00c4gypten)<\/li>\n<li><a title=\"Ist die Welt ein Irrenhaus?\" href=\"http:\/\/billys-reisen.de\/?page_id=1630\">T\u00fcrkei<\/a><\/li>\n<li>Westjordanland<\/li>\n<\/ul>\n<div id=\"attachment_2251\" style=\"width: 2602px\" class=\"wp-caption alignnone\"><a href=\"https:\/\/i0.wp.com\/billys-reisen.de\/wp-content\/uploads\/2011\/03\/DSCI2118_Tour-mit-Amer-in-Talminis.jpg\"><img data-recalc-dims=\"1\" loading=\"lazy\" decoding=\"async\" aria-describedby=\"caption-attachment-2251\" class=\"wp-image-2251 size-full\" src=\"https:\/\/i0.wp.com\/billys-reisen.de\/wp-content\/uploads\/2011\/03\/DSCI2118_Tour-mit-Amer-in-Talminis.jpg?resize=640%2C480\" alt=\"DSCI2118_Tour mit Amer in Talminis\" width=\"640\" height=\"480\" srcset=\"https:\/\/i0.wp.com\/billys-reisen.de\/wp-content\/uploads\/2011\/03\/DSCI2118_Tour-mit-Amer-in-Talminis.jpg?w=2592 2592w, https:\/\/i0.wp.com\/billys-reisen.de\/wp-content\/uploads\/2011\/03\/DSCI2118_Tour-mit-Amer-in-Talminis.jpg?resize=150%2C112 150w, https:\/\/i0.wp.com\/billys-reisen.de\/wp-content\/uploads\/2011\/03\/DSCI2118_Tour-mit-Amer-in-Talminis.jpg?resize=300%2C225 300w, https:\/\/i0.wp.com\/billys-reisen.de\/wp-content\/uploads\/2011\/03\/DSCI2118_Tour-mit-Amer-in-Talminis.jpg?resize=1024%2C768 1024w, https:\/\/i0.wp.com\/billys-reisen.de\/wp-content\/uploads\/2011\/03\/DSCI2118_Tour-mit-Amer-in-Talminis.jpg?w=1280 1280w, https:\/\/i0.wp.com\/billys-reisen.de\/wp-content\/uploads\/2011\/03\/DSCI2118_Tour-mit-Amer-in-Talminis.jpg?w=1920 1920w\" sizes=\"auto, (max-width: 640px) 100vw, 640px\" \/><\/a><p id=\"caption-attachment-2251\" class=\"wp-caption-text\">Mit &#8222;Sadiki Amar&#8220; unterwegs \u00fcber die Feldwege im n\u00f6rdlichen Syrien (2012)<\/p><\/div>\n","protected":false},"excerpt":{"rendered":"<p>Bereiste L\u00e4nder und Regionen: Jordanien Katar Libanon Kurdistan (T\u00fcrkei) Syrien Sinai-Halbinsel (\u00c4gypten) T\u00fcrkei Westjordanland<\/p>\n","protected":false},"author":1,"featured_media":0,"parent":0,"menu_order":0,"comment_status":"closed","ping_status":"closed","template":"","meta":{"footnotes":""},"class_list":["post-78","page","type-page","status-publish","hentry"],"jetpack_sharing_enabled":true,"_links":{"self":[{"href":"http:\/\/billys-reisen.de\/index.php?rest_route=\/wp\/v2\/pages\/78","targetHints":{"allow":["GET"]}}],"collection":[{"href":"http:\/\/billys-reisen.de\/index.php?rest_route=\/wp\/v2\/pages"}],"about":[{"href":"http:\/\/billys-reisen.de\/index.php?rest_route=\/wp\/v2\/types\/page"}],"author":[{"embeddable":true,"href":"http:\/\/billys-reisen.de\/index.php?rest_route=\/wp\/v2\/users\/1"}],"replies":[{"embeddable":true,"href":"http:\/\/billys-reisen.de\/index.php?rest_route=%2Fwp%2Fv2%2Fcomments&post=78"}],"version-history":[{"count":16,"href":"http:\/\/billys-reisen.de\/index.php?rest_route=\/wp\/v2\/pages\/78\/revisions"}],"predecessor-version":[{"id":2252,"href":"http:\/\/billys-reisen.de\/index.php?rest_route=\/wp\/v2\/pages\/78\/revisions\/2252"}],"wp:attachment":[{"href":"http:\/\/billys-reisen.de\/index.php?rest_route=%2Fwp%2Fv2%2Fmedia&parent=78"}],"curies":[{"name":"wp","href":"https:\/\/api.w.org\/{rel}","templated":true}]}}