{"id":76,"date":"2011-03-30T00:12:51","date_gmt":"2011-03-29T22:12:51","guid":{"rendered":"http:\/\/new.billys-reisen.de\/?page_id=76"},"modified":"2015-06-26T23:26:52","modified_gmt":"2015-06-26T22:26:52","slug":"balkan","status":"publish","type":"page","link":"http:\/\/billys-reisen.de\/?page_id=76","title":{"rendered":"Balkan"},"content":{"rendered":"<h4 class=\"head4\">Einzelne Berichte von Billy:<\/h4>\n<ul class=\"Sonst_artikel\">\n<li>\n<pre><a title=\"Die bedr\u00e4ngte Republik Griechenland\" href=\"http:\/\/billys-reisen.de\/?page_id=229\">\"Die bedr\u00e4ngte Republik Griechenland\"<\/a>(2008)<\/pre>\n<\/li>\n<li>\n<pre><a title=\"Der rum\u00e4nische Adler zwischen Tiefschlaf und H\u00f6henflug\" href=\"http:\/\/billys-reisen.de\/?page_id=239\">\"Der rum\u00e4nische Adler zwischen Tiefschlaf und H\u00f6henflug\"<\/a> (2007)<\/pre>\n<\/li>\n<\/ul>\n<h4 class=\"head4\">Bereiste L\u00e4nder und Regionen:<\/h4>\n<ul class=\"laender\">\n<li><a href=\"http:\/\/billys-reisen.de\/?page_id=417\">Bosnien-Herzegowina \/ &#8222;Bosnisch-Kroatische F\u00f6deration&#8220;<\/a><\/li>\n<li>Bosnien-Herzegowina \/ &#8222;Serbenrepublik&#8220;<\/li>\n<li>Bulgarien<\/li>\n<li><a href=\"http:\/\/billys-reisen.de\/?page_id=229\">Griechenland<\/a><\/li>\n<li>Kroatien<\/li>\n<li>Mazedonien<\/li>\n<li><a href=\"http:\/\/billys-reisen.de\/?page_id=239\">Rum\u00e4nien<\/a><\/li>\n<li><a href=\"http:\/\/billys-reisen.de\/?page_id=494\">Serbien<\/a><\/li>\n<li>Slowenien<\/li>\n<li>Ungarn<\/li>\n<\/ul>\n<div id=\"attachment_2234\" style=\"width: 2602px\" class=\"wp-caption alignnone\"><a href=\"https:\/\/i0.wp.com\/billys-reisen.de\/wp-content\/uploads\/2011\/03\/DSCI0296.jpg\"><img data-recalc-dims=\"1\" loading=\"lazy\" decoding=\"async\" aria-describedby=\"caption-attachment-2234\" class=\"wp-image-2234 size-full\" src=\"https:\/\/i0.wp.com\/billys-reisen.de\/wp-content\/uploads\/2011\/03\/DSCI0296.jpg?resize=640%2C480\" alt=\"DSCI0296\" width=\"640\" height=\"480\" srcset=\"https:\/\/i0.wp.com\/billys-reisen.de\/wp-content\/uploads\/2011\/03\/DSCI0296.jpg?w=2592 2592w, https:\/\/i0.wp.com\/billys-reisen.de\/wp-content\/uploads\/2011\/03\/DSCI0296.jpg?resize=150%2C112 150w, https:\/\/i0.wp.com\/billys-reisen.de\/wp-content\/uploads\/2011\/03\/DSCI0296.jpg?resize=300%2C225 300w, https:\/\/i0.wp.com\/billys-reisen.de\/wp-content\/uploads\/2011\/03\/DSCI0296.jpg?resize=1024%2C768 1024w, https:\/\/i0.wp.com\/billys-reisen.de\/wp-content\/uploads\/2011\/03\/DSCI0296.jpg?w=1280 1280w, https:\/\/i0.wp.com\/billys-reisen.de\/wp-content\/uploads\/2011\/03\/DSCI0296.jpg?w=1920 1920w\" sizes=\"auto, (max-width: 640px) 100vw, 640px\" \/><\/a><p id=\"caption-attachment-2234\" class=\"wp-caption-text\">Nur einmal im Leben, weil zu teuer: Vor dem Parthenon der Athener Akropolis (2012)<\/p><\/div>\n","protected":false},"excerpt":{"rendered":"<p>Einzelne Berichte von Billy: &#8222;Die bedr\u00e4ngte Republik Griechenland&#8220;(2008) &#8222;Der rum\u00e4nische Adler zwischen Tiefschlaf und H\u00f6henflug&#8220; (2007) Bereiste L\u00e4nder und Regionen: Bosnien-Herzegowina \/ &#8222;Bosnisch-Kroatische F\u00f6deration&#8220; Bosnien-Herzegowina \/ &#8222;Serbenrepublik&#8220; Bulgarien Griechenland Kroatien Mazedonien Rum\u00e4nien Serbien Slowenien Ungarn<\/p>\n","protected":false},"author":1,"featured_media":0,"parent":0,"menu_order":0,"comment_status":"closed","ping_status":"closed","template":"","meta":{"footnotes":""},"class_list":["post-76","page","type-page","status-publish","hentry"],"jetpack_sharing_enabled":true,"_links":{"self":[{"href":"http:\/\/billys-reisen.de\/index.php?rest_route=\/wp\/v2\/pages\/76","targetHints":{"allow":["GET"]}}],"collection":[{"href":"http:\/\/billys-reisen.de\/index.php?rest_route=\/wp\/v2\/pages"}],"about":[{"href":"http:\/\/billys-reisen.de\/index.php?rest_route=\/wp\/v2\/types\/page"}],"author":[{"embeddable":true,"href":"http:\/\/billys-reisen.de\/index.php?rest_route=\/wp\/v2\/users\/1"}],"replies":[{"embeddable":true,"href":"http:\/\/billys-reisen.de\/index.php?rest_route=%2Fwp%2Fv2%2Fcomments&post=76"}],"version-history":[{"count":14,"href":"http:\/\/billys-reisen.de\/index.php?rest_route=\/wp\/v2\/pages\/76\/revisions"}],"predecessor-version":[{"id":2440,"href":"http:\/\/billys-reisen.de\/index.php?rest_route=\/wp\/v2\/pages\/76\/revisions\/2440"}],"wp:attachment":[{"href":"http:\/\/billys-reisen.de\/index.php?rest_route=%2Fwp%2Fv2%2Fmedia&parent=76"}],"curies":[{"name":"wp","href":"https:\/\/api.w.org\/{rel}","templated":true}]}}