{"id":442,"date":"2012-02-11T02:47:57","date_gmt":"2012-02-11T01:47:57","guid":{"rendered":"http:\/\/new.billys-reisen.de\/?page_id=442"},"modified":"2012-07-01T04:08:27","modified_gmt":"2012-07-01T03:08:27","slug":"afrika-serie-2010-im-srb","status":"publish","type":"page","link":"http:\/\/billys-reisen.de\/?page_id=442","title":{"rendered":"Afrika-Serie 2010\/2011 im &#8222;SRB&#8220;"},"content":{"rendered":"<ul class=\"Sonst_artikel\">\n<li><a title=\"Vorwort von J\u00f6rg Wagner\" href=\"http:\/\/billys-reisen.de\/?page_id=446\">Vorwort von J\u00f6rg Wagner<\/a><\/li>\n<li><a title=\"Teil 1: \u201cZwischen Hoffen und Bangen \u2013 Afrika ist immer f\u00fcr eine \u00dcberraschung gut\u201d\" href=\"http:\/\/billys-reisen.de\/?page_id=451\">Teil 1: &#8222;Zwischen Hoffen und Bangen&#8220;<\/a><\/li>\n<li><a title=\"Teil 2: \u201cSchwarzer Humor in der Vorstadt von Nairobi\u201d\" href=\"http:\/\/billys-reisen.de\/?page_id=456\">Teil 2: &#8222;Schwarzer Humor in der Vorstadt von Nairobi&#8220; (Kenia)<\/a><\/li>\n<li><a title=\"Teil 3: \u201cBlut, Schwei\u00df und Tr\u00e4nen\u201d\" href=\"http:\/\/billys-reisen.de\/?page_id=472\">Teil 3: &#8222;Blut, Schwei\u00df und Tr\u00e4nen&#8220; (Tansania)<\/a><\/li>\n<li><a title=\"Teil 4: \u201cExotische Existenzgr\u00fcndung\u201d\" href=\"http:\/\/billys-reisen.de\/?page_id=475\">Teil 4: &#8222;Exotische Existenzgr\u00fcndung&#8220; (Malawi)<\/a><\/li>\n<li><a title=\"Teil 5: \u201cFinstere M\u00e4chte am Mulanje\u201d\" href=\"http:\/\/billys-reisen.de\/?page_id=478\">Teil 5: &#8222;Finstere M\u00e4chte am Mulanje&#8220; (Malawi u. a.)<br \/>\n<\/a><\/li>\n<li><a title=\"Teil 6: \u201cSpitzel unter Palmen\u201d (Mosambik)\" href=\"http:\/\/billys-reisen.de\/?page_id=1124\">Teil 6: &#8222;Spitzel unter Palmen&#8220; (Mosambik)<\/a><\/li>\n<li><a title=\"Teil 7: \u201cVorbild f\u00fcr Afrika?\u201d (Swasiland)\" href=\"http:\/\/billys-reisen.de\/?page_id=1128\">Teil 7: &#8222;Vorbild f\u00fcr Afrika?&#8220; (Swasiland)<\/a><\/li>\n<li><a title=\"Teil 8: \u201cLeben ist billig\u201d (S\u00fcdafrika)\" href=\"http:\/\/billys-reisen.de\/?page_id=1132\">Teil 8: &#8222;Leben ist billig&#8220; (S\u00fcdafrika)<\/a><\/li>\n<li><a title=\"Teil 9: \u201cAbgesang am Witwatersrand\u201d (S\u00fcdafrika)\" href=\"http:\/\/billys-reisen.de\/?page_id=1136\">Teil 9: &#8222;Abgesang am Witwatersrand&#8220; (S\u00fcdafrika)<\/a><\/li>\n<li><a title=\"Sonderausgabe: \u201cAngola, der lange Weg zum Frieden\u201d\" href=\"http:\/\/billys-reisen.de\/?page_id=1143\">Sonderausgabe: &#8222;Angola, der lange Weg zum Frieden&#8220;<\/a><\/li>\n<li><a title=\"Teil 10: \u201cGoldrausch im Transvaal\u201d (S\u00fcdafrika)\" href=\"http:\/\/billys-reisen.de\/?page_id=1148\">Teil 10: &#8222;Goldrausch im Transvaal&#8220; (S\u00fcdafrika)<\/a><\/li>\n<li><a title=\"Teil 11: \u201cRhodesische \u00dcberraschung\u201d (Simbabwe)\" href=\"http:\/\/billys-reisen.de\/?page_id=1152\">Teil 11: &#8222;Rhodesische \u00dcberraschung&#8220; (Simbabwe)<\/a><\/li>\n<li><a title=\"Teil 12: \u201cWei\u00dfe Diaspora im Busch\u201d (Simbabwe)\" href=\"http:\/\/billys-reisen.de\/?page_id=1157\">Teil 12: &#8222;Wei\u00dfe Diaspora im Busch&#8220; (Simbabwe)<\/a><\/li>\n<li><a title=\"Teil 13: \u201cDie netten Seiten der Diktatur\u201d (Simbabwe)\" href=\"http:\/\/billys-reisen.de\/?page_id=1162\">Teil 13: &#8222;Die netten Seiten der Diktatur&#8220; (Simbabwe)<\/a><\/li>\n<li><a title=\"Teil 14: \u201cJesus lebt\u201d (S\u00fcdafrika)\" href=\"http:\/\/billys-reisen.de\/?page_id=1169\">Teil 14: &#8222;Jesus lebt&#8220; (S\u00fcdafrika)<\/a><\/li>\n<li><a title=\"Teil 15: \u201cEin wei\u00dfer Stamm in Afrika\u201d (S\u00fcdafrika)\" href=\"http:\/\/billys-reisen.de\/?page_id=1173\">Teil 15: &#8222;Ein wei\u00dfer Stamm in Afrika&#8220; (S\u00fcdafrika)<\/a><\/li>\n<li><a title=\"Teil 16: \u201c\u00dcber den Wolken\u201d (Lesotho)\" href=\"http:\/\/billys-reisen.de\/?page_id=1179\">Teil 16: &#8222;\u00dcber den Wolken&#8220; (Lesotho)<\/a><\/li>\n<li><a title=\"Teil 17: \u201cSpur der Steine\u201d (S\u00fcdafrika u. a.)\" href=\"http:\/\/billys-reisen.de\/?page_id=1184\">Teil 17: &#8222;Spur der Steine&#8220; (S\u00fcdafrika u. a.)<\/a><\/li>\n<li><a title=\"In eigener Sache\" href=\"http:\/\/billys-reisen.de\/?page_id=1190\">In eigener Sache<\/a><\/li>\n<li><a title=\"Teil 18: \u201cAm Ende der Welt\u201d (S\u00fcdafrika)\" href=\"http:\/\/billys-reisen.de\/?page_id=1193\">Teil 18: &#8222;Am Ende der Welt&#8220; (S\u00fcdafrika)<\/a><\/li>\n<li><a title=\"Teil 19: \u201cInnovation aus Afrika\u201d (S\u00fcdafrika)\" href=\"http:\/\/billys-reisen.de\/?page_id=1202\">Teil 19: &#8222;Innovation aus Afrika&#8220; (S\u00fcdafrika)<\/a><\/li>\n<li><a title=\"Teil 20: \u201cWir sind auf Leopardenjagd\u201d (Namibia)\" href=\"http:\/\/billys-reisen.de\/?page_id=1208\">Teil 20: &#8222;Wir sind auf Leopardenjagd&#8220; (Namibia)<\/a><\/li>\n<li><a title=\"Teilo 21: \u201cBrauner Dunst in Swakopmund\u201d (Namibia)\" href=\"http:\/\/billys-reisen.de\/?page_id=1213\">Teilo 21: &#8222;Brauner Dunst in Swakopmund&#8220; (Namibia)<\/a><\/li>\n<\/ul>\n","protected":false},"excerpt":{"rendered":"<p>Vorwort von J\u00f6rg Wagner Teil 1: &#8222;Zwischen Hoffen und Bangen&#8220; Teil 2: &#8222;Schwarzer Humor in der Vorstadt von Nairobi&#8220; (Kenia) Teil 3: &#8222;Blut, Schwei\u00df und Tr\u00e4nen&#8220; (Tansania) Teil 4: &#8222;Exotische Existenzgr\u00fcndung&#8220; (Malawi) Teil 5: &#8222;Finstere M\u00e4chte am Mulanje&#8220; (Malawi u. &hellip; <a href=\"http:\/\/billys-reisen.de\/?page_id=442\">Weiterlesen <span class=\"meta-nav\">&rarr;<\/span><\/a><\/p>\n","protected":false},"author":1,"featured_media":0,"parent":114,"menu_order":0,"comment_status":"closed","ping_status":"closed","template":"","meta":{"footnotes":""},"class_list":["post-442","page","type-page","status-publish","hentry"],"jetpack_sharing_enabled":true,"_links":{"self":[{"href":"http:\/\/billys-reisen.de\/index.php?rest_route=\/wp\/v2\/pages\/442","targetHints":{"allow":["GET"]}}],"collection":[{"href":"http:\/\/billys-reisen.de\/index.php?rest_route=\/wp\/v2\/pages"}],"about":[{"href":"http:\/\/billys-reisen.de\/index.php?rest_route=\/wp\/v2\/types\/page"}],"author":[{"embeddable":true,"href":"http:\/\/billys-reisen.de\/index.php?rest_route=\/wp\/v2\/users\/1"}],"replies":[{"embeddable":true,"href":"http:\/\/billys-reisen.de\/index.php?rest_route=%2Fwp%2Fv2%2Fcomments&post=442"}],"version-history":[{"count":26,"href":"http:\/\/billys-reisen.de\/index.php?rest_route=\/wp\/v2\/pages\/442\/revisions"}],"predecessor-version":[{"id":445,"href":"http:\/\/billys-reisen.de\/index.php?rest_route=\/wp\/v2\/pages\/442\/revisions\/445"}],"up":[{"embeddable":true,"href":"http:\/\/billys-reisen.de\/index.php?rest_route=\/wp\/v2\/pages\/114"}],"wp:attachment":[{"href":"http:\/\/billys-reisen.de\/index.php?rest_route=%2Fwp%2Fv2%2Fmedia&parent=442"}],"curies":[{"name":"wp","href":"https:\/\/api.w.org\/{rel}","templated":true}]}}