{"id":433,"date":"2012-02-11T02:44:56","date_gmt":"2012-02-11T01:44:56","guid":{"rendered":"http:\/\/new.billys-reisen.de\/?page_id=433"},"modified":"2012-06-15T20:58:56","modified_gmt":"2012-06-15T19:58:56","slug":"deutschland-magazin-4748-201006","status":"publish","type":"page","link":"http:\/\/billys-reisen.de\/?page_id=433","title":{"rendered":"&#8222;Deutschland-Magazin&#8220; 47\/48 vom Juni 2010"},"content":{"rendered":"<h4 class=\"head4\">Billys pers\u00f6nliche Erlebnisse zu den Gefahren um die WM in S\u00fcdafrika. Die Redaktion hat den Beitrag abge\u00e4ndert. <strong>Das Original finden Sie hier:<\/strong><\/h4>\n<p><a title=\"Dunkle Schatten \u00fcber der Fu\u00dfball-WM\" href=\"http:\/\/billys-reisen.de\/?page_id=918\">Dunkle Schatten \u00fcber der Fu\u00dfball-WM<\/a><\/p>\n<p>Herausgeber des &#8222;Deutschland Magazins&#8220; sind &#8222;Die Deutschen Konservativen e. V.&#8220; und Heinrich Lummer (Innensenator und Stellv. B\u00fcrgermeister von Berlin a. D.)<\/p>\n<p>Netzseite: <a class=\"underline\" href=\"http:\/\/www.konservative.de\" target=\"_blank\">www.konservative.de<\/a><\/p>\n<p>E-Post:<a class=\"underline\" href=\"mailto:info@konservative.de\">info@konservative.de<\/a><\/p>\n<p><![if !IE]><iframe loading=\"lazy\" src=\"http:\/\/docs.google.com\/viewer?url=http%3A%2F%2Fbillys-reisen.de%2Fwp-content%2Fuploads%2F2012%2F02%2F2010_Juni_Deutschl_Magazin_ab_WM.pdf&amp;embedded=true\" class=\"pdf\" frameborder=\"0\" style=\"height:500px;width:100%px;border:0\" width=\"100%\" height=\"500\"><\/iframe><![endif]><!--[if IE]><object width=\"100%\" height=\"500\" type=\"application\/pdf\" data=\"http:\/\/billys-reisen.de\/wp-content\/uploads\/2012\/02\/2010_Juni_Deutschl_Magazin_ab_WM.pdf\" class=\"pdf ie\">\n \n<div style=\"width:100%;height:500;text-align:center;background:#fff;color:#000;margin:0;border:0;padding:0\">Unable to display PDF<br \/><a href=\"http:\/\/billys-reisen.de\/wp-content\/uploads\/2012\/02\/2010_Juni_Deutschl_Magazin_ab_WM.pdf\">Click here to download<\/a><\/div>\n \n<\/object><![endif]--><\/p>\n","protected":false},"excerpt":{"rendered":"<p>Billys pers\u00f6nliche Erlebnisse zu den Gefahren um die WM in S\u00fcdafrika. Die Redaktion hat den Beitrag abge\u00e4ndert. Das Original finden Sie hier: Dunkle Schatten \u00fcber der Fu\u00dfball-WM Herausgeber des &#8222;Deutschland Magazins&#8220; sind &#8222;Die Deutschen Konservativen e. V.&#8220; und Heinrich Lummer &hellip; <a href=\"http:\/\/billys-reisen.de\/?page_id=433\">Weiterlesen <span class=\"meta-nav\">&rarr;<\/span><\/a><\/p>\n","protected":false},"author":1,"featured_media":0,"parent":114,"menu_order":0,"comment_status":"open","ping_status":"open","template":"","meta":{"footnotes":""},"class_list":["post-433","page","type-page","status-publish","hentry"],"jetpack_sharing_enabled":true,"_links":{"self":[{"href":"http:\/\/billys-reisen.de\/index.php?rest_route=\/wp\/v2\/pages\/433","targetHints":{"allow":["GET"]}}],"collection":[{"href":"http:\/\/billys-reisen.de\/index.php?rest_route=\/wp\/v2\/pages"}],"about":[{"href":"http:\/\/billys-reisen.de\/index.php?rest_route=\/wp\/v2\/types\/page"}],"author":[{"embeddable":true,"href":"http:\/\/billys-reisen.de\/index.php?rest_route=\/wp\/v2\/users\/1"}],"replies":[{"embeddable":true,"href":"http:\/\/billys-reisen.de\/index.php?rest_route=%2Fwp%2Fv2%2Fcomments&post=433"}],"version-history":[{"count":11,"href":"http:\/\/billys-reisen.de\/index.php?rest_route=\/wp\/v2\/pages\/433\/revisions"}],"predecessor-version":[{"id":916,"href":"http:\/\/billys-reisen.de\/index.php?rest_route=\/wp\/v2\/pages\/433\/revisions\/916"}],"up":[{"embeddable":true,"href":"http:\/\/billys-reisen.de\/index.php?rest_route=\/wp\/v2\/pages\/114"}],"wp:attachment":[{"href":"http:\/\/billys-reisen.de\/index.php?rest_route=%2Fwp%2Fv2%2Fmedia&parent=433"}],"curies":[{"name":"wp","href":"https:\/\/api.w.org\/{rel}","templated":true}]}}