{"id":2914,"date":"2021-02-08T22:28:27","date_gmt":"2021-02-08T20:28:27","guid":{"rendered":"http:\/\/billys-reisen.de\/?page_id=2914"},"modified":"2021-02-08T22:43:47","modified_gmt":"2021-02-08T20:43:47","slug":"auskunfts-klage-gegen-siemens-zum-venezuela-geschaeft-februar-bis-mai-2020","status":"publish","type":"page","link":"http:\/\/billys-reisen.de\/?page_id=2914","title":{"rendered":"Auskunfts-Klage gegen Siemens zum Venezuela-Gesch\u00e4ft &#8211; (Februar bis Mai 2020)"},"content":{"rendered":"\n<p><a href=\"https:\/\/www.facebook.com\/billy.six.35\/posts\/3059508677392657\">Billy von der Hauptversammlung der SIEMENS AG (05.02.2020)<\/a><\/p>\n\n\n\n<p><a href=\"http:\/\/billys-reisen.de\/wp-content\/uploads\/2021\/02\/2020_02_19-_-Klage-gegen-Siemens-_-publik.pdf\">Klage gegen die SIEMENS AG beim Landgericht M\u00fcnchen (19.02.2020)<\/a><\/p>\n\n\n\n<p><a href=\"http:\/\/billys-reisen.de\/wp-content\/uploads\/2021\/02\/2020_04_05-_-Billy-zu-Siemens-Reaktion-_-publik.pdf\">Billys Antwort auf den Schriftsatz der Gegenseite mit Ausz\u00fcgen desselben (vollst\u00e4ndige Ver\u00f6ffentlichung aus (c)-Gr\u00fcnden nicht m\u00f6glich, 05.04.2020)<\/a><\/p>\n\n\n\n<p><a href=\"http:\/\/billys-reisen.de\/wp-content\/uploads\/2021\/02\/2020_05_18-_-Beschluss.pdf\">Beschluss des Landgerichts M\u00fcnchen (18.05.2020)  <\/a><\/p>\n\n\n\n<p><a href=\"https:\/\/www.youtube.com\/watch?v=28cVv2oTeao\">Nach Joe Kaeser Abgang &#8211; im Gespr\u00e4ch mit MdB Petr Bystron (05.02.2021)<\/a><\/p>\n","protected":false},"excerpt":{"rendered":"<p>Billy von der Hauptversammlung der SIEMENS AG (05.02.2020) Klage gegen die SIEMENS AG beim Landgericht M\u00fcnchen (19.02.2020) Billys Antwort auf den Schriftsatz der Gegenseite mit Ausz\u00fcgen desselben (vollst\u00e4ndige Ver\u00f6ffentlichung aus (c)-Gr\u00fcnden nicht m\u00f6glich, 05.04.2020) Beschluss des Landgerichts M\u00fcnchen (18.05.2020) Nach &hellip; <a href=\"http:\/\/billys-reisen.de\/?page_id=2914\">Weiterlesen <span class=\"meta-nav\">&rarr;<\/span><\/a><\/p>\n","protected":false},"author":2,"featured_media":0,"parent":0,"menu_order":0,"comment_status":"closed","ping_status":"closed","template":"","meta":{"footnotes":""},"class_list":["post-2914","page","type-page","status-publish","hentry"],"jetpack_sharing_enabled":true,"_links":{"self":[{"href":"http:\/\/billys-reisen.de\/index.php?rest_route=\/wp\/v2\/pages\/2914","targetHints":{"allow":["GET"]}}],"collection":[{"href":"http:\/\/billys-reisen.de\/index.php?rest_route=\/wp\/v2\/pages"}],"about":[{"href":"http:\/\/billys-reisen.de\/index.php?rest_route=\/wp\/v2\/types\/page"}],"author":[{"embeddable":true,"href":"http:\/\/billys-reisen.de\/index.php?rest_route=\/wp\/v2\/users\/2"}],"replies":[{"embeddable":true,"href":"http:\/\/billys-reisen.de\/index.php?rest_route=%2Fwp%2Fv2%2Fcomments&post=2914"}],"version-history":[{"count":6,"href":"http:\/\/billys-reisen.de\/index.php?rest_route=\/wp\/v2\/pages\/2914\/revisions"}],"predecessor-version":[{"id":2929,"href":"http:\/\/billys-reisen.de\/index.php?rest_route=\/wp\/v2\/pages\/2914\/revisions\/2929"}],"wp:attachment":[{"href":"http:\/\/billys-reisen.de\/index.php?rest_route=%2Fwp%2Fv2%2Fmedia&parent=2914"}],"curies":[{"name":"wp","href":"https:\/\/api.w.org\/{rel}","templated":true}]}}