{"id":2747,"date":"2020-04-20T17:09:59","date_gmt":"2020-04-20T15:09:59","guid":{"rendered":"http:\/\/billys-reisen.de\/?page_id=2747"},"modified":"2024-07-18T02:52:16","modified_gmt":"2024-07-18T00:52:16","slug":"35-mord-im-himmel-abschuss-mh-17-ueber-der-ukraine-2014-2020","status":"publish","type":"page","link":"http:\/\/billys-reisen.de\/?page_id=2747","title":{"rendered":"(35) Mord im Himmel \u2013 Abschuss MH-17 \u00fcber der Ukraine (2014-2020)"},"content":{"rendered":"<p><a href=\"https:\/\/www.youtube.com\/watch?v=-X8pK4Cd1D0&amp;list=PLcnZSN8kzp5BomvTx5Wk7DMdWWGmrm485\">Medien-\u00dcbersicht<\/a> ( 2014 bis 2020 )<\/p>\n<p><a href=\"https:\/\/www.youtube.com\/watch?v=OvQ9wGbz7SE&amp;list=PLcnZSN8kzp5BomvTx5Wk7DMdWWGmrm485&amp;index=11\">Interview in News-Bericht<\/a> ( Ukrainisches TV-24, 26.04.2016 )<\/p>\n<p><a href=\"https:\/\/www.bbc.co.uk\/programmes\/b0791ns4\">&#8222;The Conspiracy Files&#8220; &#8211; Who Shot Down MH17?<\/a> ( Britische BBC, 03.05.2016 )<\/p>\n<p><a href=\"http:\/\/billys-reisen.de\/wp-content\/uploads\/2024\/07\/2024_07_17-_-MH17-Jahrestag-4-_-Compact-Censored.pdf\">Der Tag, als der Himmel brannte<\/a> ( Deutsches Compact Magazin, Monatsheft April 2020 )<\/p>\n<p>* Erg\u00e4nzung:<\/p>\n<p>Folgende (Nach-nach-)Korrekturen sind nicht mehr rechtzeitig eingegangen:<\/p>\n<p>&#8211; Ich war nicht einer der ersten auf dem Leichenfeld, kenne aber jene pers\u00f6nlich, die es waren. Selbst war ich 3 Monate vor Ort f\u00fcr die Ermittlung.<\/p>\n<p>&#8211; Die Ermittler haben nicht &#8222;eine Woche nach dem Abschuss&#8220; eine Version pr\u00e4sentiert, die der MIVD-Analyse widersprach. Das Papier des niederl\u00e4ndischen Geheimdienstes ist \u00fcber 2 Jahre nach dem Abschuss erstellt und \u00fcbermittelt worden. Der Datenanalyse zum Trotz wurde dann eine Woche sp\u00e4ter bei einer \u00f6ffentlichen Pr\u00e4sentation des JIT (28.09.2016) am alten Narrativ festgehalten.<\/p>\n<p>&#8211; Die Pressekonferenz &#8211; siehe Bildunterschrift &#8211; war auch nicht prim\u00e4r &#8222;mit russischen Journalisten&#8220; &#8230; es war eine niederl\u00e4ndische Pressekonferenz, bei der eine russische Journalistin neben einem britischen, einem niederl\u00e4ndischen Kollegen und mir vortrug.<\/p>\n<p align=\"LEFT\"><span style=\"font-family: Times New Roman, serif;\"><span style=\"font-size: x-large;\">\u00a0<\/span><\/span><\/p>\n\n\n<p><\/p>\n","protected":false},"excerpt":{"rendered":"<p>Medien-\u00dcbersicht ( 2014 bis 2020 ) Interview in News-Bericht ( Ukrainisches TV-24, 26.04.2016 ) &#8222;The Conspiracy Files&#8220; &#8211; Who Shot Down MH17? ( Britische BBC, 03.05.2016 ) Der Tag, als der Himmel brannte ( Deutsches Compact Magazin, Monatsheft April 2020 &hellip; <a href=\"http:\/\/billys-reisen.de\/?page_id=2747\">Weiterlesen <span class=\"meta-nav\">&rarr;<\/span><\/a><\/p>\n","protected":false},"author":2,"featured_media":0,"parent":0,"menu_order":0,"comment_status":"closed","ping_status":"closed","template":"","meta":{"footnotes":""},"class_list":["post-2747","page","type-page","status-publish","hentry"],"jetpack_sharing_enabled":true,"_links":{"self":[{"href":"http:\/\/billys-reisen.de\/index.php?rest_route=\/wp\/v2\/pages\/2747","targetHints":{"allow":["GET"]}}],"collection":[{"href":"http:\/\/billys-reisen.de\/index.php?rest_route=\/wp\/v2\/pages"}],"about":[{"href":"http:\/\/billys-reisen.de\/index.php?rest_route=\/wp\/v2\/types\/page"}],"author":[{"embeddable":true,"href":"http:\/\/billys-reisen.de\/index.php?rest_route=\/wp\/v2\/users\/2"}],"replies":[{"embeddable":true,"href":"http:\/\/billys-reisen.de\/index.php?rest_route=%2Fwp%2Fv2%2Fcomments&post=2747"}],"version-history":[{"count":6,"href":"http:\/\/billys-reisen.de\/index.php?rest_route=\/wp\/v2\/pages\/2747\/revisions"}],"predecessor-version":[{"id":3211,"href":"http:\/\/billys-reisen.de\/index.php?rest_route=\/wp\/v2\/pages\/2747\/revisions\/3211"}],"wp:attachment":[{"href":"http:\/\/billys-reisen.de\/index.php?rest_route=%2Fwp%2Fv2%2Fmedia&parent=2747"}],"curies":[{"name":"wp","href":"https:\/\/api.w.org\/{rel}","templated":true}]}}