{"id":2738,"date":"2020-04-08T17:35:57","date_gmt":"2020-04-08T15:35:57","guid":{"rendered":"http:\/\/billys-reisen.de\/?page_id=2738"},"modified":"2022-05-12T22:19:47","modified_gmt":"2022-05-12T20:19:47","slug":"die-halbwahrheiten-des-zdf-tv-aus-hirn-an-d-eng","status":"publish","type":"page","link":"http:\/\/billys-reisen.de\/?page_id=2738","title":{"rendered":"Die Halbwahrheiten des ZDF \u2013 TV aus, Hirn an! &#8211; (D., ENG.)"},"content":{"rendered":"<p><iframe loading=\"lazy\" title=\"Die Halbwahrheiten des ZDF \u2013 TV aus, Hirn an! - (D., ENG.)\" width=\"640\" height=\"360\" src=\"https:\/\/www.youtube.com\/embed\/DiihWUGPhow?feature=oembed\" frameborder=\"0\" allow=\"accelerometer; autoplay; clipboard-write; encrypted-media; gyroscope; picture-in-picture; web-share\" referrerpolicy=\"strict-origin-when-cross-origin\" allowfullscreen><\/iframe><\/p>\n<p>Es muss schon viel passieren, dass das milliardenschwere GEZ-Organ ZDF \u2013 scheinbar die (Z)entrale (D)er (F)akes \u2013 einen freien Journalisten angreift. Aktuelle Bilder aus den Krankenh\u00e4usern und kritische Stellungnahmen von Medizinern \u2013 das darf offenbar nicht sein. Und schon gar nicht objektive Daten-Vergleiche mit den Vorjahren. Die Systempresse will weiter Angst sch\u00fcren.<\/p>\n<p>Hier meine Gegendarstellung zum \u201eFakten-Check\u201c des bundesdeutschen Staatssenders, der ebenso wie YouTube nicht m\u00f6chte, dass sich die B\u00fcrger meine C*r*na-Videodokumentation selbst anschauen: <a href=\"https:\/\/www.facebook.com\/photo.php?fbid=3186675088009348&amp;set=a.704526929557522&amp;type=3&amp;theater\">https:\/\/www.facebook.com\/photo.php?fbid=3186675088009348&amp;set=a.704526929557522&amp;type=3&amp;theater<\/a><\/p>\n<p>Die Recherchen gingen derweil an einem ungew\u00f6hnlichen Tatort weiter: Dem Zentralen Omnibusbahnhof von Berlin. Hier finden \u2013 anders als vom ZDF behauptet \u2013 weiter Flix-Bus-Fahrten statt. Und auch an der Grenze zu Polen hat mich manch\u00b4 \u00dcberraschung erwartet&#8230;<\/p>\n<p>Es folgt eine Medien-Kritik \u2026 neu aufgedeckte L\u00fcgen, die unter die Haut gehen \u2026 und damit die notwendige Auseinandersetzung mit nie gew\u00e4hlten Machthabern, die \u00fcber unser Denken, F\u00fchlen und Handeln bestimmen.<\/p>\n<p>&#8211; &#8211; &#8211;<\/p>\n<p><span lang=\"en\">(ENG.) \u2013 Half truths &amp; lies of German system media \u2013 TV off, brain on!<\/span> \u2026.. I\u00b4m checking reports of the ZDF state channel and its mainstream partners \u2013 after intense attacks against my reporting on medics critical towards the c*r*na hype.<\/p>\n<p>&#8211; &#8211; &#8211;<\/p>\n<p>QUELLEN &#8211; ( sources ):<\/p>\n<p>\u2192 <a href=\"https:\/\/www.zdf.de\/nachrichten\/digitales\/coronavirus-faktencheck-billy-six-100.html?fbclid=IwAR15tRA8OmhHhA887DTmivKdk_obBK4IV-KqTTk5qHvn9NJr5ntcku5jWqc\" target=\"_blank\" rel=\"noopener noreferrer\">https:\/\/www.zdf.de\/nachrichten\/digitales\/coronavirus-faktencheck-billy-six-100.html<\/a> \u2013 ZDF vs. Billy<\/p>\n<p>\u2192 <a href=\"https:\/\/www.zdf.de\/nachrichten\/wirtschaft\/reaktion-auf-corona-krise-flixbus-stellt-betrieb-ein-100.html\">https:\/\/www.zdf.de\/nachrichten\/wirtschaft\/reaktion-auf-corona-krise-flixbus-stellt-betrieb-ein-100.html<\/a> \u2013 Flix-Bus-Meldung des ZDF<\/p>\n<p>\u2192 <a href=\"https:\/\/www.flixbus.de\/coronavirus-informationen\">https:\/\/www.flixbus.de\/coronavirus-informationen<\/a> \u2013 FlixBus informiert \u00fcber Polen-Reisen<\/p>\n<p>Meldungen zur \u201eSchlie\u00dfung\u201c der deutsch-polnischen Grenze: Vor allem die \u00dcberschriften sind irref\u00fchrend. Nur in einigen Texten wird nebenbei darauf hingewiesen, dass es sogar f\u00fcr Ausl\u00e4nder Ausnahmen gibt:<\/p>\n<p>\u2192 <a href=\"https:\/\/www.facebook.com\/watch\/?v=2574472756172144\">https:\/\/www.facebook.com\/watch\/?v=2574472756172144<\/a> \u2013 ZDF<\/p>\n<p>\u2192 <a href=\"https:\/\/www.zdf.de\/nachrichten\/politik\/coronavirus-daenemark-grenze-100.html\">https:\/\/www.zdf.de\/nachrichten\/politik\/coronavirus-daenemark-grenze-100.html<\/a> \u2013 ZDF<\/p>\n<p>\u2192 <a href=\"https:\/\/www.zeit.de\/video\/2020-03\/6141632282001\/covid-19-polen-schliesst-grenze-zu-deutschland\">https:\/\/www.zeit.de\/video\/2020-03\/6141632282001\/covid-19-polen-schliesst-grenze-zu-deutschland<\/a> \u2013 ZEIT<\/p>\n<p>\u2192 <a href=\"https:\/\/www.mdr.de\/sachsen\/bautzen\/goerlitz-weisswasser-zittau\/polen-grenzschliessung-goerlitz-zgorcelec-hagenwerder-100.html\">https:\/\/www.mdr.de\/sachsen\/bautzen\/goerlitz-weisswasser-zittau\/polen-grenzschliessung-goerlitz-zgorcelec-hagenwerder-100.html<\/a> \u2013 MDR<\/p>\n<p>\u2192 <a href=\"https:\/\/www.rnd.de\/gesundheit\/coronavirus-eindammung-deutsch-polnische-grenze-seit-mitternacht-geschlossen-AOW72Z7YQWIVRZBNWHERLZYE44.html\">https:\/\/www.rnd.de\/gesundheit\/coronavirus-eindammung-deutsch-polnische-grenze-seit-mitternacht-geschlossen-AOW72Z7YQWIVRZBNWHERLZYE44.html<\/a> \u2013 RND<\/p>\n<p>( Achtung: Texte k\u00f6nnten jetzt nachtr\u00e4glich angepasst worden sein. Zur Not bitte mit der \u201eWay-Back-Machine\u201c \u00fcberpr\u00fcfen. )<\/p>\n<p>\u2192 <a href=\"https:\/\/www.openstreetmap.org\/#map=4\/51.23\/23.99\">https:\/\/www.openstreetmap.org\/#map=4\/51.23\/23.99<\/a> \u2013 Karte<\/p>\n<p>Medien-Berichte zu deutschen Grenzkontrollen:<\/p>\n<p>\u2192 <a href=\"https:\/\/www.zdf.de\/nachrichten\/panorama\/sorge-vor-corona-ausbreitung-deutschland-macht-grenzen-dicht-100.html\">https:\/\/www.zdf.de\/nachrichten\/panorama\/sorge-vor-corona-ausbreitung-deutschland-macht-grenzen-dicht-100.html<\/a> \u2013 ZDF<\/p>\n<p>\u2192 <a href=\"https:\/\/www.tagesschau.de\/inland\/seehofer-genzkontrollen-101.html\">https:\/\/www.tagesschau.de\/inland\/seehofer-genzkontrollen-101.html<\/a> \u2013 tagesschau.de<\/p>\n<p>\u2192 <a href=\"https:\/\/www.spiegel.de\/politik\/coronavirus-grenzkontrollen-und-personalmangel-a-4b60ad48-9fd3-4f29-8e10-79d6a7edaded\">https:\/\/www.spiegel.de\/politik\/coronavirus-grenzkontrollen-und-personalmangel-a-4b60ad48-9fd3-4f29-8e10-79d6a7edaded<\/a> \u2013 Spiegel Online<\/p>\n<p>Traditionelle Medienl\u00fcgen:<\/p>\n<p>\u2192 <a href=\"https:\/\/www.spiegel.de\/politik\/ausland\/ukraine-kiew-meldet-einmarsch-von-1500-soldaten-a-1017479.html\">https:\/\/www.spiegel.de\/politik\/ausland\/ukraine-kiew-meldet-einmarsch-von-1500-soldaten-a-1017479.html<\/a> (russische Invasion in der Ukraine)<\/p>\n<p>\u2192 <a href=\"https:\/\/www.faz.net\/aktuell\/politik\/ausland\/putin-wir-muessen-die-krim-zurueck-zu-russland-zu-holen-13471719.html\">https:\/\/www.faz.net\/aktuell\/politik\/ausland\/putin-wir-muessen-die-krim-zurueck-zu-russland-zu-holen-13471719.html<\/a> (russische Invasion in der Ukraine)<\/p>\n<p>\u2192 <a href=\"http:\/\/blauerbote.com\/wp-content\/uploads\/2015\/02\/zdf_falschbild_georgien.png\">http:\/\/blauerbote.com\/wp-content\/uploads\/2015\/02\/zdf_falschbild_georgien.png<\/a> (russische Invasion in der Ukraine)<\/p>\n<p>\u2192 <a href=\"https:\/\/www.facebook.com\/stern\/photos\/a.10153416246539652\/10153314550194652\/?type=3&amp;theater\">https:\/\/www.facebook.com\/stern\/photos\/a.10153416246539652\/10153314550194652\/?type=3&amp;theater<\/a> (Fl\u00fcchtlinge retten)<\/p>\n<p>\u2192&nbsp;https:\/\/www.zdf.de\/nachrichten\/zdf-morgenmagazin\/rackete-handeln-statt-hoffen-100.html (Fl\u00fcchtlinge retten)<\/p>\n<p>\u2192 <a href=\"https:\/\/www.focus.de\/finanzen\/news\/staatsverschuldung\/schuldenkrise-warum-wir-griechenland-helfen-muessen_aid_647323.html\">https:\/\/www.focus.de\/finanzen\/news\/staatsverschuldung\/schuldenkrise-warum-wir-griechenland-helfen-muessen_aid_647323.html<\/a> (Griechenland helfen)<\/p>\n<p>\u2192 <a href=\"https:\/\/www.n-tv.de\/politik\/Libyen-bombardiert-Demonstranten-article2663351.html\">https:\/\/www.n-tv.de\/politik\/Libyen-bombardiert-Demonstranten-article2663351.html<\/a> (Gaddafi bombardiere Demonstranten)<\/p>\n<p>\u2192 <a href=\"https:\/\/www.sueddeutsche.de\/politik\/aufruhr-in-libyen-kampfjets-gegen-demonstranten-1.1063175\">https:\/\/www.sueddeutsche.de\/politik\/aufruhr-in-libyen-kampfjets-gegen-demonstranten-1.1063175<\/a> (Gaddafi bombardiere Demonstranten)<\/p>\n<p>\u2192 <a href=\"https:\/\/www.cicero.de\/innenpolitik\/christian-wulff-und-die-medien-eine-neuauflage-des-investiturstreits\/56879\">https:\/\/www.cicero.de\/innenpolitik\/christian-wulff-und-die-medien-eine-neuauflage-des-investiturstreits\/56879<\/a> (Wulff)<\/p>\n<p>ZDF-Journalisten bleiben zuhause:<\/p>\n<p>\u2192 <a href=\"https:\/\/www.zdf.de\/kinder\/logo\/wir-bleiben-zu-hause-100.html\">https:\/\/www.zdf.de\/kinder\/logo\/wir-bleiben-zu-hause-100.html<\/a><\/p>\n<p>Aktuelle Corona-L\u00fcgen:<\/p>\n<p>\u2192 Delfine in Venedig: Alle (Haupt-)Links wurden gel\u00f6scht oder ge\u00e4ndert. Hier ist noch ein Nebenlink verblieben: <a href=\"https:\/\/www.msn.com\/de-de\/video\/topvideos\/dank-corona-delfine-wieder-in-kan\u00e4len-von-venedig\/vp-BB11t9Mh\">https:\/\/www.msn.com\/de-de\/video\/topvideos\/dank-corona-delfine-wieder-in-kan%C3%A4len-von-venedig\/vp-BB11t9Mh<\/a><\/p>\n<p>\u2192 Aufkl\u00e4rung: <a href=\"https:\/\/www.nationalgeographic.de\/geschichte-und-kultur\/2020\/03\/venedig-delfinlos-virale-fakes-machen-falsche-hoffnung\">https:\/\/www.nationalgeographic.de\/geschichte-und-kultur\/2020\/03\/venedig-delfinlos-virale-fakes-machen-falsche-hoffnung<\/a><\/p>\n<p>\u2192 Turkmenistan habe Coronavirus verboten: <a href=\"https:\/\/www.n-tv.de\/der_tag\/Turkmenistan-verbietet-das-Coronavirus-article21683305.html\">https:\/\/www.n-tv.de\/der_tag\/Turkmenistan-verbietet-das-Coronavirus-article21683305.html<\/a> \u2026 <a href=\"https:\/\/www.cbsnews.com\/news\/coronavirus-turkmenistan-bans-word-coronavirus-arrest\/\">https:\/\/www.cbsnews.com\/news\/coronavirus-turkmenistan-bans-word-coronavirus-arrest\/<\/a> \u2026 <a href=\"https:\/\/taz.de\/Turkmenistan-verbietet-Corona\/!5673748\/\">https:\/\/taz.de\/Turkmenistan-verbietet-Corona\/!5673748\/<\/a> \u2026 <a href=\"https:\/\/www.spiegel.de\/politik\/ausland\/news-donald-trump-coronavirus-angela-merkel-ministerpraesidenten-a-c40d9479-5815-4fbf-9f7f-b3df76b65eec\">https:\/\/www.spiegel.de\/politik\/ausland\/news-donald-trump-coronavirus-angela-merkel-ministerpraesidenten-a-c40d9479-5815-4fbf-9f7f-b3df76b65eec<\/a><\/p>\n<p>\u2192 Aufkl\u00e4rung: <a href=\"https:\/\/russia.tmembassy.gov.tm\/ru\">https:\/\/russia.tmembassy.gov.tm\/ru<\/a> (Turkmenische Botschaft in Moskau) \u2026 <a href=\"http:\/\/tdh.gov.tm\/news\/articles.aspx&amp;article21909&amp;cat15\">http:\/\/tdh.gov.tm\/news\/articles.aspx&amp;article21909&amp;cat15<\/a> (staatliche Nachrichtenagentur von Turkmenistan) \u2026 <a href=\"https:\/\/eurasianet.org\/perspectives-turkmenistan-has-not-banned-coronavirus\">https:\/\/eurasianet.org\/perspectives-turkmenistan-has-not-banned-coronavirus<\/a> (Nachrichtenseite) \u2026 <a href=\"https:\/\/www.novastan.org\/de\/turkmenistan\/medienkritik-turkmenistan-hat-den-begriff-coronavirus-nicht-verboten\/\">https:\/\/www.novastan.org\/de\/turkmenistan\/medienkritik-turkmenistan-hat-den-begriff-coronavirus-nicht-verboten\/<\/a> (Nachrichtenseite)<\/p>\n<p>\u2192 Identische Krankenhaus-Einblicke wurden verschiedenen Orten zugeordnet: <a href=\"https:\/\/www.washingtontimes.com\/news\/2020\/mar\/31\/cbs-news-airs-footage-of-overrun-italian-hospital-\/\">https:\/\/www.washingtontimes.com\/news\/2020\/mar\/31\/cbs-news-airs-footage-of-overrun-italian-hospital-\/<\/a> (Aufkl\u00e4rung) \u2026 Ich habe keine Links mehr zu den Originalver\u00f6ffentlichungen gefunden.<\/p>\n<p>\u2192 Flix-Bus-Geschichte: <a href=\"https:\/\/www.n-tv.de\/wirtschaft\/Flixbusse-fahren-erst-mal-nicht-mehr-article21648340.html\">https:\/\/www.n-tv.de\/wirtschaft\/Flixbusse-fahren-erst-mal-nicht-mehr-article21648340.html<\/a> \u2026 Auch n-tv hat von dpa\/ZDF abgeschrieben, aber den Text ein wenig angepasst, damit es nicht so auff\u00e4llt.<\/p>\n<p>( Achtung: Texte k\u00f6nnten jetzt nachtr\u00e4glich angepasst worden sein. Zur Not bitte mit der \u201eWay-Back-Machine\u201c \u00fcberpr\u00fcfen. )<\/p>\n","protected":false},"excerpt":{"rendered":"<p>Es muss schon viel passieren, dass das milliardenschwere GEZ-Organ ZDF \u2013 scheinbar die (Z)entrale (D)er (F)akes \u2013 einen freien Journalisten angreift. Aktuelle Bilder aus den Krankenh\u00e4usern und kritische Stellungnahmen von Medizinern \u2013 das darf offenbar nicht sein. Und schon gar &hellip; <a href=\"http:\/\/billys-reisen.de\/?page_id=2738\">Weiterlesen <span class=\"meta-nav\">&rarr;<\/span><\/a><\/p>\n","protected":false},"author":2,"featured_media":0,"parent":0,"menu_order":0,"comment_status":"closed","ping_status":"closed","template":"","meta":{"footnotes":""},"class_list":["post-2738","page","type-page","status-publish","hentry"],"jetpack_sharing_enabled":true,"_links":{"self":[{"href":"http:\/\/billys-reisen.de\/index.php?rest_route=\/wp\/v2\/pages\/2738","targetHints":{"allow":["GET"]}}],"collection":[{"href":"http:\/\/billys-reisen.de\/index.php?rest_route=\/wp\/v2\/pages"}],"about":[{"href":"http:\/\/billys-reisen.de\/index.php?rest_route=\/wp\/v2\/types\/page"}],"author":[{"embeddable":true,"href":"http:\/\/billys-reisen.de\/index.php?rest_route=\/wp\/v2\/users\/2"}],"replies":[{"embeddable":true,"href":"http:\/\/billys-reisen.de\/index.php?rest_route=%2Fwp%2Fv2%2Fcomments&post=2738"}],"version-history":[{"count":3,"href":"http:\/\/billys-reisen.de\/index.php?rest_route=\/wp\/v2\/pages\/2738\/revisions"}],"predecessor-version":[{"id":2981,"href":"http:\/\/billys-reisen.de\/index.php?rest_route=\/wp\/v2\/pages\/2738\/revisions\/2981"}],"wp:attachment":[{"href":"http:\/\/billys-reisen.de\/index.php?rest_route=%2Fwp%2Fv2%2Fmedia&parent=2738"}],"curies":[{"name":"wp","href":"https:\/\/api.w.org\/{rel}","templated":true}]}}