{"id":2686,"date":"2018-06-26T21:08:09","date_gmt":"2018-06-26T19:08:09","guid":{"rendered":"http:\/\/billys-reisen.de\/?page_id=2686"},"modified":"2019-08-26T20:42:27","modified_gmt":"2019-08-26T18:42:27","slug":"2686-2","status":"publish","type":"page","link":"http:\/\/billys-reisen.de\/?page_id=2686","title":{"rendered":"S\u00fcdamerika: B\u00f6ses Erwachen aus linken Tr\u00e4umen (2017\/18)"},"content":{"rendered":"<p>(1) <a href=\"http:\/\/billys-reisen.de\/wp-content\/uploads\/2018\/06\/2017_07_07_JF_Venezuela.pdf\">Volksaufruhr in Venezuela &#8211; &#8222;Dann ziehen wir in den Krieg&#8220; &#8211; JUNGE FREIHEIT, 07.07.17<\/a><\/p>\n<p>(2) <a href=\"http:\/\/billys-reisen.de\/wp-content\/uploads\/2018\/06\/2018_05_25-_-JF-zur-Wahl-in-Venezuela.pdf\">Wahlen in Venezuela &#8211; JUNGE FREIHEIT, 25.05.18 (unten)<\/a><\/p>\n<p>(3) <a href=\"http:\/\/billys-reisen.de\/wp-content\/uploads\/2018\/06\/2018_06_22-_-FARC-Report-f\u00fcr-JF.pdf\">Besuch bei der FARC &#8211; &#8222;Aus Terroristen sollen Demokraten werden&#8220; &#8211; JUNGE FREIHEIT, 22.06.18<\/a><\/p>\n<p>(4) <a href=\"http:\/\/billys-reisen.de\/wp-content\/uploads\/2018\/06\/2018_07-_-Venezuela-Links-macht-arm-u.-unfrei-im-DM.pdf\">&#8222;LINKS MACHT ARM &amp; UNFREI&#8220; &#8211; Venezuela am Abgrund &#8211; DEUTSCHLAND-MAGAZIN, Juli 18<\/a><\/p>\n<p>(5) <a href=\"http:\/\/billys-reisen.de\/wp-content\/uploads\/2018\/06\/2018_07-_-Venezuela-Lebensgeschichte-PETER-FLEMM-im-DM.pdf\">&#8222;Junge, einen alten Baum verpflanzt man nicht&#8220; &#8211; Lebensgeschichte d. dt. Auswanderers Peter F. &#8211; DEUTSCHLAND-MAGAZIN, Juli 18<\/a><\/p>\n<p>(6) <a href=\"http:\/\/billys-reisen.de\/wp-content\/uploads\/2018\/06\/2018_08_10-_-JF-Exodus-aus-Venezuela.pdf\">Exodus aus Venezuela &#8211; &#8222;Au\u00dfer Kontrolle geraten&#8220; &#8211; JUNGE FREIHEIT, 10.08.18<\/a><\/p>\n<p>(7) <a href=\"http:\/\/billys-reisen.de\/?p=2716\">Aufruhr in Venezuela &#8211; JUNGE FREIHEIT, 10.05.2019<\/a><\/p>\n<p>(8) <a href=\"http:\/\/billys-reisen.de\/wp-content\/uploads\/2019\/08\/2019_07-_-DM-_-Argentinien-Wo-jeder-nur-an-sich-denkt-da-denkt-sie-an-die-Verlorenen.pdf\">Argentinien: Hilfsaktion im Ghetto des Diego Maradona &#8211; DEUTSCHLAND-MAGAZIN, Juli 2019<\/a><\/p>\n<p>(9) <a href=\"http:\/\/billys-reisen.de\/wp-content\/uploads\/2019\/08\/2019_07-_-DM-_-Venezuela-SPD-Au\u00dfenpolitik-hat-mein-Leben-gef\u00e4hrdet.pdf\">Venezuela: &#8222;SPD-Au\u00dfenpolitik hat mein Leben gef\u00e4hrdet&#8220; &#8211; DEUTSCHLAND-MAGAZIN, Juli 2019<\/a><\/p>\n<p>(10) <a href=\"https:\/\/www.deutschland-kurier.org\/deutscher-journalist-in-venezolanischem-knast-afd-anfrage-enthuellt-spd-staatsminister-belog-das-deutsche-parlament\/?fbclid=IwAR1vsbWwj6m1lAYQANInjyl4tbhv8XGfOS7xucAwtlZaZnC7KGvW0uHsx3o\">Deutscher Journalist in venezolanischem Knast \u2013 AfD-Anfrage enth\u00fcllt: SPD-Staatsminister belog das deutsche Parlament! &#8212; DEUTSCHLAND-KURIER, 20.08.19<\/a><\/p>\n","protected":false},"excerpt":{"rendered":"<p>(1) Volksaufruhr in Venezuela &#8211; &#8222;Dann ziehen wir in den Krieg&#8220; &#8211; JUNGE FREIHEIT, 07.07.17 (2) Wahlen in Venezuela &#8211; JUNGE FREIHEIT, 25.05.18 (unten) (3) Besuch bei der FARC &#8211; &#8222;Aus Terroristen sollen Demokraten werden&#8220; &#8211; JUNGE FREIHEIT, 22.06.18 (4) &hellip; <a href=\"http:\/\/billys-reisen.de\/?page_id=2686\">Weiterlesen <span class=\"meta-nav\">&rarr;<\/span><\/a><\/p>\n","protected":false},"author":2,"featured_media":0,"parent":0,"menu_order":0,"comment_status":"closed","ping_status":"closed","template":"","meta":{"footnotes":""},"class_list":["post-2686","page","type-page","status-publish","hentry"],"jetpack_sharing_enabled":true,"_links":{"self":[{"href":"http:\/\/billys-reisen.de\/index.php?rest_route=\/wp\/v2\/pages\/2686","targetHints":{"allow":["GET"]}}],"collection":[{"href":"http:\/\/billys-reisen.de\/index.php?rest_route=\/wp\/v2\/pages"}],"about":[{"href":"http:\/\/billys-reisen.de\/index.php?rest_route=\/wp\/v2\/types\/page"}],"author":[{"embeddable":true,"href":"http:\/\/billys-reisen.de\/index.php?rest_route=\/wp\/v2\/users\/2"}],"replies":[{"embeddable":true,"href":"http:\/\/billys-reisen.de\/index.php?rest_route=%2Fwp%2Fv2%2Fcomments&post=2686"}],"version-history":[{"count":15,"href":"http:\/\/billys-reisen.de\/index.php?rest_route=\/wp\/v2\/pages\/2686\/revisions"}],"predecessor-version":[{"id":2718,"href":"http:\/\/billys-reisen.de\/index.php?rest_route=\/wp\/v2\/pages\/2686\/revisions\/2718"}],"wp:attachment":[{"href":"http:\/\/billys-reisen.de\/index.php?rest_route=%2Fwp%2Fv2%2Fmedia&parent=2686"}],"curies":[{"name":"wp","href":"https:\/\/api.w.org\/{rel}","templated":true}]}}