{"id":2,"date":"2011-03-22T09:31:04","date_gmt":"2011-03-22T09:31:04","guid":{"rendered":""},"modified":"2022-04-06T07:33:09","modified_gmt":"2022-04-06T05:33:09","slug":"startseite","status":"publish","type":"page","link":"http:\/\/billys-reisen.de\/","title":{"rendered":"Startseite"},"content":{"rendered":"<h1 style=\"text-align: center;\">&#8211; Willkommen, Welcome, Bienvenue &#8211;<\/h1>\n<p style=\"text-align: center;\"><a href=\"http:\/\/billys-reisen.de\/?p=2823\">AKTUELLES: Billy unterwegs &#8212;&gt; T a g e b u c h\u00a0<\/a><\/p>\n<p style=\"text-align: center;\">Buchvorstellung&#8230;<\/p>\n<p style=\"text-align: center;\"><a href=\"https:\/\/i0.wp.com\/billys-reisen.de\/wp-content\/uploads\/2011\/03\/IMG_1498.jpg\"><img data-recalc-dims=\"1\" loading=\"lazy\" decoding=\"async\" class=\"aligncenter wp-image-2163 size-large\" src=\"https:\/\/i0.wp.com\/billys-reisen.de\/wp-content\/uploads\/2011\/03\/IMG_1498.jpg?resize=640%2C480\" alt=\"IMG_1498\" width=\"640\" height=\"480\" srcset=\"https:\/\/i0.wp.com\/billys-reisen.de\/wp-content\/uploads\/2011\/03\/IMG_1498.jpg?resize=1024%2C768 1024w, https:\/\/i0.wp.com\/billys-reisen.de\/wp-content\/uploads\/2011\/03\/IMG_1498.jpg?resize=150%2C112 150w, https:\/\/i0.wp.com\/billys-reisen.de\/wp-content\/uploads\/2011\/03\/IMG_1498.jpg?resize=300%2C225 300w, https:\/\/i0.wp.com\/billys-reisen.de\/wp-content\/uploads\/2011\/03\/IMG_1498.jpg?w=1280 1280w, https:\/\/i0.wp.com\/billys-reisen.de\/wp-content\/uploads\/2011\/03\/IMG_1498.jpg?w=1920 1920w\" sizes=\"auto, (max-width: 640px) 100vw, 640px\" \/><\/a>&#8222;Marsch ins Ungewisse &#8211; gefangen im Syrien-Krieg&#8220;<\/p>\n<p style=\"text-align: center;\">&#8211; Billy Six &amp;\u00a0Peter Scholl-Latour &#8230; Buch-Signatur auf Anfrage &#8211;<\/p>\n<p style=\"text-align: center;\">Billy(at)six-newhagen.de<\/p>\n<p><iframe loading=\"lazy\" title=\"Interview mit Billy Six\" width=\"640\" height=\"360\" src=\"https:\/\/www.youtube.com\/embed\/ba8-DabO1_A?list=PLcnZSN8kzp5BlF46x22hkhjFqnP0Km9Vn\" frameborder=\"0\" allow=\"accelerometer; autoplay; clipboard-write; encrypted-media; gyroscope; picture-in-picture; web-share\" referrerpolicy=\"strict-origin-when-cross-origin\" allowfullscreen><\/iframe><\/p>\n<h2 style=\"text-align: center;\">&#8211; &#8211; &#8211;<\/h2>\n<p>M\u00e4rz 2020: Von YouTube gel\u00f6schte Doku zur &#8222;Corona-Krise&#8220; aus Berliner Krankenh\u00e4usern &amp; Stellungnahmen von \u00c4rzten &#8211; verboten!<\/p>\n<p style=\"text-align: center;\">Hintergr\u00fcnde: <a href=\"https:\/\/t.me\/billsix\/1164\">https:\/\/t.me\/billsix\/1164\u00a0<\/a><\/p>\n<p style=\"text-align: center;\"><a href=\"https:\/\/i0.wp.com\/billys-reisen.de\/wp-content\/uploads\/2011\/03\/Thumbnail-2.jpg\"><img data-recalc-dims=\"1\" loading=\"lazy\" decoding=\"async\" class=\"alignleft size-large wp-image-2727\" src=\"https:\/\/i0.wp.com\/billys-reisen.de\/wp-content\/uploads\/2011\/03\/Thumbnail-2.jpg?resize=640%2C360\" alt=\"\" width=\"640\" height=\"360\" srcset=\"https:\/\/i0.wp.com\/billys-reisen.de\/wp-content\/uploads\/2011\/03\/Thumbnail-2.jpg?resize=1024%2C576 1024w, https:\/\/i0.wp.com\/billys-reisen.de\/wp-content\/uploads\/2011\/03\/Thumbnail-2.jpg?resize=150%2C84 150w, https:\/\/i0.wp.com\/billys-reisen.de\/wp-content\/uploads\/2011\/03\/Thumbnail-2.jpg?resize=300%2C169 300w, https:\/\/i0.wp.com\/billys-reisen.de\/wp-content\/uploads\/2011\/03\/Thumbnail-2.jpg?resize=768%2C432 768w, https:\/\/i0.wp.com\/billys-reisen.de\/wp-content\/uploads\/2011\/03\/Thumbnail-2.jpg?w=1920 1920w, https:\/\/i0.wp.com\/billys-reisen.de\/wp-content\/uploads\/2011\/03\/Thumbnail-2.jpg?w=1280 1280w\" sizes=\"auto, (max-width: 640px) 100vw, 640px\" \/><\/a><\/p>\n<h2 style=\"text-align: center;\"><\/h2>\n<p style=\"text-align: center;\"><a href=\"https:\/\/i0.wp.com\/billys-reisen.de\/wp-content\/uploads\/2022\/04\/photo_2022-02-23_14-59-33.jpg\"><img data-recalc-dims=\"1\" loading=\"lazy\" decoding=\"async\" class=\"alignleft size-large wp-image-2966\" src=\"https:\/\/i0.wp.com\/billys-reisen.de\/wp-content\/uploads\/2022\/04\/photo_2022-02-23_14-59-33.jpg?resize=640%2C483\" alt=\"\" width=\"640\" height=\"483\" srcset=\"https:\/\/i0.wp.com\/billys-reisen.de\/wp-content\/uploads\/2022\/04\/photo_2022-02-23_14-59-33.jpg?resize=1024%2C773 1024w, https:\/\/i0.wp.com\/billys-reisen.de\/wp-content\/uploads\/2022\/04\/photo_2022-02-23_14-59-33.jpg?resize=300%2C226 300w, https:\/\/i0.wp.com\/billys-reisen.de\/wp-content\/uploads\/2022\/04\/photo_2022-02-23_14-59-33.jpg?resize=150%2C113 150w, https:\/\/i0.wp.com\/billys-reisen.de\/wp-content\/uploads\/2022\/04\/photo_2022-02-23_14-59-33.jpg?resize=768%2C580 768w, https:\/\/i0.wp.com\/billys-reisen.de\/wp-content\/uploads\/2022\/04\/photo_2022-02-23_14-59-33.jpg?w=1138 1138w\" sizes=\"auto, (max-width: 640px) 100vw, 640px\" \/><\/a><a href=\"http:\/\/billys-reisen.de\/?page_id=2738\">Die Halbwahrheiten des ZDF \u2013 TV aus, Hirn an! &#8211; (D., ENG.)<\/a><\/p>\n<h2 style=\"text-align: center;\">&#8211; &#8211; &#8211;<\/h2>\n<p style=\"text-align: center;\">Per Anhalter durch Afrika<\/p>\n<h2 style=\"text-align: center;\"><a href=\"http:\/\/billys-reisen.de\/?attachment_id=1014\" rel=\"attachment wp-att-1014\"><img data-recalc-dims=\"1\" loading=\"lazy\" decoding=\"async\" class=\"aligncenter wp-image-1014\" title=\"Foto Billy und Benno in Namibia 2008\" src=\"https:\/\/i0.wp.com\/billys-reisen.de\/wp-content\/uploads\/2011\/03\/Foto-Billy-und-Benno-in-Namibia-2008.jpg?resize=461%2C346\" alt=\"\" width=\"461\" height=\"346\" srcset=\"https:\/\/i0.wp.com\/billys-reisen.de\/wp-content\/uploads\/2011\/03\/Foto-Billy-und-Benno-in-Namibia-2008.jpg?w=640 640w, https:\/\/i0.wp.com\/billys-reisen.de\/wp-content\/uploads\/2011\/03\/Foto-Billy-und-Benno-in-Namibia-2008.jpg?resize=150%2C112 150w, https:\/\/i0.wp.com\/billys-reisen.de\/wp-content\/uploads\/2011\/03\/Foto-Billy-und-Benno-in-Namibia-2008.jpg?resize=300%2C225 300w\" sizes=\"auto, (max-width: 461px) 100vw, 461px\" \/><\/a><\/h2>\n<p style=\"text-align: center;\">*<\/p>\n<h2 style=\"text-align: center;\"><strong><span style=\"color: #000000;\"><a title=\"Ist der Billy noch am Leben?\" href=\"http:\/\/billys-reisen.de\/?page_id=1005\" rel=\"attachment wp-att-1000\"><span style=\"color: #000000;\">Ist der Billy noch am Leben?<\/span><\/a><\/span><\/strong><\/h2>\n<p style=\"text-align: center;\">*<\/p>\n<h2 style=\"text-align: center;\"><img data-recalc-dims=\"1\" loading=\"lazy\" decoding=\"async\" class=\"aligncenter\" style=\"border: 4px solid black; margin-top: -20px; margin-bottom: -20px;\" src=\"https:\/\/i0.wp.com\/billys-reisen.de\/wp-content\/uploads\/2014\/09\/IMG_7709.jpg?resize=318%2C239\" alt=\"\" width=\"318\" height=\"239\" \/><\/h2>\n<h2 style=\"text-align: center;\"><a title=\"Detektivarbeit: Tod auf dem Maidan\" href=\"http:\/\/billys-reisen.de\/?p=2012\"><span style=\"color: #000000;\"><strong>Detektivarbeit: Tod auf dem Maidan<\/strong><\/span><\/a><\/h2>\n<p style=\"text-align: center;\">*<\/p>\n<h6 style=\"text-align: center;\"><a href=\"http:\/\/billys-reisen.de\/?attachment_id=1000\" rel=\"attachment wp-att-1000\"><img data-recalc-dims=\"1\" loading=\"lazy\" decoding=\"async\" class=\" wp-image-1000 aligncenter\" style=\"border: 4px solid black; margin-top: -20px; margin-bottom: -20px;\" title=\"tahrer 396 - Billy hat Lutscher gebracht\" src=\"https:\/\/i0.wp.com\/billys-reisen.de\/wp-content\/uploads\/2011\/03\/tahrer-396-Billy-hat-Lutscher-gebracht2.jpg?resize=300%2C223\" alt=\"\" width=\"300\" height=\"223\" srcset=\"https:\/\/i0.wp.com\/billys-reisen.de\/wp-content\/uploads\/2011\/03\/tahrer-396-Billy-hat-Lutscher-gebracht2.jpg?resize=300%2C223 300w, https:\/\/i0.wp.com\/billys-reisen.de\/wp-content\/uploads\/2011\/03\/tahrer-396-Billy-hat-Lutscher-gebracht2.jpg?resize=150%2C111 150w, https:\/\/i0.wp.com\/billys-reisen.de\/wp-content\/uploads\/2011\/03\/tahrer-396-Billy-hat-Lutscher-gebracht2.jpg?resize=1024%2C763 1024w, https:\/\/i0.wp.com\/billys-reisen.de\/wp-content\/uploads\/2011\/03\/tahrer-396-Billy-hat-Lutscher-gebracht2.jpg?w=1280 1280w, https:\/\/i0.wp.com\/billys-reisen.de\/wp-content\/uploads\/2011\/03\/tahrer-396-Billy-hat-Lutscher-gebracht2.jpg?w=1920 1920w\" sizes=\"auto, (max-width: 300px) 100vw, 300px\" \/><\/a><\/h6>\n<h2 style=\"text-align: center;\"><strong><span style=\"color: #000000;\"><a title=\"Was ist los in Syrien?\" href=\"http:\/\/billys-reisen.de\/?page_id=780\"><span style=\"color: #000000;\">Arabellion &#8211; Per Anhalter durch die Revolution<\/span><\/a><\/span><\/strong><\/h2>\n<p style=\"text-align: center;\">*<\/p>\n<p><img data-recalc-dims=\"1\" loading=\"lazy\" decoding=\"async\" class=\"size-medium wp-image-1001 aligncenter\" style=\"border: 4px solid black; margin-top: -20px; margin-bottom: -20px;\" title=\"HPIM5185_r1\" src=\"https:\/\/i0.wp.com\/billys-reisen.de\/wp-content\/uploads\/2011\/03\/HPIM5185_r1.jpg?resize=223%2C300\" alt=\"\" width=\"223\" height=\"300\" srcset=\"https:\/\/i0.wp.com\/billys-reisen.de\/wp-content\/uploads\/2011\/03\/HPIM5185_r1.jpg?resize=223%2C300 223w, https:\/\/i0.wp.com\/billys-reisen.de\/wp-content\/uploads\/2011\/03\/HPIM5185_r1.jpg?resize=111%2C150 111w, https:\/\/i0.wp.com\/billys-reisen.de\/wp-content\/uploads\/2011\/03\/HPIM5185_r1.jpg?resize=763%2C1024 763w, https:\/\/i0.wp.com\/billys-reisen.de\/wp-content\/uploads\/2011\/03\/HPIM5185_r1.jpg?w=1920 1920w, https:\/\/i0.wp.com\/billys-reisen.de\/wp-content\/uploads\/2011\/03\/HPIM5185_r1.jpg?w=1280 1280w\" sizes=\"auto, (max-width: 223px) 100vw, 223px\" \/><\/p>\n<h2 style=\"text-align: center;\"><span style=\"color: #000000;\"><strong><a title=\"Protest gegen B\u00fcrokratie: 33 Tage ohne Essen\" href=\"http:\/\/billys-reisen.de\/?page_id=857\"><span style=\"color: #000000;\">Hungermarsch &#8211; 1.010 km durch Deutschland<\/span><\/a><\/strong><\/span><\/h2>\n<h2><\/h2>\n<h2 style=\"text-align: left;\"><\/h2>\n<h2><span style=\"font-size: 20px; color: red;\"><a href=\"https:\/\/i0.wp.com\/billys-reisen.de\/wp-content\/uploads\/2011\/03\/baustelle.gif\"><img data-recalc-dims=\"1\" loading=\"lazy\" decoding=\"async\" class=\"alignnone size-full wp-image-18\" title=\"baustelle\" src=\"https:\/\/i0.wp.com\/billys-reisen.de\/wp-content\/uploads\/2011\/03\/baustelle.gif?resize=73%2C150\" alt=\"\" width=\"73\" height=\"150\" \/><\/a><\/span><span style=\"color: #ff0000;\">Hier ist es wie im wahren Leben &#8230; st\u00e4ndig BAUSTELLE !!!<\/span><\/h2>\n","protected":false},"excerpt":{"rendered":"<p>&#8211; Willkommen, Welcome, Bienvenue &#8211; AKTUELLES: Billy unterwegs &#8212;&gt; T a g e b u c h\u00a0 Buchvorstellung&#8230; &#8222;Marsch ins Ungewisse &#8211; gefangen im Syrien-Krieg&#8220; &#8211; Billy Six &amp;\u00a0Peter Scholl-Latour &#8230; Buch-Signatur auf Anfrage &#8211; Billy(at)six-newhagen.de &#8211; &#8211; &#8211; M\u00e4rz &hellip; <a href=\"http:\/\/billys-reisen.de\/\">Weiterlesen <span class=\"meta-nav\">&rarr;<\/span><\/a><\/p>\n","protected":false},"author":1,"featured_media":101,"parent":0,"menu_order":0,"comment_status":"closed","ping_status":"closed","template":"","meta":{"footnotes":""},"class_list":["post-2","page","type-page","status-publish","has-post-thumbnail","hentry"],"jetpack_sharing_enabled":true,"_links":{"self":[{"href":"http:\/\/billys-reisen.de\/index.php?rest_route=\/wp\/v2\/pages\/2","targetHints":{"allow":["GET"]}}],"collection":[{"href":"http:\/\/billys-reisen.de\/index.php?rest_route=\/wp\/v2\/pages"}],"about":[{"href":"http:\/\/billys-reisen.de\/index.php?rest_route=\/wp\/v2\/types\/page"}],"author":[{"embeddable":true,"href":"http:\/\/billys-reisen.de\/index.php?rest_route=\/wp\/v2\/users\/1"}],"replies":[{"embeddable":true,"href":"http:\/\/billys-reisen.de\/index.php?rest_route=%2Fwp%2Fv2%2Fcomments&post=2"}],"version-history":[{"count":93,"href":"http:\/\/billys-reisen.de\/index.php?rest_route=\/wp\/v2\/pages\/2\/revisions"}],"predecessor-version":[{"id":2974,"href":"http:\/\/billys-reisen.de\/index.php?rest_route=\/wp\/v2\/pages\/2\/revisions\/2974"}],"wp:featuredmedia":[{"embeddable":true,"href":"http:\/\/billys-reisen.de\/index.php?rest_route=\/wp\/v2\/media\/101"}],"wp:attachment":[{"href":"http:\/\/billys-reisen.de\/index.php?rest_route=%2Fwp%2Fv2%2Fmedia&parent=2"}],"curies":[{"name":"wp","href":"https:\/\/api.w.org\/{rel}","templated":true}]}}