{"id":175,"date":"2012-02-09T23:13:39","date_gmt":"2012-02-09T22:13:39","guid":{"rendered":"http:\/\/new.billys-reisen.de\/?page_id=175"},"modified":"2015-09-27T19:42:58","modified_gmt":"2015-09-27T17:42:58","slug":"libyen","status":"publish","type":"page","link":"http:\/\/billys-reisen.de\/?page_id=175","title":{"rendered":"Aufstand in der W\u00fcste &#8211; <br> Billy trifft libysche Rebellen"},"content":{"rendered":"<p>&nbsp;<\/p>\n<p><span style=\"text-decoration: underline;\">Billys Vor-Ort-Berichte<\/span><\/p>\n<p><a href=\"http:\/\/billys-reisen.de\/?attachment_id=1038\" rel=\"attachment wp-att-1038\"><img data-recalc-dims=\"1\" loading=\"lazy\" decoding=\"async\" class=\" wp-image-1038 alignright\" src=\"https:\/\/i0.wp.com\/billys-reisen.de\/wp-content\/uploads\/2012\/02\/Libyen-Karte-fuer-Billys-Reisen.jpg?resize=384%2C368\" alt=\"\" width=\"384\" height=\"368\" srcset=\"https:\/\/i0.wp.com\/billys-reisen.de\/wp-content\/uploads\/2012\/02\/Libyen-Karte-fuer-Billys-Reisen.jpg?resize=1024%2C982 1024w, https:\/\/i0.wp.com\/billys-reisen.de\/wp-content\/uploads\/2012\/02\/Libyen-Karte-fuer-Billys-Reisen.jpg?resize=150%2C143 150w, https:\/\/i0.wp.com\/billys-reisen.de\/wp-content\/uploads\/2012\/02\/Libyen-Karte-fuer-Billys-Reisen.jpg?resize=300%2C287 300w, https:\/\/i0.wp.com\/billys-reisen.de\/wp-content\/uploads\/2012\/02\/Libyen-Karte-fuer-Billys-Reisen.jpg?w=1617 1617w, https:\/\/i0.wp.com\/billys-reisen.de\/wp-content\/uploads\/2012\/02\/Libyen-Karte-fuer-Billys-Reisen.jpg?w=1280 1280w\" sizes=\"auto, (max-width: 384px) 100vw, 384px\" \/><\/a><\/p>\n<ul class=\"Sonst_artikel\">\n<li><a title=\"Antike Sch\u00e4tze und geheime Lager\" href=\"http:\/\/billys-reisen.de\/?page_id=975\">Al Bayda \/ Gr\u00fcne Berge<\/a><\/li>\n<li><a title=\"So kann man keinen Krieg gewinnen\" href=\"http:\/\/billys-reisen.de\/?page_id=982\">Aschdabija<\/a><\/li>\n<li><a title=\"R\u00e4tselraten um Benina \u2013 was geschah wirklich auf dem Flughafen von Bengasi?\" href=\"http:\/\/billys-reisen.de\/?page_id=194\">Bengasi<\/a><\/li>\n<li><a title=\"Teestunde mit einem Fundamentalisten\" href=\"http:\/\/billys-reisen.de\/?p=819\">Derna<\/a><\/li>\n<li><a title=\"Die Wurzeln des Hasses \u2013 Bericht aus der Oasenstadt Al Jagbub\" href=\"http:\/\/billys-reisen.de\/?page_id=186\">Jahrbub<\/a><\/li>\n<li><a title=\"Libyens vergrabener Schatz \u2013 ein Kriegsgrund?\" href=\"http:\/\/billys-reisen.de\/?page_id=1059\">Jalu \/ Sarir \/ Tasurbu<\/a><\/li>\n<li><a title=\"Unsere Sicherheit \u2013 auf Sand gebaut\" href=\"http:\/\/billys-reisen.de\/?page_id=1040\">Kufrah<\/a><\/li>\n<li><a title=\"Ein Gruss aus der H\u00f6lle \u2013  Eindr\u00fccke aus dem umk\u00e4mpften Misratah\" href=\"http:\/\/billys-reisen.de\/?page_id=216\">Misratah<\/a><\/li>\n<li><a title=\"Schwarze Perlen in der W\u00fcste\" href=\"http:\/\/billys-reisen.de\/?page_id=1049\">Rebianah<\/a><\/li>\n<li><a title=\"Krieg kennt keine Grenzen\" href=\"http:\/\/billys-reisen.de\/?page_id=964\">Tobruk<\/a><\/li>\n<\/ul>\n<p><span style=\"text-decoration: underline;\">Weitere Abenteuer in der Sahara<\/span><\/p>\n<p><a title=\"\u201d Europas Sicherheit? Auf Sand gebaut! \u201c\" href=\"http:\/\/billys-reisen.de\/?page_id=1527\">&#8220; Europas Sicherheit? Auf Sand gebaut! &#8222;<\/a><\/p>\n<p><a title=\"Schattenm\u00e4nner in der W\u00fcste \u2013 Gaddafis F\u00fcnfte Kolonne in Al Kufrah\" href=\"http:\/\/billys-reisen.de\/?page_id=1530\">&#8220; Schattenm\u00e4nner in der W\u00fcste &#8211; Gaddafis F\u00fcnfte Kolonne in Al Kufrah &#8222;<\/a><\/p>\n<p><span style=\"text-decoration: underline;\">Res\u00fcmee<\/span><\/p>\n<p><a href=\"http:\/\/billys-reisen.de\/wp-content\/uploads\/2012\/02\/2011_09_09-_-Blutige-Fata-Morgana.pdf\">Blutige Fata Morgana &#8211; W\u00fcsten-Krimi in Libyen?<\/a><\/p>\n<div id=\"attachment_176\" style=\"width: 610px\" class=\"wp-caption aligncenter\"><a href=\"https:\/\/i0.wp.com\/billys-reisen.de\/wp-content\/uploads\/2012\/02\/LibyenMainPic.jpg\"><img data-recalc-dims=\"1\" loading=\"lazy\" decoding=\"async\" aria-describedby=\"caption-attachment-176\" class=\"size-full wp-image-176\" src=\"https:\/\/i0.wp.com\/billys-reisen.de\/wp-content\/uploads\/2012\/02\/LibyenMainPic.jpg?resize=600%2C447\" alt=\"Tobruk, Anfang M\u00e4rz 2011 - M\u00f6ge &quot;das Spiel&quot; beginnen ... \" width=\"600\" height=\"447\" srcset=\"https:\/\/i0.wp.com\/billys-reisen.de\/wp-content\/uploads\/2012\/02\/LibyenMainPic.jpg?w=600 600w, https:\/\/i0.wp.com\/billys-reisen.de\/wp-content\/uploads\/2012\/02\/LibyenMainPic.jpg?resize=300%2C223 300w\" sizes=\"auto, (max-width: 600px) 100vw, 600px\" \/><\/a><p id=\"caption-attachment-176\" class=\"wp-caption-text\">Tobruk, Anfang M\u00e4rz 2011 &#8211; M\u00f6ge &#8222;das Spiel&#8220; beginnen &#8230;<\/p><\/div>\n","protected":false},"excerpt":{"rendered":"<p>&nbsp; Billys Vor-Ort-Berichte Al Bayda \/ Gr\u00fcne Berge Aschdabija Bengasi Derna Jahrbub Jalu \/ Sarir \/ Tasurbu Kufrah Misratah Rebianah Tobruk Weitere Abenteuer in der Sahara &#8220; Europas Sicherheit? Auf Sand gebaut! &#8222; &#8220; Schattenm\u00e4nner in der W\u00fcste &#8211; Gaddafis &hellip; <a href=\"http:\/\/billys-reisen.de\/?page_id=175\">Weiterlesen <span class=\"meta-nav\">&rarr;<\/span><\/a><\/p>\n","protected":false},"author":1,"featured_media":176,"parent":72,"menu_order":0,"comment_status":"closed","ping_status":"closed","template":"","meta":{"footnotes":""},"class_list":["post-175","page","type-page","status-publish","has-post-thumbnail","hentry"],"jetpack_sharing_enabled":true,"_links":{"self":[{"href":"http:\/\/billys-reisen.de\/index.php?rest_route=\/wp\/v2\/pages\/175","targetHints":{"allow":["GET"]}}],"collection":[{"href":"http:\/\/billys-reisen.de\/index.php?rest_route=\/wp\/v2\/pages"}],"about":[{"href":"http:\/\/billys-reisen.de\/index.php?rest_route=\/wp\/v2\/types\/page"}],"author":[{"embeddable":true,"href":"http:\/\/billys-reisen.de\/index.php?rest_route=\/wp\/v2\/users\/1"}],"replies":[{"embeddable":true,"href":"http:\/\/billys-reisen.de\/index.php?rest_route=%2Fwp%2Fv2%2Fcomments&post=175"}],"version-history":[{"count":35,"href":"http:\/\/billys-reisen.de\/index.php?rest_route=\/wp\/v2\/pages\/175\/revisions"}],"predecessor-version":[{"id":2462,"href":"http:\/\/billys-reisen.de\/index.php?rest_route=\/wp\/v2\/pages\/175\/revisions\/2462"}],"up":[{"embeddable":true,"href":"http:\/\/billys-reisen.de\/index.php?rest_route=\/wp\/v2\/pages\/72"}],"wp:featuredmedia":[{"embeddable":true,"href":"http:\/\/billys-reisen.de\/index.php?rest_route=\/wp\/v2\/media\/176"}],"wp:attachment":[{"href":"http:\/\/billys-reisen.de\/index.php?rest_route=%2Fwp%2Fv2%2Fmedia&parent=175"}],"curies":[{"name":"wp","href":"https:\/\/api.w.org\/{rel}","templated":true}]}}