{"id":1630,"date":"2012-10-12T03:28:23","date_gmt":"2012-10-12T02:28:23","guid":{"rendered":"http:\/\/billys-reisen.de\/?page_id=1630"},"modified":"2022-05-12T22:36:21","modified_gmt":"2022-05-12T20:36:21","slug":"ist-die-welt-ein-irrenhaus","status":"publish","type":"page","link":"http:\/\/billys-reisen.de\/?page_id=1630","title":{"rendered":"Ist die Welt ein Irrenhaus?"},"content":{"rendered":"<div id=\"attachment_1636\" style=\"width: 650px\" class=\"wp-caption aligncenter\"><a href=\"https:\/\/i0.wp.com\/billys-reisen.de\/wp-content\/uploads\/2012\/10\/DSCI1118-_-Servet-Sueme.jpg\"><img data-recalc-dims=\"1\" loading=\"lazy\" decoding=\"async\" aria-describedby=\"caption-attachment-1636\" class=\" wp-image-1636\" title=\"DSCI1118 _ Servet Sueme\" src=\"https:\/\/i0.wp.com\/billys-reisen.de\/wp-content\/uploads\/2012\/10\/DSCI1118-_-Servet-Sueme.jpg?resize=640%2C480\" alt=\"\" width=\"640\" height=\"480\" srcset=\"https:\/\/i0.wp.com\/billys-reisen.de\/wp-content\/uploads\/2012\/10\/DSCI1118-_-Servet-Sueme.jpg?resize=1024%2C768 1024w, https:\/\/i0.wp.com\/billys-reisen.de\/wp-content\/uploads\/2012\/10\/DSCI1118-_-Servet-Sueme.jpg?resize=150%2C112 150w, https:\/\/i0.wp.com\/billys-reisen.de\/wp-content\/uploads\/2012\/10\/DSCI1118-_-Servet-Sueme.jpg?resize=300%2C225 300w, https:\/\/i0.wp.com\/billys-reisen.de\/wp-content\/uploads\/2012\/10\/DSCI1118-_-Servet-Sueme.jpg?w=1280 1280w, https:\/\/i0.wp.com\/billys-reisen.de\/wp-content\/uploads\/2012\/10\/DSCI1118-_-Servet-Sueme.jpg?w=1920 1920w\" sizes=\"auto, (max-width: 640px) 100vw, 640px\" \/><\/a><p id=\"caption-attachment-1636\" class=\"wp-caption-text\">Serpentinen am Mittelmeer: Wirbel-Servet (rechts) und Wander-Billy (links) auf Abwegen in der S\u00fcdt\u00fcrkei<\/p><\/div>\n<p>Bananenbl\u00e4tter und Sonnenstich. Anamur am Mittelmeer &#8211; Landstra\u00dfe in der S\u00fcdt\u00fcrkei. Die Freude ist gro\u00df, als Servet S\u00fcmer seinen Wagen stoppt, und den &#8222;einsamen&#8220; Tr\u00e4mper Billy von der Stra\u00dfe aufsammelt. Doch eine normale Autofahrt wird das nicht &#8230;<\/p>\n<p>Servet ist Arzt aus Siirt, in der kurdischen Ost-T\u00fcrkei. Vor 3 Wochen hat er, der stramme Muslim, seine Ehefrau links liegen lassen. Sehr, sehr schlecht w\u00e4re sie &#8230; ihr st\u00e4ndiges Gemecker habe ihn an den Rand des Wahnsinns gebracht. Warum er, der Halbgott in Wei\u00df, vor 9 Jahren \u00fcberhaupt die erstbeste Krankenschwester ehelichen musste &#8230; das fragt er sich bis heute.<\/p>\n<div id=\"attachment_1639\" style=\"width: 310px\" class=\"wp-caption alignright\"><a href=\"https:\/\/i0.wp.com\/billys-reisen.de\/wp-content\/uploads\/2012\/10\/DSCI1167.jpg\"><img data-recalc-dims=\"1\" loading=\"lazy\" decoding=\"async\" aria-describedby=\"caption-attachment-1639\" class=\"size-medium wp-image-1639 \" title=\"DSCI1167\" src=\"https:\/\/i0.wp.com\/billys-reisen.de\/wp-content\/uploads\/2012\/10\/DSCI1167.jpg?resize=300%2C225\" alt=\"\" width=\"300\" height=\"225\" srcset=\"https:\/\/i0.wp.com\/billys-reisen.de\/wp-content\/uploads\/2012\/10\/DSCI1167.jpg?resize=300%2C225 300w, https:\/\/i0.wp.com\/billys-reisen.de\/wp-content\/uploads\/2012\/10\/DSCI1167.jpg?resize=150%2C112 150w, https:\/\/i0.wp.com\/billys-reisen.de\/wp-content\/uploads\/2012\/10\/DSCI1167.jpg?resize=1024%2C768 1024w, https:\/\/i0.wp.com\/billys-reisen.de\/wp-content\/uploads\/2012\/10\/DSCI1167.jpg?w=1280 1280w, https:\/\/i0.wp.com\/billys-reisen.de\/wp-content\/uploads\/2012\/10\/DSCI1167.jpg?w=1920 1920w\" sizes=\"auto, (max-width: 300px) 100vw, 300px\" \/><\/a><p id=\"caption-attachment-1639\" class=\"wp-caption-text\">Gut essen &#8230;<\/p><\/div>\n<p><em>&#8222;Ich bin auf Therapie&#8220;<\/em> sagt er &#8230; und dankt Allah daf\u00fcr, einen sonderbaren deutschen Mentor von der Stra\u00dfe aufgelesen zu haben. Billys Aufgabe: Zuh\u00f6ren, zureden &#8211; und immer wieder ein melodramatisches Liebeslied in kurdischer Sprache von Neuem abspielen.<\/p>\n<p>Servet wirkt sympathisch &#8230; und der Job ist nicht von schlechten Eltern. Wir halten in einem Nobel-Lokal nach dem anderen. 4.000 Euro habe er bereits aus dem Fenster geschmissen &#8230; da w\u00fcrde es auf mehr oder weniger auch nicht mehr ankommen. Gemeinsam gehen wir Schwimmen im t\u00fcrkisblauen Meer. Zusammen sammeln wir Kaktusfeigen im Unterholz.<\/p>\n<p>Einkaufstouren, ein Luxus-Hotel &#8230; am Ende setzt Servet immer noch eins drauf. Bis das Geld alle ist &#8230; Irgendwann ist auch der Billy aus dem Mustopf&nbsp; gekommen, und bemerkt, dass der gute Freund eigentlich nur auf Frauen-Jagd ist &#8211; und einen m\u00e4nnlichen Beistand an seiner Seite braucht. <em>&#8222;I want to f&#8230; f&#8230; f&#8230;&#8220;<\/em>, der Satz f\u00e4llt immer \u00f6fter. Und die Anmachen auf offener Stra\u00dfe werden platter. Bisher habe er nur eine armenische Hure ins Bett bekommen, verk\u00fcndet er &#8211; doch er brauche mehr. Viel mehr.<\/p>\n<div id=\"attachment_1640\" style=\"width: 310px\" class=\"wp-caption alignleft\"><a href=\"https:\/\/i0.wp.com\/billys-reisen.de\/wp-content\/uploads\/2012\/10\/DSCI1179.jpg\"><img data-recalc-dims=\"1\" loading=\"lazy\" decoding=\"async\" aria-describedby=\"caption-attachment-1640\" class=\"size-medium wp-image-1640\" title=\"DSCI1179\" src=\"https:\/\/i0.wp.com\/billys-reisen.de\/wp-content\/uploads\/2012\/10\/DSCI1179.jpg?resize=300%2C225\" alt=\"\" width=\"300\" height=\"225\" srcset=\"https:\/\/i0.wp.com\/billys-reisen.de\/wp-content\/uploads\/2012\/10\/DSCI1179.jpg?resize=300%2C225 300w, https:\/\/i0.wp.com\/billys-reisen.de\/wp-content\/uploads\/2012\/10\/DSCI1179.jpg?resize=150%2C112 150w, https:\/\/i0.wp.com\/billys-reisen.de\/wp-content\/uploads\/2012\/10\/DSCI1179.jpg?resize=1024%2C768 1024w, https:\/\/i0.wp.com\/billys-reisen.de\/wp-content\/uploads\/2012\/10\/DSCI1179.jpg?w=1280 1280w, https:\/\/i0.wp.com\/billys-reisen.de\/wp-content\/uploads\/2012\/10\/DSCI1179.jpg?w=1920 1920w\" sizes=\"auto, (max-width: 300px) 100vw, 300px\" \/><\/a><p id=\"caption-attachment-1640\" class=\"wp-caption-text\">&#8230; und gut Schwimmen &#8230;<\/p><\/div>\n<p>Seine b\u00f6se Ehefrau k\u00f6nne nicht einmal Brot backen. Dies w\u00e4re im Islam jedoch eine Pflicht der Frau, so Servet. Als er dieses &#8222;Gebot&#8220; durchzusetzen versuchte, reagierte die Holde auf ihre Weise: Es w\u00e4re &#8222;haram&#8220;, also im Islam verboten, H\u00e4ndchen haltend in der \u00d6ffentlichkeit zu laufen. Aus der jungen Romanze wurde so schon bald ein alter Krampf.<\/p>\n<p><em>&#8222;Du hast mich als Deinen Therapeuten engagiert&#8220;<\/em>, so spricht der Wander-Billy &#8230;<em> &#8222;also ordne ich nun eine Extremkur an!&#8220;<\/em> Die Idee: Eine Strand\u00fcbernachtung im syrisch-t\u00fcrkischen Grenzgebiet. Ruhe und philosophische Besinnlichkeit unter M\u00e4nnern. Nach langem Hin und Her stimmt Servet zu &#8211; schlie\u00dflich brauchen wir nach Versiegen der Geldquelle etwas zu essen. Billys Nudeln bleiben die letzte Alternative &#8211; und ein Lagerfeuer soll es richten.<\/p>\n<div id=\"attachment_1641\" style=\"width: 310px\" class=\"wp-caption alignright\"><a href=\"https:\/\/i0.wp.com\/billys-reisen.de\/wp-content\/uploads\/2012\/10\/DSCI1180.jpg\"><img data-recalc-dims=\"1\" loading=\"lazy\" decoding=\"async\" aria-describedby=\"caption-attachment-1641\" class=\"size-medium wp-image-1641\" title=\"DSCI1180\" src=\"https:\/\/i0.wp.com\/billys-reisen.de\/wp-content\/uploads\/2012\/10\/DSCI1180.jpg?resize=300%2C225\" alt=\"\" width=\"300\" height=\"225\" srcset=\"https:\/\/i0.wp.com\/billys-reisen.de\/wp-content\/uploads\/2012\/10\/DSCI1180.jpg?resize=300%2C225 300w, https:\/\/i0.wp.com\/billys-reisen.de\/wp-content\/uploads\/2012\/10\/DSCI1180.jpg?resize=150%2C112 150w, https:\/\/i0.wp.com\/billys-reisen.de\/wp-content\/uploads\/2012\/10\/DSCI1180.jpg?resize=1024%2C768 1024w, https:\/\/i0.wp.com\/billys-reisen.de\/wp-content\/uploads\/2012\/10\/DSCI1180.jpg?w=1280 1280w, https:\/\/i0.wp.com\/billys-reisen.de\/wp-content\/uploads\/2012\/10\/DSCI1180.jpg?w=1920 1920w\" sizes=\"auto, (max-width: 300px) 100vw, 300px\" \/><\/a><p id=\"caption-attachment-1641\" class=\"wp-caption-text\">&#8230; dann wirds mit den Weibern auch bald stimmen!<\/p><\/div>\n<p>Auf der Suche nach dem richtigen Weg muss jede junge Frau auf der Stra\u00dfe um Rat gefragt werden. Stunden \u00fcber Stunden &#8211; immer neue Flirt-Avancen. Nach Mitternacht kommen wir endlich an. Und &#8230; oh Schreck, oh Graus &#8230; eine Hochzeitsgesellschaft hat hier mitten in der Pampa eine Stranddisko eingerichtet. Frischfleisch f\u00fcr Servet &#8230; zumindest f\u00fcr die folgenden 2 Stunden.<\/p>\n<p>Dann ist Ruhe. Wir sind unter uns: Oder nicht ganz. W\u00e4hrend wir unter sternenklarem Himmel \u00fcber Gott und die Welt philosophieren wollen, kommen ungebetene G\u00e4ste: Erst eine Horde Hunde &#8230; und anschlie\u00dfend eine Krabben-Invasion. Schlaf sieht anders aus &#8211; zumal schon fr\u00fch am Morgen die Sonne gnadenlos auf uns niederbrennt.<\/p>\n<p>Doch Servet ist entspannt. Endlich. F\u00fcr einen Moment. <em>&#8222;Das letzte Mal habe ich vor 25 Jahren mit meinen Eltern am Strand geschlafen&#8220;<\/em>, sagt er. Wow! Das ist genauso lange her, wie der Billy alt ist. <em>&#8222;Danke, Bruder! Ich bin geheilt.&#8220;<\/em> Klasse, wie man doch mit einfachsten Mitteln viel bewirken kann &#8230;<\/p>\n<div id=\"attachment_1642\" style=\"width: 310px\" class=\"wp-caption alignleft\"><a href=\"https:\/\/i0.wp.com\/billys-reisen.de\/wp-content\/uploads\/2012\/10\/DSCI1149.jpg\"><img data-recalc-dims=\"1\" loading=\"lazy\" decoding=\"async\" aria-describedby=\"caption-attachment-1642\" class=\"size-medium wp-image-1642 \" title=\"DSCI1149\" src=\"https:\/\/i0.wp.com\/billys-reisen.de\/wp-content\/uploads\/2012\/10\/DSCI1149.jpg?resize=300%2C225\" alt=\"\" width=\"300\" height=\"225\" srcset=\"https:\/\/i0.wp.com\/billys-reisen.de\/wp-content\/uploads\/2012\/10\/DSCI1149.jpg?resize=300%2C225 300w, https:\/\/i0.wp.com\/billys-reisen.de\/wp-content\/uploads\/2012\/10\/DSCI1149.jpg?resize=150%2C112 150w, https:\/\/i0.wp.com\/billys-reisen.de\/wp-content\/uploads\/2012\/10\/DSCI1149.jpg?resize=1024%2C768 1024w, https:\/\/i0.wp.com\/billys-reisen.de\/wp-content\/uploads\/2012\/10\/DSCI1149.jpg?w=1280 1280w, https:\/\/i0.wp.com\/billys-reisen.de\/wp-content\/uploads\/2012\/10\/DSCI1149.jpg?w=1920 1920w\" sizes=\"auto, (max-width: 300px) 100vw, 300px\" \/><\/a><p id=\"caption-attachment-1642\" class=\"wp-caption-text\">Servet hat einen Vogel &#8230;<\/p><\/div>\n<p>Das Mobiltelefon klingelt. Ein Freund teilt Servet mit, seine Ehefrau habe ihn angezeigt. Er d\u00fcrfe sich dem Haus nicht mehr n\u00e4hern. <em>&#8222;Na gut, sie hatte halt einen Klapps verdient &#8230; Aber so was &#8230; Eine Unversch\u00e4mtheit! Ich werde mich scheiden lassen.&#8220;<\/em> Als dann auch noch die t\u00fcrkische Armee auftaucht, und uns als vermeintlich illegale See-Immigranten festsetzt, kippt die Stimmung endg\u00fcltig. <em>&#8222;Du als Deutscher kannst das alles lustig finden. Aber f\u00fcr mich als Kurden ist das eine ernste Sache!&#8220;<\/em><\/p>\n<p>In der Zwischenzeit liegt der Wellensittich im Sterben, den Servet unterwegs ebenfalls aufgegabelt hat. <em>&#8222;Deinen Tod hast Du meinem deutschen Bruder zu verdanken&#8220;<\/em>, redet er dem Vogel zu. <em>&#8222;Der hat uns in diese missliche Lage gef\u00fchrt!&#8220;<\/em> An der Autobahn schmei\u00dft er den Billy raus. <em>&#8222;Das ist mein schei\u00df Leben&#8220;<\/em>, sprichts und will davon brausen.<\/p>\n<div id=\"attachment_1643\" style=\"width: 310px\" class=\"wp-caption alignright\"><a href=\"https:\/\/i0.wp.com\/billys-reisen.de\/wp-content\/uploads\/2012\/10\/DSCI1209.jpg\"><img data-recalc-dims=\"1\" loading=\"lazy\" decoding=\"async\" aria-describedby=\"caption-attachment-1643\" class=\"size-medium wp-image-1643\" title=\"DSCI1209\" src=\"https:\/\/i0.wp.com\/billys-reisen.de\/wp-content\/uploads\/2012\/10\/DSCI1209.jpg?resize=300%2C225\" alt=\"\" width=\"300\" height=\"225\" srcset=\"https:\/\/i0.wp.com\/billys-reisen.de\/wp-content\/uploads\/2012\/10\/DSCI1209.jpg?resize=300%2C225 300w, https:\/\/i0.wp.com\/billys-reisen.de\/wp-content\/uploads\/2012\/10\/DSCI1209.jpg?resize=150%2C112 150w, https:\/\/i0.wp.com\/billys-reisen.de\/wp-content\/uploads\/2012\/10\/DSCI1209.jpg?resize=1024%2C768 1024w, https:\/\/i0.wp.com\/billys-reisen.de\/wp-content\/uploads\/2012\/10\/DSCI1209.jpg?w=1280 1280w, https:\/\/i0.wp.com\/billys-reisen.de\/wp-content\/uploads\/2012\/10\/DSCI1209.jpg?w=1920 1920w\" sizes=\"auto, (max-width: 300px) 100vw, 300px\" \/><\/a><p id=\"caption-attachment-1643\" class=\"wp-caption-text\">&#8230; und Billy ist nicht ganz dicht!<\/p><\/div>\n<p>Doch dann: Die T\u00fcr \u00f6ffnet sich &#8230; ein tiefer Blick &#8230; eine Umarmung. <em>&#8222;Bruder! Ich werde Dich nie vergessen!&#8220;<\/em><\/p>\n<p>&nbsp;<\/p>\n<p>&nbsp;<\/p>\n<p>&nbsp;<\/p>\n<p>&nbsp;<\/p>\n","protected":false},"excerpt":{"rendered":"<p>Bananenbl\u00e4tter und Sonnenstich. Anamur am Mittelmeer &#8211; Landstra\u00dfe in der S\u00fcdt\u00fcrkei. Die Freude ist gro\u00df, als Servet S\u00fcmer seinen Wagen stoppt, und den &#8222;einsamen&#8220; Tr\u00e4mper Billy von der Stra\u00dfe aufsammelt. Doch eine normale Autofahrt wird das nicht &#8230; Servet ist &hellip; <a href=\"http:\/\/billys-reisen.de\/?page_id=1630\">Weiterlesen <span class=\"meta-nav\">&rarr;<\/span><\/a><\/p>\n","protected":false},"author":2,"featured_media":0,"parent":0,"menu_order":0,"comment_status":"closed","ping_status":"closed","template":"","meta":{"footnotes":""},"class_list":["post-1630","page","type-page","status-publish","hentry"],"jetpack_sharing_enabled":true,"_links":{"self":[{"href":"http:\/\/billys-reisen.de\/index.php?rest_route=\/wp\/v2\/pages\/1630","targetHints":{"allow":["GET"]}}],"collection":[{"href":"http:\/\/billys-reisen.de\/index.php?rest_route=\/wp\/v2\/pages"}],"about":[{"href":"http:\/\/billys-reisen.de\/index.php?rest_route=\/wp\/v2\/types\/page"}],"author":[{"embeddable":true,"href":"http:\/\/billys-reisen.de\/index.php?rest_route=\/wp\/v2\/users\/2"}],"replies":[{"embeddable":true,"href":"http:\/\/billys-reisen.de\/index.php?rest_route=%2Fwp%2Fv2%2Fcomments&post=1630"}],"version-history":[{"count":5,"href":"http:\/\/billys-reisen.de\/index.php?rest_route=\/wp\/v2\/pages\/1630\/revisions"}],"predecessor-version":[{"id":2987,"href":"http:\/\/billys-reisen.de\/index.php?rest_route=\/wp\/v2\/pages\/1630\/revisions\/2987"}],"wp:attachment":[{"href":"http:\/\/billys-reisen.de\/index.php?rest_route=%2Fwp%2Fv2%2Fmedia&parent=1630"}],"curies":[{"name":"wp","href":"https:\/\/api.w.org\/{rel}","templated":true}]}}