{"id":1527,"date":"2012-07-02T03:48:15","date_gmt":"2012-07-02T02:48:15","guid":{"rendered":"http:\/\/billys-reisen.de\/?page_id=1527"},"modified":"2022-05-12T22:16:17","modified_gmt":"2022-05-12T20:16:17","slug":"europas-sicherheit-auf-sand-gebaut","status":"publish","type":"page","link":"http:\/\/billys-reisen.de\/?page_id=1527","title":{"rendered":"&#8220; Europas Sicherheit? Auf Sand gebaut! &#8222;"},"content":{"rendered":"<div id=\"attachment_1534\" style=\"width: 650px\" class=\"wp-caption aligncenter\"><a href=\"https:\/\/i0.wp.com\/billys-reisen.de\/wp-content\/uploads\/2012\/07\/DSCI1282.jpg\"><img data-recalc-dims=\"1\" loading=\"lazy\" decoding=\"async\" aria-describedby=\"caption-attachment-1534\" class=\"size-large wp-image-1534\" title=\"DSCI1282\" src=\"https:\/\/i0.wp.com\/billys-reisen.de\/wp-content\/uploads\/2012\/07\/DSCI1282.jpg?resize=640%2C480\" alt=\"\" width=\"640\" height=\"480\" srcset=\"https:\/\/i0.wp.com\/billys-reisen.de\/wp-content\/uploads\/2012\/07\/DSCI1282.jpg?resize=1024%2C768 1024w, https:\/\/i0.wp.com\/billys-reisen.de\/wp-content\/uploads\/2012\/07\/DSCI1282.jpg?resize=150%2C112 150w, https:\/\/i0.wp.com\/billys-reisen.de\/wp-content\/uploads\/2012\/07\/DSCI1282.jpg?resize=300%2C225 300w, https:\/\/i0.wp.com\/billys-reisen.de\/wp-content\/uploads\/2012\/07\/DSCI1282.jpg?w=1280 1280w, https:\/\/i0.wp.com\/billys-reisen.de\/wp-content\/uploads\/2012\/07\/DSCI1282.jpg?w=1920 1920w\" sizes=\"auto, (max-width: 640px) 100vw, 640px\" \/><\/a><p id=\"caption-attachment-1534\" class=\"wp-caption-text\">&#8222;H\u00e4nde hoch!&#8220; &#8230; Die libysche Rebellengruppe hat 19 Somalier in der W\u00fcste verhaftet (28.06.2011)<\/p><\/div>\n<p>Ein wenig Knallerei, 10 verschiedene Rebellenfraktionen, wirre<br \/>\nInteressenlagen. Man k\u00f6nnte es beruhigt dabei belassen &#8211; schlie\u00dflich<br \/>\nsind die s\u00fcdost-libyschen Kufrah-Oasen nicht der Nabel der Welt &#8230; Aber<br \/>\nein Problem f\u00fcr die Welt ist dieser abgelegene Sahara-Ort fr\u00fcher oder<br \/>\nsp\u00e4ter schon. Nach Angaben aus der Rebellenhochburg Bengasi<br \/>\npassierten bis Kriegsausbruch 60 % aller Libyen-Migranten aus<br \/>\nSchwarzafrika das 40.000-Einwohner-Nest. Fluchtweg in die EU. Italien<br \/>\nhatte das Problem erkannt. Reichlich Geld floss an Muammar Gaddafi, um<br \/>\ndem Ansturm Tausender aus Tschad, Sudan und dem Horn von Afrika<br \/>\nEinhalt zu gebieten. Wie zu h\u00f6ren ist, waren italienische Experten bis<br \/>\nzur Februar-Revolution selbst vor Ort. <span style=\"text-decoration: underline;\">Ihr Ziel<\/span>: Der Aufbau wirksamer<br \/>\n\u00dcberwachungsanlagen f\u00fcr die weite Grenze &#8211; nun nichts mehr als eine<br \/>\nFata Morgana.<\/p>\n<div id=\"attachment_1537\" style=\"width: 310px\" class=\"wp-caption alignleft\"><a href=\"https:\/\/i0.wp.com\/billys-reisen.de\/wp-content\/uploads\/2012\/07\/DSCI1289.jpg\"><img data-recalc-dims=\"1\" loading=\"lazy\" decoding=\"async\" aria-describedby=\"caption-attachment-1537\" class=\"size-medium wp-image-1537 \" title=\"DSCI1289\" src=\"https:\/\/i0.wp.com\/billys-reisen.de\/wp-content\/uploads\/2012\/07\/DSCI1289.jpg?resize=300%2C225\" alt=\"\" width=\"300\" height=\"225\" srcset=\"https:\/\/i0.wp.com\/billys-reisen.de\/wp-content\/uploads\/2012\/07\/DSCI1289.jpg?resize=300%2C225 300w, https:\/\/i0.wp.com\/billys-reisen.de\/wp-content\/uploads\/2012\/07\/DSCI1289.jpg?resize=150%2C112 150w, https:\/\/i0.wp.com\/billys-reisen.de\/wp-content\/uploads\/2012\/07\/DSCI1289.jpg?resize=1024%2C768 1024w, https:\/\/i0.wp.com\/billys-reisen.de\/wp-content\/uploads\/2012\/07\/DSCI1289.jpg?w=1280 1280w, https:\/\/i0.wp.com\/billys-reisen.de\/wp-content\/uploads\/2012\/07\/DSCI1289.jpg?w=1920 1920w\" sizes=\"auto, (max-width: 300px) 100vw, 300px\" \/><\/a><p id=\"caption-attachment-1537\" class=\"wp-caption-text\">Wachtmeister Billy passt auf &#8230; (28.06.2011)<\/p><\/div>\n<p>Die Rebellen des &#8222;17. Februar&#8220; sind die neuen Herren im Wahad, der<br \/>\ns\u00fcdlichen Cyrenaika. <span style=\"text-decoration: underline;\">Abdul Salaam al Sway<\/span> ist einer von ihnen. Mit 6<br \/>\nGel\u00e4ndewagen setzt sich die kleine Gruppe unter seiner F\u00fchrung in<br \/>\nBewegung. Jeder westliche Beobachter sei herzlich willkommen &#8211;<br \/>\nschlie\u00dflich wolle man demonstrieren, dass die Rebellen ernst machten mit<br \/>\ndem Stopp der illegalen Einwanderung. 50 Kilometer geht es in die flache<br \/>\nSandw\u00fcste. Dann fallen Sch\u00fcsse. Ein wei\u00dfer Toyota &#8211; umstellt! 19 Schwarzafrikaner auf der engen Ladefl\u00e4che. Unter dem Eindruck der gerichteten Gewehre werfen sie sich auf den weichen Boden. Die 10 M\u00e4nner und 9 Frauen stammen aus Somalia.<em> &#8222;Wir flohen vor Krieg und<\/em><em> verrueckten Moslem-Milizen&#8220;<\/em>, so der 16j\u00e4hrige Student <span style=\"text-decoration: underline;\">Mohammed<\/span><span style=\"text-decoration: underline;\"> Socdaal<\/span>, der aber auch auf eine aussichtsreiche finanzielle Zukunft in Europa hofft. Mit einem ruppigen Schlepper seien sie von der sudanesischen Grenze in rund 5 Stunden hierher gekommen, sagen sie. Der Fahrer ist Libyer. Ein beleibter Mann mit Kopfschal nimmt sich den Mann zur Brust. Die Kalaschnikow wird durchgeladen und an die Schl\u00e4fe gedr\u00fcckt! <em>&#8222;Nein, lass ihn&#8220;<\/em>, rufen die Rebellen-Kameraden. <em>&#8222;Gnade vor<\/em><em> Recht!&#8220;<\/em> Der Schlepper darf von dannen ziehen &#8211; allein.<\/p>\n<div id=\"attachment_1540\" style=\"width: 310px\" class=\"wp-caption alignright\"><a href=\"https:\/\/i0.wp.com\/billys-reisen.de\/wp-content\/uploads\/2012\/07\/DSCI1277.jpg\"><img data-recalc-dims=\"1\" loading=\"lazy\" decoding=\"async\" aria-describedby=\"caption-attachment-1540\" class=\"size-medium wp-image-1540 \" title=\"DSCI1277\" src=\"https:\/\/i0.wp.com\/billys-reisen.de\/wp-content\/uploads\/2012\/07\/DSCI1277.jpg?resize=300%2C225\" alt=\"\" width=\"300\" height=\"225\" srcset=\"https:\/\/i0.wp.com\/billys-reisen.de\/wp-content\/uploads\/2012\/07\/DSCI1277.jpg?resize=300%2C225 300w, https:\/\/i0.wp.com\/billys-reisen.de\/wp-content\/uploads\/2012\/07\/DSCI1277.jpg?resize=150%2C112 150w, https:\/\/i0.wp.com\/billys-reisen.de\/wp-content\/uploads\/2012\/07\/DSCI1277.jpg?resize=1024%2C768 1024w, https:\/\/i0.wp.com\/billys-reisen.de\/wp-content\/uploads\/2012\/07\/DSCI1277.jpg?w=1280 1280w, https:\/\/i0.wp.com\/billys-reisen.de\/wp-content\/uploads\/2012\/07\/DSCI1277.jpg?w=1920 1920w\" sizes=\"auto, (max-width: 300px) 100vw, 300px\" \/><\/a><p id=\"caption-attachment-1540\" class=\"wp-caption-text\">Was macht er da?! ,,, (28.06.2011)<\/p><\/div>\n<p>Der scheinbar konsequente Vollstrecker ist <span style=\"text-decoration: underline;\">Jahd al Sway<\/span>. Der wahre<br \/>\nChef. Dem &#8222;Paten&#8220; geh\u00f6ren die Fahrzeuge der Truppe. Mit diversen<br \/>\nSchiebereien habe er es zu Verm\u00f6gen gebracht, ist sp\u00e4ter andernorts<br \/>\nzu h\u00f6ren. Dann sei er im Knast verschwunden &#8211; und erst in &#8222;der neuen<br \/>\nZeit&#8220; wieder aufgetaucht. <span style=\"text-decoration: underline;\">Fragen bleiben<\/span>: Wieso lie\u00df man den<br \/>\nMenschenschleuser mitsamt seiner 3.000 US-Dollar Einnahmen<br \/>\ndavonfahren?<\/p>\n<div id=\"attachment_1539\" style=\"width: 310px\" class=\"wp-caption alignleft\"><a href=\"https:\/\/i0.wp.com\/billys-reisen.de\/wp-content\/uploads\/2012\/07\/DSCI1275-Angeblich-israelische-FN.jpg\"><img data-recalc-dims=\"1\" loading=\"lazy\" decoding=\"async\" aria-describedby=\"caption-attachment-1539\" class=\"size-medium wp-image-1539 \" title=\"DSCI1275 - Angeblich israelische FN\" src=\"https:\/\/i0.wp.com\/billys-reisen.de\/wp-content\/uploads\/2012\/07\/DSCI1275-Angeblich-israelische-FN.jpg?resize=300%2C225\" alt=\"\" width=\"300\" height=\"225\" srcset=\"https:\/\/i0.wp.com\/billys-reisen.de\/wp-content\/uploads\/2012\/07\/DSCI1275-Angeblich-israelische-FN.jpg?resize=300%2C225 300w, https:\/\/i0.wp.com\/billys-reisen.de\/wp-content\/uploads\/2012\/07\/DSCI1275-Angeblich-israelische-FN.jpg?resize=150%2C112 150w, https:\/\/i0.wp.com\/billys-reisen.de\/wp-content\/uploads\/2012\/07\/DSCI1275-Angeblich-israelische-FN.jpg?resize=1024%2C768 1024w, https:\/\/i0.wp.com\/billys-reisen.de\/wp-content\/uploads\/2012\/07\/DSCI1275-Angeblich-israelische-FN.jpg?w=1280 1280w, https:\/\/i0.wp.com\/billys-reisen.de\/wp-content\/uploads\/2012\/07\/DSCI1275-Angeblich-israelische-FN.jpg?w=1920 1920w\" sizes=\"auto, (max-width: 300px) 100vw, 300px\" \/><\/a><p id=\"caption-attachment-1539\" class=\"wp-caption-text\">Sieht nach israelischem Fabrikat aus &#8230; (28.06.2011)<\/p><\/div>\n<p><em>&#8222;Nicht alles l\u00e4uft perfekt&#8220;<\/em>, meint dazu <span style=\"text-decoration: underline;\">Isa Abdul Majid al Tobawieh<\/span>,<br \/>\nneuer Grenzbeauftragter f\u00fcr Al Kufrah. Der Angeh\u00f6rige des<br \/>\nschokobraunen Tobou-Stammes sitzt in makellosem Anzug in seinem<br \/>\nB\u00fcro. 12 Jahre hat er im norwegischen Exil gelebt, jetzt ist er<br \/>\n&#8222;Feuerwehrmann&#8220; f\u00fcr die W\u00fcste. Im Auftrag der Rebellen-Regierung<br \/>\nvon Bengasi. <em>&#8222;Mit 80 Wagen k\u00f6nnte ich alle Probleme l\u00f6sen &#8211; illegale<\/em><br \/>\n<em>Einwanderung, Waffenschmuggel und Drogentransporte.&#8220;<\/em> Viel sei ihm versprochen worden, aber nach wie vor sitzt er auf vielleicht einem Dutzend Fahrzeugen. Gerade mal den Stadtrand kann die Grenzarmee derzeit bewachen. An die echten Brennpunkte zum Sudan und Tschad traut sich ohnehin kein Aufst\u00e4ndischer heran, seit sich die Milizen der<em> &#8222;Gerechtigkeits-Bewegung&#8220;<\/em> aus Darfur auf libyscher Seite breitgemacht haben. Was der oberste Bevollm\u00e4chtigte nicht sagt: Alle seine Soldaten geh\u00f6ren der gleichen Familie an, den Tobou. Die arabischen Sway<br \/>\ndagegen wollen mit Isa nichts zu tun haben. Und sie stellen die Mehrheit in Kufrah.<\/p>\n<p>&nbsp;<\/p>\n<div id=\"attachment_1541\" style=\"width: 310px\" class=\"wp-caption alignright\"><a href=\"https:\/\/i0.wp.com\/billys-reisen.de\/wp-content\/uploads\/2012\/07\/DSCI1323.jpg\"><img data-recalc-dims=\"1\" loading=\"lazy\" decoding=\"async\" aria-describedby=\"caption-attachment-1541\" class=\"size-medium wp-image-1541  \" title=\"DSCI1323\" src=\"https:\/\/i0.wp.com\/billys-reisen.de\/wp-content\/uploads\/2012\/07\/DSCI1323.jpg?resize=300%2C225\" alt=\"\" width=\"300\" height=\"225\" srcset=\"https:\/\/i0.wp.com\/billys-reisen.de\/wp-content\/uploads\/2012\/07\/DSCI1323.jpg?resize=300%2C225 300w, https:\/\/i0.wp.com\/billys-reisen.de\/wp-content\/uploads\/2012\/07\/DSCI1323.jpg?resize=150%2C112 150w, https:\/\/i0.wp.com\/billys-reisen.de\/wp-content\/uploads\/2012\/07\/DSCI1323.jpg?resize=1024%2C768 1024w, https:\/\/i0.wp.com\/billys-reisen.de\/wp-content\/uploads\/2012\/07\/DSCI1323.jpg?w=1280 1280w, https:\/\/i0.wp.com\/billys-reisen.de\/wp-content\/uploads\/2012\/07\/DSCI1323.jpg?w=1920 1920w\" sizes=\"auto, (max-width: 300px) 100vw, 300px\" \/><\/a><p id=\"caption-attachment-1541\" class=\"wp-caption-text\">Sieges-Zeichen &#8230; sch\u00f6n und gut &#8230; aber wo geht es nach hause? (28.06.2011)<\/p><\/div>\n<p><span style=\"text-decoration: underline;\">Keine Frage<\/span>: Derzeit kann sich ein Jeder nach Gutduenken bet\u00e4tigen &#8211;<br \/>\nsolange das Ma\u00df nicht \u00fcberschritten wird. Die jungen Leute aus Somalia<br \/>\nsind mittlerweile in eine Baracke verfrachtet worden. Sie werden gut<br \/>\nversorgt, sind aber mit den Nerven am Ende. Eine halbe Stunde vor der<br \/>\nFestnahme habe ihr Schlepper gestoppt. Erneut wildes Gestikulieren und<br \/>\nb\u00f6se Drohungen gegen die ungeliebten &#8222;G\u00e4ste&#8220; und ihrer &#8222;geringen<br \/>\nZahlkraft&#8220;. Ein Gespr\u00e4ch mit dem Satellitentelefon. Und ein Datenaustausch. Ein Blick in die eigene Digitalkamera bringt<br \/>\n\u00dcberraschendes ans Sonnenlicht: Zur selben Zeit telefonierte auch ein Anderer &#8211; <span style=\"text-decoration: underline;\">Jahd al Sway<\/span>.<\/p>\n<div id=\"attachment_1535\" style=\"width: 650px\" class=\"wp-caption aligncenter\"><a href=\"https:\/\/i0.wp.com\/billys-reisen.de\/wp-content\/uploads\/2012\/07\/DSCI1269-Jahd-Abu-Riegajek-al-Swaj-telefoniert-mit-Schlepper.jpg\"><img data-recalc-dims=\"1\" loading=\"lazy\" decoding=\"async\" aria-describedby=\"caption-attachment-1535\" class=\" wp-image-1535 \" title=\"DSCI1269 - Jahd Abu Riegajek al Swaj telefoniert mit Schlepper\" src=\"https:\/\/i0.wp.com\/billys-reisen.de\/wp-content\/uploads\/2012\/07\/DSCI1269-Jahd-Abu-Riegajek-al-Swaj-telefoniert-mit-Schlepper.jpg?resize=640%2C480\" alt=\"\" width=\"640\" height=\"480\" srcset=\"https:\/\/i0.wp.com\/billys-reisen.de\/wp-content\/uploads\/2012\/07\/DSCI1269-Jahd-Abu-Riegajek-al-Swaj-telefoniert-mit-Schlepper.jpg?resize=1024%2C768 1024w, https:\/\/i0.wp.com\/billys-reisen.de\/wp-content\/uploads\/2012\/07\/DSCI1269-Jahd-Abu-Riegajek-al-Swaj-telefoniert-mit-Schlepper.jpg?resize=150%2C112 150w, https:\/\/i0.wp.com\/billys-reisen.de\/wp-content\/uploads\/2012\/07\/DSCI1269-Jahd-Abu-Riegajek-al-Swaj-telefoniert-mit-Schlepper.jpg?resize=300%2C225 300w, https:\/\/i0.wp.com\/billys-reisen.de\/wp-content\/uploads\/2012\/07\/DSCI1269-Jahd-Abu-Riegajek-al-Swaj-telefoniert-mit-Schlepper.jpg?w=1280 1280w, https:\/\/i0.wp.com\/billys-reisen.de\/wp-content\/uploads\/2012\/07\/DSCI1269-Jahd-Abu-Riegajek-al-Swaj-telefoniert-mit-Schlepper.jpg?w=1920 1920w\" sizes=\"auto, (max-width: 640px) 100vw, 640px\" \/><\/a><p id=\"caption-attachment-1535\" class=\"wp-caption-text\">Ein Satelliten-Telefon funktioniert nur beim Stopp &#8230; und mit wem wird Jahd al Swaj hier wohl sprechen? (28.06.2011)<\/p><\/div>\n","protected":false},"excerpt":{"rendered":"<p>Ein wenig Knallerei, 10 verschiedene Rebellenfraktionen, wirre Interessenlagen. Man k\u00f6nnte es beruhigt dabei belassen &#8211; schlie\u00dflich sind die s\u00fcdost-libyschen Kufrah-Oasen nicht der Nabel der Welt &#8230; Aber ein Problem f\u00fcr die Welt ist dieser abgelegene Sahara-Ort fr\u00fcher oder sp\u00e4ter schon. &hellip; <a href=\"http:\/\/billys-reisen.de\/?page_id=1527\">Weiterlesen <span class=\"meta-nav\">&rarr;<\/span><\/a><\/p>\n","protected":false},"author":2,"featured_media":0,"parent":0,"menu_order":0,"comment_status":"closed","ping_status":"closed","template":"","meta":{"footnotes":""},"class_list":["post-1527","page","type-page","status-publish","hentry"],"jetpack_sharing_enabled":true,"_links":{"self":[{"href":"http:\/\/billys-reisen.de\/index.php?rest_route=\/wp\/v2\/pages\/1527","targetHints":{"allow":["GET"]}}],"collection":[{"href":"http:\/\/billys-reisen.de\/index.php?rest_route=\/wp\/v2\/pages"}],"about":[{"href":"http:\/\/billys-reisen.de\/index.php?rest_route=\/wp\/v2\/types\/page"}],"author":[{"embeddable":true,"href":"http:\/\/billys-reisen.de\/index.php?rest_route=\/wp\/v2\/users\/2"}],"replies":[{"embeddable":true,"href":"http:\/\/billys-reisen.de\/index.php?rest_route=%2Fwp%2Fv2%2Fcomments&post=1527"}],"version-history":[{"count":4,"href":"http:\/\/billys-reisen.de\/index.php?rest_route=\/wp\/v2\/pages\/1527\/revisions"}],"predecessor-version":[{"id":2977,"href":"http:\/\/billys-reisen.de\/index.php?rest_route=\/wp\/v2\/pages\/1527\/revisions\/2977"}],"wp:attachment":[{"href":"http:\/\/billys-reisen.de\/index.php?rest_route=%2Fwp%2Fv2%2Fmedia&parent=1527"}],"curies":[{"name":"wp","href":"https:\/\/api.w.org\/{rel}","templated":true}]}}