{"id":1310,"date":"2012-07-01T22:48:11","date_gmt":"2012-07-01T21:48:11","guid":{"rendered":"http:\/\/billys-reisen.de\/?page_id=1310"},"modified":"2012-07-02T01:37:09","modified_gmt":"2012-07-02T00:37:09","slug":"libyen-krieg-2011-in-der-jungen-freiheit","status":"publish","type":"page","link":"http:\/\/billys-reisen.de\/?page_id=1310","title":{"rendered":"Libyen-Krieg 2011 in der &#8222;Jungen Freiheit&#8220;"},"content":{"rendered":"<p>&nbsp;<\/p>\n<p><a title=\"\u201cDer Finger am Abzug sitzt locker\u201d (18.03.2011)\" href=\"http:\/\/billys-reisen.de\/?page_id=1313\">&#8222;Der Finger am Abzug sitzt locker&#8220; (18.03.2011)<\/a><\/p>\n<p><a title=\"\u201cMeine Meinung \u00fcber die USA hat sich ge\u00e4ndert\u201d (17.06.2011)\" href=\"http:\/\/billys-reisen.de\/?page_id=1326\">&#8222;Meine Meinung \u00fcber die USA hat sich ge\u00e4ndert&#8220; (17.06.2011)<\/a><\/p>\n<p><a title=\"\u201cDas Massenm\u00f6rder-M\u00e4rchen\u201d (01.07.2011)\" href=\"http:\/\/billys-reisen.de\/?page_id=1333\">&#8222;Das Massenm\u00f6rder-M\u00e4rchen&#8220; (01.07.2011)<\/a><\/p>\n<p><a title=\"\u201cWahrheit im Krieg\u201d (01.07.2011)\" href=\"http:\/\/billys-reisen.de\/?page_id=1340\">&#8222;Wahrheit im Krieg&#8220; (01.07.2011)<\/a><\/p>\n<p><a title=\"\u201cGaddafis willkommene Sklavenarmee\u201d (08.07.2011)\" href=\"http:\/\/billys-reisen.de\/?page_id=1355\">&#8222;Gaddafis willkommene Sklavenarmee&#8220; (08.07.2011)<\/a><\/p>\n<p><a title=\"\u201cRevolution im Treibsand\u201d (19.08.2011)\" href=\"http:\/\/billys-reisen.de\/?page_id=1363\">&#8222;Revolution im Treibsand&#8220; (19.08.2011)<\/a><\/p>\n<p><a title=\"\u201cB\u00f6se \u00dcberraschungen\u201d (26.08.2011)\" href=\"http:\/\/billys-reisen.de\/?page_id=1376\">&#8222;B\u00f6se \u00dcberraschungen&#8220; (26.08.2011)<\/a><\/p>\n<p><a title=\"\u201cGesch\u00e4fte im W\u00fcstensand\u201d (09.09.2011)\" href=\"http:\/\/billys-reisen.de\/?page_id=1389\">&#8222;Gesch\u00e4fte im W\u00fcstensand&#8220; (09.09.2011)<\/a><\/p>\n<p><a title=\"\u201cKein Gesp\u00fcr f\u00fcr die Wahrheit\u201d (16.09.2011)\" href=\"http:\/\/billys-reisen.de\/?page_id=1397\">&#8222;Kein Gesp\u00fcr f\u00fcr die Wahrheit&#8220; (16.09.2011)<\/a><\/p>\n<p><a title=\"\u201cItaliens blutige Illusion\u201d (14.10.2011)\" href=\"http:\/\/billys-reisen.de\/?page_id=1402\">&#8222;Italiens blutige Illusion&#8220; (14.10.2011)<\/a><\/p>\n<p><a title=\"\u201cDer Islam soll es richten\u201d (28.10.2011)\" href=\"http:\/\/billys-reisen.de\/?page_id=1412\">&#8222;Der Islam soll es richten&#8220; (28.10.2011)<\/a><\/p>\n<p><a title=\"\u201cAus der Traum\u201d (20.01.2012)\" href=\"http:\/\/billys-reisen.de\/?page_id=1419\">&#8222;Aus der Traum&#8220; (20.01.2012)<\/a><\/p>\n<p><a title=\"\u201cMax Schmeling und die Arabellion\u201d (02.03.2012)\" href=\"http:\/\/billys-reisen.de\/?page_id=1425\">&#8222;Max Schmeling und die Arabellion&#8220; (02.03.2012)<\/a><\/p>\n<p>&nbsp;<\/p>\n<p>&nbsp;<\/p>\n<p>&nbsp;<\/p>\n<p>&nbsp;<\/p>\n<p>&nbsp;<\/p>\n<p>&nbsp;<\/p>\n<p>&nbsp;<\/p>\n<p>&nbsp;<\/p>\n","protected":false},"excerpt":{"rendered":"<p>&nbsp; &#8222;Der Finger am Abzug sitzt locker&#8220; (18.03.2011) &#8222;Meine Meinung \u00fcber die USA hat sich ge\u00e4ndert&#8220; (17.06.2011) &#8222;Das Massenm\u00f6rder-M\u00e4rchen&#8220; (01.07.2011) &#8222;Wahrheit im Krieg&#8220; (01.07.2011) &#8222;Gaddafis willkommene Sklavenarmee&#8220; (08.07.2011) &#8222;Revolution im Treibsand&#8220; (19.08.2011) &#8222;B\u00f6se \u00dcberraschungen&#8220; (26.08.2011) &#8222;Gesch\u00e4fte im W\u00fcstensand&#8220; (09.09.2011) &#8222;Kein &hellip; <a href=\"http:\/\/billys-reisen.de\/?page_id=1310\">Weiterlesen <span class=\"meta-nav\">&rarr;<\/span><\/a><\/p>\n","protected":false},"author":2,"featured_media":0,"parent":0,"menu_order":0,"comment_status":"closed","ping_status":"closed","template":"","meta":{"footnotes":""},"class_list":["post-1310","page","type-page","status-publish","hentry"],"jetpack_sharing_enabled":true,"_links":{"self":[{"href":"http:\/\/billys-reisen.de\/index.php?rest_route=\/wp\/v2\/pages\/1310","targetHints":{"allow":["GET"]}}],"collection":[{"href":"http:\/\/billys-reisen.de\/index.php?rest_route=\/wp\/v2\/pages"}],"about":[{"href":"http:\/\/billys-reisen.de\/index.php?rest_route=\/wp\/v2\/types\/page"}],"author":[{"embeddable":true,"href":"http:\/\/billys-reisen.de\/index.php?rest_route=\/wp\/v2\/users\/2"}],"replies":[{"embeddable":true,"href":"http:\/\/billys-reisen.de\/index.php?rest_route=%2Fwp%2Fv2%2Fcomments&post=1310"}],"version-history":[{"count":34,"href":"http:\/\/billys-reisen.de\/index.php?rest_route=\/wp\/v2\/pages\/1310\/revisions"}],"predecessor-version":[{"id":1314,"href":"http:\/\/billys-reisen.de\/index.php?rest_route=\/wp\/v2\/pages\/1310\/revisions\/1314"}],"wp:attachment":[{"href":"http:\/\/billys-reisen.de\/index.php?rest_route=%2Fwp%2Fv2%2Fmedia&parent=1310"}],"curies":[{"name":"wp","href":"https:\/\/api.w.org\/{rel}","templated":true}]}}