{"id":1281,"date":"2012-07-01T22:17:03","date_gmt":"2012-07-01T21:17:03","guid":{"rendered":"http:\/\/billys-reisen.de\/?page_id=1281"},"modified":"2012-07-01T22:17:03","modified_gmt":"2012-07-01T21:17:03","slug":"ein-grus-aus-der-holle-eindrucke-aus-dem-umkampften-misratah-05-05-2011","status":"publish","type":"page","link":"http:\/\/billys-reisen.de\/?page_id=1281","title":{"rendered":"&#8222;Ein Gru\u00df aus der H\u00f6lle &#8211; Eindr\u00fccke aus dem umk\u00e4mpften Misratah&#8220; (05.05.2011)"},"content":{"rendered":"<p><a href=\"http:\/\/billys-reisen.de\/?attachment_id=1282\" rel=\"attachment wp-att-1282\"><img data-recalc-dims=\"1\" loading=\"lazy\" decoding=\"async\" class=\"aligncenter size-full wp-image-1282\" title=\"2011_05_05 _ BAB\" src=\"https:\/\/i0.wp.com\/billys-reisen.de\/wp-content\/uploads\/2012\/07\/2011_05_05-_-BAB.jpg?resize=517%2C607\" alt=\"\" width=\"517\" height=\"607\" srcset=\"https:\/\/i0.wp.com\/billys-reisen.de\/wp-content\/uploads\/2012\/07\/2011_05_05-_-BAB.jpg?w=517 517w, https:\/\/i0.wp.com\/billys-reisen.de\/wp-content\/uploads\/2012\/07\/2011_05_05-_-BAB.jpg?resize=127%2C150 127w, https:\/\/i0.wp.com\/billys-reisen.de\/wp-content\/uploads\/2012\/07\/2011_05_05-_-BAB.jpg?resize=255%2C300 255w\" sizes=\"auto, (max-width: 517px) 100vw, 517px\" \/><\/a><\/p>\n","protected":false},"excerpt":{"rendered":"","protected":false},"author":2,"featured_media":0,"parent":0,"menu_order":0,"comment_status":"closed","ping_status":"closed","template":"","meta":{"footnotes":""},"class_list":["post-1281","page","type-page","status-publish","hentry"],"jetpack_sharing_enabled":true,"_links":{"self":[{"href":"http:\/\/billys-reisen.de\/index.php?rest_route=\/wp\/v2\/pages\/1281","targetHints":{"allow":["GET"]}}],"collection":[{"href":"http:\/\/billys-reisen.de\/index.php?rest_route=\/wp\/v2\/pages"}],"about":[{"href":"http:\/\/billys-reisen.de\/index.php?rest_route=\/wp\/v2\/types\/page"}],"author":[{"embeddable":true,"href":"http:\/\/billys-reisen.de\/index.php?rest_route=\/wp\/v2\/users\/2"}],"replies":[{"embeddable":true,"href":"http:\/\/billys-reisen.de\/index.php?rest_route=%2Fwp%2Fv2%2Fcomments&post=1281"}],"version-history":[{"count":1,"href":"http:\/\/billys-reisen.de\/index.php?rest_route=\/wp\/v2\/pages\/1281\/revisions"}],"predecessor-version":[{"id":1283,"href":"http:\/\/billys-reisen.de\/index.php?rest_route=\/wp\/v2\/pages\/1281\/revisions\/1283"}],"wp:attachment":[{"href":"http:\/\/billys-reisen.de\/index.php?rest_route=%2Fwp%2Fv2%2Fmedia&parent=1281"}],"curies":[{"name":"wp","href":"https:\/\/api.w.org\/{rel}","templated":true}]}}