{"id":1260,"date":"2012-07-01T22:01:05","date_gmt":"2012-07-01T21:01:05","guid":{"rendered":"http:\/\/billys-reisen.de\/?page_id=1260"},"modified":"2012-07-01T22:19:45","modified_gmt":"2012-07-01T21:19:45","slug":"libyen-krieg-2011-im-bab","status":"publish","type":"page","link":"http:\/\/billys-reisen.de\/?page_id=1260","title":{"rendered":"Libyen-Krieg 2011 im &#8222;BAB&#8220;"},"content":{"rendered":"<p>&nbsp;<\/p>\n<p><a title=\"\u201cSiegen oder sterben\u201d (17.03.2011)\" href=\"http:\/\/billys-reisen.de\/?page_id=1275\">&#8222;Siegen oder sterben&#8220; (17.03.2011)<\/a><\/p>\n<p><a title=\"\u201cEin Augenblick in Bengasi\u201d (31.03.2011)\" href=\"http:\/\/billys-reisen.de\/?page_id=1254\">&#8222;Ein Augenblick in Bengasi&#8220; (31.03.2011)<\/a><\/p>\n<p><a title=\"\u201cEin Gru\u00df aus der H\u00f6lle \u2013 Eindr\u00fccke aus dem umk\u00e4mpften Misratah\u201d (05.05.2011)\" href=\"http:\/\/billys-reisen.de\/?page_id=1281\">&#8222;Ein Gru\u00df aus der H\u00f6lle &#8211; Eindr\u00fccke aus dem umk\u00e4mpften Misratah&#8220; (05.05.2011)<\/a><\/p>\n<p><a title=\"\u201cKrieg kennt keine Grenzen\u201d (16.06.2011)\" href=\"http:\/\/billys-reisen.de\/?page_id=1285\">&#8222;Krieg kennt keine Grenzen&#8220; (16.06.2011)<\/a><\/p>\n<p>&nbsp;<\/p>\n","protected":false},"excerpt":{"rendered":"<p>&nbsp; &#8222;Siegen oder sterben&#8220; (17.03.2011) &#8222;Ein Augenblick in Bengasi&#8220; (31.03.2011) &#8222;Ein Gru\u00df aus der H\u00f6lle &#8211; Eindr\u00fccke aus dem umk\u00e4mpften Misratah&#8220; (05.05.2011) &#8222;Krieg kennt keine Grenzen&#8220; (16.06.2011) &nbsp;<\/p>\n","protected":false},"author":2,"featured_media":0,"parent":0,"menu_order":0,"comment_status":"closed","ping_status":"closed","template":"","meta":{"footnotes":""},"class_list":["post-1260","page","type-page","status-publish","hentry"],"jetpack_sharing_enabled":true,"_links":{"self":[{"href":"http:\/\/billys-reisen.de\/index.php?rest_route=\/wp\/v2\/pages\/1260","targetHints":{"allow":["GET"]}}],"collection":[{"href":"http:\/\/billys-reisen.de\/index.php?rest_route=\/wp\/v2\/pages"}],"about":[{"href":"http:\/\/billys-reisen.de\/index.php?rest_route=\/wp\/v2\/types\/page"}],"author":[{"embeddable":true,"href":"http:\/\/billys-reisen.de\/index.php?rest_route=\/wp\/v2\/users\/2"}],"replies":[{"embeddable":true,"href":"http:\/\/billys-reisen.de\/index.php?rest_route=%2Fwp%2Fv2%2Fcomments&post=1260"}],"version-history":[{"count":9,"href":"http:\/\/billys-reisen.de\/index.php?rest_route=\/wp\/v2\/pages\/1260\/revisions"}],"predecessor-version":[{"id":1264,"href":"http:\/\/billys-reisen.de\/index.php?rest_route=\/wp\/v2\/pages\/1260\/revisions\/1264"}],"wp:attachment":[{"href":"http:\/\/billys-reisen.de\/index.php?rest_route=%2Fwp%2Fv2%2Fmedia&parent=1260"}],"curies":[{"name":"wp","href":"https:\/\/api.w.org\/{rel}","templated":true}]}}