{"id":1248,"date":"2012-07-01T18:27:06","date_gmt":"2012-07-01T17:27:06","guid":{"rendered":"http:\/\/billys-reisen.de\/?page_id=1248"},"modified":"2012-07-01T18:27:06","modified_gmt":"2012-07-01T17:27:06","slug":"deutschland-magazin-5556-vom-novemberdezember-2011-uber-das-wusten-chaos-im-suden-libyens","status":"publish","type":"page","link":"http:\/\/billys-reisen.de\/?page_id=1248","title":{"rendered":"\u201cDeutschland-Magazin\u201d 55\/56 vom November\/Dezember 2011 \u00fcber das W\u00fcsten-Chaos im S\u00fcden Libyens"},"content":{"rendered":"<p><![if !IE]><iframe loading=\"lazy\" src=\"http:\/\/docs.google.com\/viewer?url=http%3A%2F%2Fbillys-reisen.de%2Fwp-content%2Fuploads%2F2012%2F07%2F2011_12-_-Deutschland-Magazin-_-Kufrah-Chaos.pdf&amp;embedded=true\" class=\"pdf\" frameborder=\"0\" style=\"height:960px;width:640px;border:0\" width=\"640\" height=\"960\"><\/iframe><![endif]><!--[if IE]><object width=\"640\" height=\"960\" type=\"application\/pdf\" data=\"http:\/\/billys-reisen.de\/wp-content\/uploads\/2012\/07\/2011_12-_-Deutschland-Magazin-_-Kufrah-Chaos.pdf\" class=\"pdf ie\">\n \n<div style=\"width:640;height:960;text-align:center;background:#fff;color:#000;margin:0;border:0;padding:0\">Unable to display PDF<br \/><a href=\"http:\/\/billys-reisen.de\/wp-content\/uploads\/2012\/07\/2011_12-_-Deutschland-Magazin-_-Kufrah-Chaos.pdf\">Click here to download<\/a><\/div>\n \n<\/object><![endif]--><\/p>\n","protected":false},"excerpt":{"rendered":"","protected":false},"author":2,"featured_media":0,"parent":0,"menu_order":0,"comment_status":"closed","ping_status":"closed","template":"","meta":{"footnotes":""},"class_list":["post-1248","page","type-page","status-publish","hentry"],"jetpack_sharing_enabled":true,"_links":{"self":[{"href":"http:\/\/billys-reisen.de\/index.php?rest_route=\/wp\/v2\/pages\/1248","targetHints":{"allow":["GET"]}}],"collection":[{"href":"http:\/\/billys-reisen.de\/index.php?rest_route=\/wp\/v2\/pages"}],"about":[{"href":"http:\/\/billys-reisen.de\/index.php?rest_route=\/wp\/v2\/types\/page"}],"author":[{"embeddable":true,"href":"http:\/\/billys-reisen.de\/index.php?rest_route=\/wp\/v2\/users\/2"}],"replies":[{"embeddable":true,"href":"http:\/\/billys-reisen.de\/index.php?rest_route=%2Fwp%2Fv2%2Fcomments&post=1248"}],"version-history":[{"count":2,"href":"http:\/\/billys-reisen.de\/index.php?rest_route=\/wp\/v2\/pages\/1248\/revisions"}],"predecessor-version":[{"id":1251,"href":"http:\/\/billys-reisen.de\/index.php?rest_route=\/wp\/v2\/pages\/1248\/revisions\/1251"}],"wp:attachment":[{"href":"http:\/\/billys-reisen.de\/index.php?rest_route=%2Fwp%2Fv2%2Fmedia&parent=1248"}],"curies":[{"name":"wp","href":"https:\/\/api.w.org\/{rel}","templated":true}]}}