{"id":1223,"date":"2012-07-01T04:20:25","date_gmt":"2012-07-01T03:20:25","guid":{"rendered":"http:\/\/billys-reisen.de\/?page_id=1223"},"modified":"2012-07-01T04:20:25","modified_gmt":"2012-07-01T03:20:25","slug":"fuhrerschein-zum-reiten-des-vogel-straus-sudafrika-im-september-2009","status":"publish","type":"page","link":"http:\/\/billys-reisen.de\/?page_id=1223","title":{"rendered":"F\u00fchrerschein zum Reiten des Vogel-Strau\u00df (S\u00fcdafrika im September 2009)"},"content":{"rendered":"<div id=\"attachment_1224\" style=\"width: 776px\" class=\"wp-caption aligncenter\"><a href=\"http:\/\/billys-reisen.de\/?attachment_id=1224\" rel=\"attachment wp-att-1224\"><img data-recalc-dims=\"1\" loading=\"lazy\" decoding=\"async\" aria-describedby=\"caption-attachment-1224\" class=\"size-full wp-image-1224\" title=\"2009 _ Zertifikat Straussenreiten\" src=\"https:\/\/i0.wp.com\/billys-reisen.de\/wp-content\/uploads\/2012\/07\/2009-_-Zertifikat-Straussenreiten.jpg?resize=640%2C890\" alt=\"\" width=\"640\" height=\"890\" srcset=\"https:\/\/i0.wp.com\/billys-reisen.de\/wp-content\/uploads\/2012\/07\/2009-_-Zertifikat-Straussenreiten.jpg?w=766 766w, https:\/\/i0.wp.com\/billys-reisen.de\/wp-content\/uploads\/2012\/07\/2009-_-Zertifikat-Straussenreiten.jpg?resize=107%2C150 107w, https:\/\/i0.wp.com\/billys-reisen.de\/wp-content\/uploads\/2012\/07\/2009-_-Zertifikat-Straussenreiten.jpg?resize=215%2C300 215w, https:\/\/i0.wp.com\/billys-reisen.de\/wp-content\/uploads\/2012\/07\/2009-_-Zertifikat-Straussenreiten.jpg?resize=736%2C1024 736w\" sizes=\"auto, (max-width: 640px) 100vw, 640px\" \/><\/a><p id=\"caption-attachment-1224\" class=\"wp-caption-text\">F\u00fchrerschein zum Reiten des Vogel-Strau\u00df (S\u00fcdafrika im September 2009)<\/p><\/div>\n","protected":false},"excerpt":{"rendered":"","protected":false},"author":2,"featured_media":0,"parent":0,"menu_order":0,"comment_status":"closed","ping_status":"closed","template":"","meta":{"footnotes":""},"class_list":["post-1223","page","type-page","status-publish","hentry"],"jetpack_sharing_enabled":true,"_links":{"self":[{"href":"http:\/\/billys-reisen.de\/index.php?rest_route=\/wp\/v2\/pages\/1223","targetHints":{"allow":["GET"]}}],"collection":[{"href":"http:\/\/billys-reisen.de\/index.php?rest_route=\/wp\/v2\/pages"}],"about":[{"href":"http:\/\/billys-reisen.de\/index.php?rest_route=\/wp\/v2\/types\/page"}],"author":[{"embeddable":true,"href":"http:\/\/billys-reisen.de\/index.php?rest_route=\/wp\/v2\/users\/2"}],"replies":[{"embeddable":true,"href":"http:\/\/billys-reisen.de\/index.php?rest_route=%2Fwp%2Fv2%2Fcomments&post=1223"}],"version-history":[{"count":1,"href":"http:\/\/billys-reisen.de\/index.php?rest_route=\/wp\/v2\/pages\/1223\/revisions"}],"predecessor-version":[{"id":1225,"href":"http:\/\/billys-reisen.de\/index.php?rest_route=\/wp\/v2\/pages\/1223\/revisions\/1225"}],"wp:attachment":[{"href":"http:\/\/billys-reisen.de\/index.php?rest_route=%2Fwp%2Fv2%2Fmedia&parent=1223"}],"curies":[{"name":"wp","href":"https:\/\/api.w.org\/{rel}","templated":true}]}}