{"id":114,"date":"2011-03-30T01:42:17","date_gmt":"2011-03-29T23:42:17","guid":{"rendered":"http:\/\/new.billys-reisen.de\/?page_id=114"},"modified":"2026-04-18T14:46:55","modified_gmt":"2026-04-18T12:46:55","slug":"berichte-von-billy","status":"publish","type":"page","link":"http:\/\/billys-reisen.de\/?page_id=114","title":{"rendered":"Berichte von Billy"},"content":{"rendered":"<ul class=\"Sonst_artikel\">\n<li>(1)\u00a0<a title=\"2004er SHL-Magazin \u00fcber Bosnien 1\" href=\"http:\/\/billys-reisen.de\/?page_id=417\">&#8222;2004er SHL-Magazin \u00fcber Bosnien 1&#8220;<\/a><\/li>\n<\/ul>\n<ul class=\"Sonst_artikel\">\n<li>(2)\u00a0<a title=\"2004er SHL-Magazin \u00fcber Bosnien 2\" href=\"http:\/\/billys-reisen.de\/?page_id=423\">&#8222;2004er SHL-Magazin \u00fcber Bosnien 2&#8220;<\/a><\/li>\n<\/ul>\n<ul class=\"Sonst_artikel\">\n<li>(3)\u00a0<a title=\"Magazin \u201cRaum und Zeit\u201d\" href=\"http:\/\/billys-reisen.de\/?page_id=428\">Magazin &#8222;Raum und Zeit&#8220; &#8211; vom 01.12.2008 \u00fcber die Sudan-Reise<\/a><\/li>\n<\/ul>\n<ul class=\"Sonst_artikel\">\n<li>(4)\u00a0<a title=\"Afrika-Serie 2008 im \u201cSRB\u201d\" href=\"http:\/\/billys-reisen.de\/?page_id=437\">Afrika-Serie 2008\/2009 im &#8222;SRB&#8220;<\/a><\/li>\n<\/ul>\n<ul class=\"Sonst_artikel\">\n<li>(5)\u00a0<a title=\"Afrika-Serie 2010 im \u201cSRB\u201d\" href=\"http:\/\/billys-reisen.de\/?page_id=442\">Afrika-Serie 2010\/2011 im &#8222;SRB&#8220;<\/a><\/li>\n<\/ul>\n<ul class=\"Sonst_artikel\">\n<li>(6)\u00a0<a title=\"S\u00fcdafrika in der \u201cJunge Freiheit\u201d 2010\" href=\"http:\/\/billys-reisen.de\/?page_id=1494\">S\u00fcdafrika in der &#8222;Jungen Freiheit&#8220; 2010<\/a><\/li>\n<\/ul>\n<ul class=\"Sonst_artikel\">\n<li>(7)\u00a0<a title=\"\u201cDeutschland-Magazin\u201d 47\/48 vom Juni 2010\" href=\"http:\/\/billys-reisen.de\/?page_id=433\">&#8222;Deutschland-Magazin&#8220; 47\/48 vom Juni 2010 zu den Gefahren um die WM in S\u00fcdafrika<\/a><\/li>\n<\/ul>\n<ul class=\"Sonst_artikel\">\n<li>(8)\u00a0<a href=\"http:\/\/billys-reisen.de\/wp-content\/uploads\/2011\/03\/2010_Globetrotter-Magazin_Wilder-Westen-im-Nordosten-Afrikas.pdf\">&#8222;Wilder Westen im Nordosten Afrikas&#8220; &#8211; Sudan-Bericht im &#8222;Globetrotter Magazin&#8220; (Sommer 2010)<\/a><\/li>\n<\/ul>\n<ul class=\"Sonst_artikel\">\n<li>(9)\u00a0<a title=\"\u201cDeutschland-Magazin\u201d 55\/56 vom November\/Dezember 2011 \u00fcber das W\u00fcsten-Chaos im S\u00fcden Libyens\" href=\"http:\/\/billys-reisen.de\/?page_id=1248\">&#8222;Deutschland-Magazin&#8220; 55\/56 vom November\/Dezember 2011 \u00fcber das W\u00fcsten-Chaos im S\u00fcden Libyens<\/a><\/li>\n<\/ul>\n<ul class=\"Sonst_artikel\">\n<li>(10)\u00a0<a title=\"Libyen-Krieg 2011 im \u201cSRB\u201d\" href=\"http:\/\/billys-reisen.de\/?page_id=1463\">Libyen-Krieg 2011 im &#8222;SRB&#8220;<\/a><\/li>\n<\/ul>\n<ul class=\"Sonst_artikel\">\n<li>(11)\u00a0<a title=\"Libyen-Krieg 2011 im \u201cBAB\u201d\" href=\"http:\/\/billys-reisen.de\/?page_id=1260\">Libyen-Krieg 2011 im &#8222;BAB&#8220;<\/a><\/li>\n<\/ul>\n<ul class=\"Sonst_artikel\">\n<li>(12)\u00a0<a title=\"Libyen-Krieg 2011 in der \u201cJ\u00fcdischen Allgemeinen\u201d\" href=\"http:\/\/billys-reisen.de\/?page_id=1291\">Libyen-Krieg 2011 in der &#8222;J\u00fcdischen Allgemeinen&#8220;<\/a><\/li>\n<\/ul>\n<ul class=\"Sonst_artikel\">\n<li>(13)\u00a0<a title=\"Libyen-Krieg 2011 in der \u201cPreu\u00dfischen Allgemeinen\u201d\" href=\"http:\/\/billys-reisen.de\/?page_id=1447\">Libyen-Krieg 2011 in der &#8222;Preu\u00dfischen Allgemeinen&#8220;<\/a><\/li>\n<\/ul>\n<ul class=\"Sonst_artikel\">\n<li>(14)\u00a0<a title=\"Libyen-Krieg 2011 in der \u201cJungen Freiheit\u201d\" href=\"http:\/\/billys-reisen.de\/?page_id=1310\">Libyen-Krieg 2011 in der &#8222;Jungen Freiheit&#8220;<\/a><\/li>\n<\/ul>\n<ul class=\"Sonst_artikel\">\n<li>(15)\u00a0<a href=\"http:\/\/billys-reisen.de\/wp-content\/uploads\/2011\/03\/2012_07_13_Junge-Freiheit_Besser-als-das-Dschungelcamp.pdf\">&#8222;Besser als das Dschungelcamp&#8220; (&#8222;Junge Freiheit&#8220;, 13.07.2012)<\/a><\/li>\n<\/ul>\n<ul class=\"Sonst_artikel\">\n<li>(16)\u00a0<a href=\"http:\/\/billys-reisen.de\/wp-content\/uploads\/2011\/03\/2012_DEUTSCHLAND-Magazin_Griechenland.pdf\">&#8222;Deutschland-Magazin&#8220; 59\/60 aus 2012: &#8222;Krisenland Griechenland &#8211; Schwierige Hilfe f\u00fcr schwierige Leute&#8220;<\/a><\/li>\n<\/ul>\n<ul class=\"Sonst_artikel\">\n<li>(17)\u00a0<a title=\"Billys Berichte aus Syrien in der \u201cJUNGEN FREIHEIT\u201d\" href=\"http:\/\/billys-reisen.de\/?page_id=1723\">Syrien-Krieg 2012\/13 in der &#8222;Jungen Freiheit&#8220;<\/a><\/li>\n<\/ul>\n<ul class=\"Sonst_artikel\">\n<li>(18)\u00a0<a href=\"http:\/\/konservative.de\/Billy-Six-Kriegs-Tagebuch\">Syrien-Krieg 2012\/13 auf &#8222;konservative.de&#8220;<\/a><\/li>\n<\/ul>\n<ul class=\"Sonst_artikel\">\n<li>(19)\u00a0<a href=\"http:\/\/billys-reisen.de\/wp-content\/uploads\/2011\/03\/2013_DEUTSCHLAND-Magazin_Syrien-Steinigung.pdf\">&#8222;Deutschland-Magazin&#8220; 61\/62 aus 2013: &#8222;Ja, sie sollen gesteinigt werden&#8220; (Syrien)<\/a><\/li>\n<\/ul>\n<ul class=\"Sonst_artikel\">\n<li>(20)\u00a0<a href=\"http:\/\/www.tvbvideo.de\/video\/546575071d9s.html\">&#8222;Schupelius fragt!&#8220; auf TV Berlin &#8211; mit Billy Six zum Syrien-Krieg\/Haft, Teil 1 (24.03.2013)<\/a><\/li>\n<\/ul>\n<ul class=\"Sonst_artikel\">\n<li>(21)\u00a0<a href=\"http:\/\/www.tvbvideo.de\/video\/28a240c3548s.html\">&#8222;Schupelius fragt!&#8220; auf TV Berlin &#8211; mit Billy Six zum Syrien-Krieg\/Haft, Teil 2 (24.03.2013)<\/a><\/li>\n<\/ul>\n<ul class=\"Sonst_artikel\">\n<li>(22)\u00a0<a title=\"Netzseite \u201cStimme Russlands\u201d \u2013 Direktgespr\u00e4ch Olivier Renault &amp; Billy Six (M\u00e4rz\/April 2013)\" href=\"http:\/\/billys-reisen.de\/?p=1797\">Netzseite &#8222;Stimme Russlands&#8220; &#8211; Direktgespr\u00e4ch Olivier Renault &amp; Billy Six zu Syrien (M\u00e4rz\/April 2013)<\/a><\/li>\n<\/ul>\n<ul class=\"Sonst_artikel\">\n<li>(23)\u00a0<a title=\"Radiogespr\u00e4ch mit \u201cSTIMME RUSSLANDS\u201d am 15.05.2013 (Armin Siebert &amp; Billy Six)\" href=\"http:\/\/billys-reisen.de\/?page_id=1750\">Radio &#8222;Stimme Russlands&#8220; mit Armin Siebert &amp; Billy Six zu Syrien (15.05.2013)<\/a><\/li>\n<\/ul>\n<ul class=\"Sonst_artikel\">\n<li>(24)\u00a0<a title=\"Radio-Gespr\u00e4ch \u201cRPR 1\u2033 in Koblenz mit Reiner Meutsch &amp; Billy Six am 28.07.2013\" href=\"http:\/\/billys-reisen.de\/?p=1758\">Radio &#8222;RPR 1&#8220; in Koblenz mit Reiner Meutsch &amp; Billy Six zu Syrien (28.07.2013)<\/a><\/li>\n<\/ul>\n<ul class=\"Sonst_artikel\">\n<li>(25)\u00a0<a href=\"http:\/\/billys-reisen.de\/wp-content\/uploads\/2011\/03\/2013_DEUTSCHLAND-Magazin_Syrien-Albtraum.pdf\">&#8222;Deutschland-Magazin&#8220; 63\/64 aus 2013: &#8222;Zwischen Himmel und H\u00f6lle &#8211; Gefangen im Syrien-Krieg&#8220;<\/a><\/li>\n<\/ul>\n<ul class=\"Sonst_artikel\">\n<li>(26)\u00a0<a title=\"Unruhiger Libanon \u2013 Reportagen f\u00fcr \u201cJunge Freiheit\u201d (2013)\" href=\"http:\/\/billys-reisen.de\/?p=1787\">Unruhiger Libanon &#8211; Reportagen f\u00fcr &#8222;Junge Freiheit&#8220; (2013)<\/a><\/li>\n<\/ul>\n<ul class=\"Sonst_artikel\">\n<li>(27)\u00a0<a title=\"Libanon: \u201cVerschleppt im Hisbollah-Land\u201d (P.T. Magazin, 09.01.2014)\" href=\"http:\/\/billys-reisen.de\/?p=2148\">Libanon: &#8222;Verschleppt im Hisbollah-Land&#8220; (P.T. Magazin Nr. 01\/14, 09.01.2014)<\/a><\/li>\n<\/ul>\n<ul class=\"Sonst_artikel\">\n<li>(28)\u00a0<a title=\"Unruhiges \u00c4gypten \u2013 Reportagen f\u00fcr \u201cJunge Freiheit\u201d (2013\/14)\" href=\"http:\/\/billys-reisen.de\/?p=1803\">Unruhiges \u00c4gypten &#8211; Reportagen f\u00fcr &#8222;Junge Freiheit&#8220; (2013\/14)<\/a><\/li>\n<\/ul>\n<ul class=\"Sonst_artikel\">\n<li>(29) <a href=\"http:\/\/billys-reisen.de\/wp-content\/uploads\/2011\/03\/DM-\u00c4gypten.pdf\">DEUTSCHLAND-MAGAZIN 67\/68 aus 2014 &#8211; \u00c4gypten, Teil 1 &#8211; &#8222;Das einstige Urlauber-Paradies kommt nicht zur Ruhe&#8220;<\/a><\/li>\n<\/ul>\n<ul class=\"Sonst_artikel\">\n<li>(30) <a href=\"http:\/\/www.blauenarzisse.de\/index.php\/gesichtet\/item\/4875-ukrainisches-chaos\">&#8222;Ukrainisches Chaos&#8220; &#8211; Direktgespr\u00e4ch Johannes Sch\u00fcller &amp; Billy Six bei &#8222;Blaue Narzisse&#8220; (11.09.2014)\u00a0<\/a><\/li>\n<\/ul>\n<ul class=\"Sonst_artikel\">\n<li>(31)\u00a0<a href=\"http:\/\/billys-reisen.de\/wp-content\/uploads\/2011\/03\/Billy_Maidanartikel.pdf\">Ukraine: &#8222;Ziel verfehlt&#8220; (P.T. Magazin Nr. 06\/14, 04.11.2014)<\/a><\/li>\n<\/ul>\n<ul class=\"Sonst_artikel\">\n<li>(32) <a title=\"Ukraine: \u201cSpurensuche in Kiew und Donezk\u201d (Sputnik Deutschland, 09.02.2015)\" href=\"http:\/\/billys-reisen.de\/?page_id=2337\">Ukraine: &#8222;Spurensuche in Kiew und Donezk&#8220; (09.02.2015)<\/a><\/li>\n<\/ul>\n<ul class=\"Sonst_artikel\">\n<li>(33)\u00a0<a title=\"Radio-Gespr\u00e4ch \u201cRPR 1\u2033 in Koblenz mit Reiner Meutsch &amp; Billy Six am 28.07.2013\" href=\"http:\/\/billys-reisen.de\/?p=2377\">Radio \u201eRPR 1\u2033 in Koblenz mit Reiner Meutsch &amp; Billy Six zu Krieg und Haft in Syrien (24.05.2015)<\/a><\/li>\n<\/ul>\n<ul class=\"Sonst_artikel\">\n<li>(34) <a title=\"Vom EuroMaidan zum B\u00fcrgerkrieg \u2013 Berichte aus der Ukraine f\u00fcr die \u201cJunge Freiheit\u201d (2014)\" href=\"http:\/\/billys-reisen.de\/?page_id=1931\">Vom EuroMaidan zum B\u00fcrgerkrieg &#8211; Berichte aus der Ukraine f\u00fcr die &#8222;Junge Freiheit&#8220; (2014\/15)<\/a><\/li>\n<\/ul>\n<ul class=\"Sonst_artikel\">\n<li>(35) <a href=\"http:\/\/billys-reisen.de\/?page_id=2747\">Mord im Himmel &#8211; Abschuss MH-17 \u00fcber der Ukraine (2014-2020)<\/a><\/li>\n<\/ul>\n<ul class=\"Sonst_artikel\">\n<li>(36)\u00a0<a href=\"http:\/\/billys-reisen.de\/?p=2444\">Migranten-Ansturm auf Europa &#8211; Berichte f\u00fcr JUNGE FREIHEIT (2015)<\/a><\/li>\n<\/ul>\n<ul class=\"Sonst_artikel\">\n<li>(37) <a href=\"http:\/\/billys-reisen.de\/?p=2593\">BRD von innen &#8211; Deutschland von Sinnen (2016\/17) <\/a><\/li>\n<\/ul>\n<ul class=\"Sonst_artikel\">\n<li>(38) <a href=\"http:\/\/billys-reisen.de\/wp-content\/uploads\/2017\/11\/2017_09_DM_Laura-Simon-in-Toronto-M\u00e4rz-2017.pdf\">Holocaust-\u00dcberlebende: &#8222;F\u00fcr Deutschland gab mein Vater alles&#8220; &#8211; doch Hitler trieb sie aus dem Land (Toronto\/Kanada, 2017)<\/a><\/li>\n<\/ul>\n<ul class=\"Sonst_artikel\">\n<li>(39) <a href=\"http:\/\/billys-reisen.de\/wp-content\/uploads\/2011\/03\/2018_01_26-_-Chalupa-Bericht-Kongo-_-JF.pdf\">&#8222;Nichts wird ordentlich gemacht&#8220; (JUNGE FREIHEIT, 26.01.18, zur Krise im Kongo)<\/a><\/li>\n<\/ul>\n<ul class=\"Sonst_artikel\">\n<li>(40) <a href=\"http:\/\/billys-reisen.de\/?page_id=2686\">S\u00fcdamerika: B\u00f6ses Erwachen aus linken Tr\u00e4umen (2017\/18)<\/a><\/li>\n<\/ul>\n<ul class=\"Sonst_artikel\">\n<li>(41)<a href=\"http:\/\/billys-reisen.de\/?p=3126\"> Stasi-Haft in Venezuela &#8211; Bundesregierung setzt mein Leben aufs Spiel! (2018\/19 ff)<\/a><\/li>\n<\/ul>\n<ul class=\"Sonst_artikel\">\n<li>(42) <a href=\"http:\/\/billys-reisen.de\/?page_id=2914\">Auskunfts-Klage gegen die SIEMENS AG zum Venezuela-Gesch\u00e4ft &#8212;- (Februar bis Mai 2020)<\/a><\/li>\n<\/ul>\n<ul class=\"Sonst_artikel\">\n<li>(43) <a href=\"http:\/\/billys-reisen.de\/wp-content\/uploads\/2020\/09\/2020_09-_-Deutschland-Magazin-_-Prof.-Alfred-de-Zayas.pdf\">Prof. Dr. Alfred de Zayas &#8211; UN-Diplomat a.D. vs. Merkel &#8211; Reportage aus Genf im Deutschland-Magazin Nr. 83\/84 (September 2020)<\/a><\/li>\n<\/ul>\n<ul class=\"Sonst_artikel\">\n<li>(44) <a href=\"http:\/\/billys-reisen.de\/?p=2763\">Zeitenwende: Die Welt im Corona-Wahn (2020)<\/a><\/li>\n<\/ul>\n<ul class=\"Sonst_artikel\">\n<li>(45) <a href=\"http:\/\/billys-reisen.de\/?p=3067\">FREI WERDEN VON DER BRD : #Auswandern , #Flaggentheorie , #Internationalisierung , #Eigensouver\u00e4nit\u00e4t , #NWO-#Aussteiger , #Staatenlos , #Steuerfrei (2020 ff)<\/a><\/li>\n<\/ul>\n<ul class=\"Sonst_artikel\">\n<li>(46) <a href=\"http:\/\/billys-reisen.de\/?p=3054\">Der Ukraine-Krieg eskaliert (2022 ff)<\/a><\/li>\n<\/ul>\n<ul class=\"Sonst_artikel\">\n<li>(47) <a href=\"http:\/\/billys-reisen.de\/?p=3235\">Nachforschung zum 2. Weltkrieg &#8211; alte Fakten in neuem Licht (2023 ff)<\/a><\/li>\n<\/ul>\n<ul class=\"Sonst_artikel\">\n<li>(48) <a href=\"http:\/\/billys-reisen.de\/?p=3238\">Das \u201eDeutschland-Magazin\u201c 2025 \/ Billy Six als Chef-Redakteur<\/a><\/li>\n<\/ul>\n<ul class=\"Sonst_artikel\">\n<li>(49) <a href=\"http:\/\/billys-reisen.de\/?page_id=3287\">Die Welt aus den Fugen (2026)<\/a><\/li>\n<\/ul>\n<div id=\"attachment_1521\" style=\"width: 650px\" class=\"wp-caption aligncenter\"><a title=\"Radiogespr\u00e4ch mit \u201cSTIMME RUSSLANDS\u201d am 15.05.2013 (Armin Siebert &amp; Billy Six)\" href=\"http:\/\/billys-reisen.de\/?page_id=1750\"><img data-recalc-dims=\"1\" loading=\"lazy\" decoding=\"async\" aria-describedby=\"caption-attachment-1521\" class=\" wp-image-1521 \" title=\"HPIM1758\" src=\"https:\/\/i0.wp.com\/billys-reisen.de\/wp-content\/uploads\/2011\/03\/HPIM1758.jpg?resize=640%2C476\" alt=\"\" width=\"640\" height=\"476\" srcset=\"https:\/\/i0.wp.com\/billys-reisen.de\/wp-content\/uploads\/2011\/03\/HPIM1758.jpg?resize=1024%2C763 1024w, https:\/\/i0.wp.com\/billys-reisen.de\/wp-content\/uploads\/2011\/03\/HPIM1758.jpg?resize=150%2C111 150w, https:\/\/i0.wp.com\/billys-reisen.de\/wp-content\/uploads\/2011\/03\/HPIM1758.jpg?resize=300%2C223 300w, https:\/\/i0.wp.com\/billys-reisen.de\/wp-content\/uploads\/2011\/03\/HPIM1758.jpg?w=1280 1280w, https:\/\/i0.wp.com\/billys-reisen.de\/wp-content\/uploads\/2011\/03\/HPIM1758.jpg?w=1920 1920w\" sizes=\"auto, (max-width: 640px) 100vw, 640px\" \/><\/a><p id=\"caption-attachment-1521\" class=\"wp-caption-text\">Billy berichtet von 1001er Nacht &#8230; (Angola 2009)<\/p><\/div>\n","protected":false},"excerpt":{"rendered":"<p>(1)\u00a0&#8222;2004er SHL-Magazin \u00fcber Bosnien 1&#8220; (2)\u00a0&#8222;2004er SHL-Magazin \u00fcber Bosnien 2&#8220; (3)\u00a0Magazin &#8222;Raum und Zeit&#8220; &#8211; vom 01.12.2008 \u00fcber die Sudan-Reise (4)\u00a0Afrika-Serie 2008\/2009 im &#8222;SRB&#8220; (5)\u00a0Afrika-Serie 2010\/2011 im &#8222;SRB&#8220; (6)\u00a0S\u00fcdafrika in der &#8222;Jungen Freiheit&#8220; 2010 (7)\u00a0&#8222;Deutschland-Magazin&#8220; 47\/48 vom Juni 2010 zu &hellip; <a href=\"http:\/\/billys-reisen.de\/?page_id=114\">Weiterlesen <span class=\"meta-nav\">&rarr;<\/span><\/a><\/p>\n","protected":false},"author":1,"featured_media":0,"parent":58,"menu_order":0,"comment_status":"closed","ping_status":"closed","template":"","meta":{"footnotes":""},"class_list":["post-114","page","type-page","status-publish","hentry"],"jetpack_sharing_enabled":true,"_links":{"self":[{"href":"http:\/\/billys-reisen.de\/index.php?rest_route=\/wp\/v2\/pages\/114","targetHints":{"allow":["GET"]}}],"collection":[{"href":"http:\/\/billys-reisen.de\/index.php?rest_route=\/wp\/v2\/pages"}],"about":[{"href":"http:\/\/billys-reisen.de\/index.php?rest_route=\/wp\/v2\/types\/page"}],"author":[{"embeddable":true,"href":"http:\/\/billys-reisen.de\/index.php?rest_route=\/wp\/v2\/users\/1"}],"replies":[{"embeddable":true,"href":"http:\/\/billys-reisen.de\/index.php?rest_route=%2Fwp%2Fv2%2Fcomments&post=114"}],"version-history":[{"count":113,"href":"http:\/\/billys-reisen.de\/index.php?rest_route=\/wp\/v2\/pages\/114\/revisions"}],"predecessor-version":[{"id":3296,"href":"http:\/\/billys-reisen.de\/index.php?rest_route=\/wp\/v2\/pages\/114\/revisions\/3296"}],"up":[{"embeddable":true,"href":"http:\/\/billys-reisen.de\/index.php?rest_route=\/wp\/v2\/pages\/58"}],"wp:attachment":[{"href":"http:\/\/billys-reisen.de\/index.php?rest_route=%2Fwp%2Fv2%2Fmedia&parent=114"}],"curies":[{"name":"wp","href":"https:\/\/api.w.org\/{rel}","templated":true}]}}