{"id":1098,"date":"2012-07-01T01:46:06","date_gmt":"2012-07-01T00:46:06","guid":{"rendered":"http:\/\/billys-reisen.de\/?page_id=1098"},"modified":"2022-05-12T22:38:22","modified_gmt":"2022-05-12T20:38:22","slug":"widmungen-fur-billys-reisen","status":"publish","type":"page","link":"http:\/\/billys-reisen.de\/?page_id=1098","title":{"rendered":"Widmungen f\u00fcr Billys Reisen"},"content":{"rendered":"<p><strong>Gemeinsam im &#8222;Paradies&#8220; &#8211; Ausflug ins Janukowitsch-Anwesen Mijihiria (nahe Kiew, 19.08.2014)<\/strong><\/p>\n<p><a href=\"https:\/\/i0.wp.com\/billys-reisen.de\/wp-content\/uploads\/2012\/07\/IMG_0302.jpg\"><img data-recalc-dims=\"1\" loading=\"lazy\" decoding=\"async\" class=\"aligncenter wp-image-2123 size-full\" src=\"https:\/\/i0.wp.com\/billys-reisen.de\/wp-content\/uploads\/2012\/07\/IMG_0302.jpg?resize=640%2C480\" alt=\"IMG_0302\" width=\"640\" height=\"480\" srcset=\"https:\/\/i0.wp.com\/billys-reisen.de\/wp-content\/uploads\/2012\/07\/IMG_0302.jpg?w=4608 4608w, https:\/\/i0.wp.com\/billys-reisen.de\/wp-content\/uploads\/2012\/07\/IMG_0302.jpg?resize=150%2C112 150w, https:\/\/i0.wp.com\/billys-reisen.de\/wp-content\/uploads\/2012\/07\/IMG_0302.jpg?resize=300%2C225 300w, https:\/\/i0.wp.com\/billys-reisen.de\/wp-content\/uploads\/2012\/07\/IMG_0302.jpg?resize=1024%2C768 1024w, https:\/\/i0.wp.com\/billys-reisen.de\/wp-content\/uploads\/2012\/07\/IMG_0302.jpg?w=1280 1280w, https:\/\/i0.wp.com\/billys-reisen.de\/wp-content\/uploads\/2012\/07\/IMG_0302.jpg?w=1920 1920w\" sizes=\"auto, (max-width: 640px) 100vw, 640px\" \/><\/a><em>It was really interesting for me to meet such extraordinary and unusual person like you, Billi. I think you\u00b4ll reach your goal and go around the world. I wish you all the best! Take care of you \ud83d\ude42<\/em><\/p>\n<p><em>Rita from Lugansk (Ukraine)<\/em><\/p>\n<p>Ich muss sagen, dass du echt ein krasser Typ bist! Deine Hartn\u00e4ckigkeit zeichnet dich aus. Kann dich aber auch in Gefahr bringen. Deswegen pass auf dich auf! Hab mich sehr gefreut, einen au\u00dfergew\u00f6hnlichen Menschen wie dich kennenzulernen!<\/p>\n<p>Davide aus Marburg (Deutschland)<\/p>\n<p>&#8212;<\/p>\n<p><strong>Kiew, Ukraine &#8211; mit Olga auf dem Maidan!<\/strong><\/p>\n<p><em>(Kiev, Ukraine &#8211; with Olga on Maidan!)<\/em><\/p>\n<p><a href=\"https:\/\/i0.wp.com\/billys-reisen.de\/wp-content\/uploads\/2012\/07\/IMG_7719.jpg\"><img data-recalc-dims=\"1\" loading=\"lazy\" decoding=\"async\" class=\"aligncenter size-large wp-image-1924\" src=\"https:\/\/i0.wp.com\/billys-reisen.de\/wp-content\/uploads\/2012\/07\/IMG_7719.jpg?resize=640%2C480\" alt=\"IMG_7719\" width=\"640\" height=\"480\" srcset=\"https:\/\/i0.wp.com\/billys-reisen.de\/wp-content\/uploads\/2012\/07\/IMG_7719.jpg?resize=1024%2C768 1024w, https:\/\/i0.wp.com\/billys-reisen.de\/wp-content\/uploads\/2012\/07\/IMG_7719.jpg?resize=150%2C112 150w, https:\/\/i0.wp.com\/billys-reisen.de\/wp-content\/uploads\/2012\/07\/IMG_7719.jpg?resize=300%2C225 300w, https:\/\/i0.wp.com\/billys-reisen.de\/wp-content\/uploads\/2012\/07\/IMG_7719.jpg?w=1280 1280w, https:\/\/i0.wp.com\/billys-reisen.de\/wp-content\/uploads\/2012\/07\/IMG_7719.jpg?w=1920 1920w\" sizes=\"auto, (max-width: 640px) 100vw, 640px\" \/><\/a><\/p>\n<p>Outstanding. Billy is the bravest man I`ve ever met in my life. He is open for everything, never plans, never expects and always succeds.<\/p>\n<p>Certainly he is a person, who wants to see real sense of life, discover different societies and cultures.<\/p>\n<p>He is extremely attracted by &#8222;extreme&#8220; events like wars, protests and revolutions. I met him during EuroMaidan events in Kyiv 2014, we spent sometime discovering &#8222;dark&#8220; sides of Ukrainian EuroRevolution.<\/p>\n<p>If you ever have an opportunity to meet Billy, never hesitate, because, probably, his ideas and vision will positively impact you.<\/p>\n<p>Still Billy needs some improvement and work in chess.<\/p>\n<p>Check mat!<\/p>\n<p><strong>Kiev\/Ukraine in June 2014<\/strong><\/p>\n<p><a href=\"https:\/\/i0.wp.com\/billys-reisen.de\/wp-content\/uploads\/2012\/07\/IMG_7802.jpg\"><img data-recalc-dims=\"1\" loading=\"lazy\" decoding=\"async\" class=\"aligncenter size-large wp-image-1925\" src=\"https:\/\/i0.wp.com\/billys-reisen.de\/wp-content\/uploads\/2012\/07\/IMG_7802.jpg?resize=640%2C480\" alt=\"IMG_7802\" width=\"640\" height=\"480\" srcset=\"https:\/\/i0.wp.com\/billys-reisen.de\/wp-content\/uploads\/2012\/07\/IMG_7802.jpg?resize=1024%2C768 1024w, https:\/\/i0.wp.com\/billys-reisen.de\/wp-content\/uploads\/2012\/07\/IMG_7802.jpg?resize=150%2C112 150w, https:\/\/i0.wp.com\/billys-reisen.de\/wp-content\/uploads\/2012\/07\/IMG_7802.jpg?resize=300%2C225 300w, https:\/\/i0.wp.com\/billys-reisen.de\/wp-content\/uploads\/2012\/07\/IMG_7802.jpg?w=1280 1280w, https:\/\/i0.wp.com\/billys-reisen.de\/wp-content\/uploads\/2012\/07\/IMG_7802.jpg?w=1920 1920w\" sizes=\"auto, (max-width: 640px) 100vw, 640px\" \/><\/a><\/p>\n<p><em>( Herausragend.&nbsp;Billy ist der mutigste Mann, den ich jemals in meinem Leben getroffen habe. Er ist f\u00fcr alles offen, plant nie, erwartet nichts und hat doch stets Erfolg.<\/em><\/p>\n<p><em>Gewiss ist er jemand, der wahren Lebenssinn erkennen will, andere Gesellschaften und Kulturen entdecken m\u00f6chte.<\/em><\/p>\n<p><em>Er f\u00fchlt sich besonders angezogen durch &#8222;extreme&#8220; Ereignisse wie Kriege, Proteste und Revolutionen. Ich habe ihn w\u00e4hrend der Euro-Maidan-Ereignisse in Kiew 2014 kennengelernt. Wir haben einige Zeit zusammen verbracht, die &#8222;dunklen&#8220; Seiten der ukrainischen Euro-Revolution zu entdecken.<\/em><\/p>\n<p><em>Wenn Du jemals eine M\u00f6glichkeit hast, Billy zu treffen, so z\u00f6gere keinesfalls, weil seine Ideen und Visionen Dich voraussichtlich positiv beeinflussen werden.<\/em><\/p>\n<p><em>Dennoch braucht Billy einige Verbesserungen und Arbeit an seinen Schach-Fertigkeiten. &nbsp;<\/em><\/p>\n<p><em>Schachmatt! )<\/em><\/p>\n<p><strong>Kiew\/Ukraine im Juni 2014<\/strong><\/p>\n<p>&#8211;&gt; https:\/\/www.couchsurfing.org\/profile.html?id=K2XQM15<\/p>\n<p>&nbsp;<\/p>\n<div id=\"attachment_1579\" style=\"width: 650px\" class=\"wp-caption aligncenter\"><a href=\"https:\/\/i0.wp.com\/billys-reisen.de\/wp-content\/uploads\/2012\/07\/DSCI0411.jpg\"><img data-recalc-dims=\"1\" loading=\"lazy\" decoding=\"async\" aria-describedby=\"caption-attachment-1579\" class=\"size-large wp-image-1579\" src=\"https:\/\/i0.wp.com\/billys-reisen.de\/wp-content\/uploads\/2012\/07\/DSCI0411.jpg?resize=640%2C480\" alt=\"Dimitris Meschinis, Johannes Meschinis, Lydia Meschini, Marilena Fotopoulou aus Athen, Griechenland\" width=\"640\" height=\"480\" srcset=\"https:\/\/i0.wp.com\/billys-reisen.de\/wp-content\/uploads\/2012\/07\/DSCI0411.jpg?resize=1024%2C768 1024w, https:\/\/i0.wp.com\/billys-reisen.de\/wp-content\/uploads\/2012\/07\/DSCI0411.jpg?resize=150%2C112 150w, https:\/\/i0.wp.com\/billys-reisen.de\/wp-content\/uploads\/2012\/07\/DSCI0411.jpg?resize=300%2C225 300w, https:\/\/i0.wp.com\/billys-reisen.de\/wp-content\/uploads\/2012\/07\/DSCI0411.jpg?w=1280 1280w, https:\/\/i0.wp.com\/billys-reisen.de\/wp-content\/uploads\/2012\/07\/DSCI0411.jpg?w=1920 1920w\" sizes=\"auto, (max-width: 640px) 100vw, 640px\" \/><\/a><p id=\"caption-attachment-1579\" class=\"wp-caption-text\">Dimitris, Johannes, Lydia &amp; Marilena aus Athen, Griechenland<\/p><\/div>\n<p>&#8220; F\u00fcr unseren Freund, der wahrscheinlich vom Himmel kam &#8211; wir danken ihm viel daf\u00fcr und w\u00fcnschen viel Gl\u00fcck auf seiner Lebensreise. &#8220;<\/p>\n<p>17.07.2012<\/p>\n<p>Athen, Griechenland<\/p>\n<p>&nbsp;<\/p>\n<p>&nbsp;<\/p>\n<div id=\"attachment_1580\" style=\"width: 280px\" class=\"wp-caption alignright\"><a href=\"https:\/\/i0.wp.com\/billys-reisen.de\/wp-content\/uploads\/2012\/07\/DSCI0183-_-Student-Vasilis.jpg\"><img data-recalc-dims=\"1\" loading=\"lazy\" decoding=\"async\" aria-describedby=\"caption-attachment-1580\" class=\" wp-image-1580 \" title=\"DSCI0183 _ Student Vasilis\" src=\"https:\/\/i0.wp.com\/billys-reisen.de\/wp-content\/uploads\/2012\/07\/DSCI0183-_-Student-Vasilis.jpg?resize=270%2C203\" alt=\"\" width=\"270\" height=\"203\" srcset=\"https:\/\/i0.wp.com\/billys-reisen.de\/wp-content\/uploads\/2012\/07\/DSCI0183-_-Student-Vasilis.jpg?resize=300%2C225 300w, https:\/\/i0.wp.com\/billys-reisen.de\/wp-content\/uploads\/2012\/07\/DSCI0183-_-Student-Vasilis.jpg?resize=150%2C112 150w, https:\/\/i0.wp.com\/billys-reisen.de\/wp-content\/uploads\/2012\/07\/DSCI0183-_-Student-Vasilis.jpg?resize=1024%2C768 1024w, https:\/\/i0.wp.com\/billys-reisen.de\/wp-content\/uploads\/2012\/07\/DSCI0183-_-Student-Vasilis.jpg?w=1280 1280w, https:\/\/i0.wp.com\/billys-reisen.de\/wp-content\/uploads\/2012\/07\/DSCI0183-_-Student-Vasilis.jpg?w=1920 1920w\" sizes=\"auto, (max-width: 270px) 100vw, 270px\" \/><\/a><p id=\"caption-attachment-1580\" class=\"wp-caption-text\">Student Vasilis aus Larisa &#8230; &#8222;Vasilis&#8220;, das soll auf Griechisch &#8222;Billy&#8220; hei\u00dfen &#8230; also ein Namens-Genosse<\/p><\/div>\n<p><strong><em>&#8220; Have a nice time and be yourself &#8222;<\/em><\/strong><\/p>\n<p>Griechenland, \u00dcberlandstra\u00dfe zwischen Thessaloniki und Athen<\/p>\n<p>06.07.2012<\/p>\n<p>&nbsp;<\/p>\n<p>&nbsp;<\/p>\n<p>&nbsp;<\/p>\n<p>&nbsp;<\/p>\n<p><span style=\"text-decoration: underline;\">Deutschland, Lutherstadt Wittenberg, den 19.06.2012<\/span><\/p>\n<p>Lieber Billy,<\/p>\n<p>herzliche Gr\u00fc\u00dfe und Segensw\u00fcnsche von Deiner Familie H\u00f6lzel aus Lutherstadt Wittenberg. Wir haben die Zeit mit Dir sehr genossen + Du hast unser Leben bereichert. F\u00fcr Deinen weiteren Weg w\u00fcnschen wir Dir Weisheit, Schutz, Freude, Freunde &#8230; ; vor allem aber den Sch\u00f6pfer-Gott zu finden, der sich in Jesus Christus uns Menschen gezeigt + geschenkt hat. Jesaja 53,5: &#8222;Die Strafe lag auf ihm (Jesus) zu unserm Frieden.&#8220; Du bist immer wieder herzlich bei uns willkommen.<\/p>\n<p>Deine Holzf\u00e4ller-H\u00f6lzels <a href=\"http:\/\/billys-reisen.de\/?attachment_id=1104\" rel=\"attachment wp-att-1104\"><img data-recalc-dims=\"1\" loading=\"lazy\" decoding=\"async\" class=\"size-medium wp-image-1104 alignleft\" title=\"DSCI0008\" src=\"https:\/\/i0.wp.com\/billys-reisen.de\/wp-content\/uploads\/2012\/07\/DSCI0008.jpg?resize=300%2C225\" alt=\"\" width=\"300\" height=\"225\" srcset=\"https:\/\/i0.wp.com\/billys-reisen.de\/wp-content\/uploads\/2012\/07\/DSCI0008.jpg?resize=300%2C225 300w, https:\/\/i0.wp.com\/billys-reisen.de\/wp-content\/uploads\/2012\/07\/DSCI0008.jpg?resize=150%2C112 150w, https:\/\/i0.wp.com\/billys-reisen.de\/wp-content\/uploads\/2012\/07\/DSCI0008.jpg?resize=1024%2C768 1024w, https:\/\/i0.wp.com\/billys-reisen.de\/wp-content\/uploads\/2012\/07\/DSCI0008.jpg?w=1280 1280w, https:\/\/i0.wp.com\/billys-reisen.de\/wp-content\/uploads\/2012\/07\/DSCI0008.jpg?w=1920 1920w\" sizes=\"auto, (max-width: 300px) 100vw, 300px\" \/><\/a><\/p>\n<p><a title=\"Als Holzf\u00e4ller in Wittenberg (Juni 2012)\" href=\"..\/?page_id=1110\">Als Holzf\u00e4ller auf Luthers Spuren (Wittenberg im Juni 2012)<\/a><\/p>\n<p>&nbsp;<\/p>\n<p>&nbsp;<\/p>\n<p>&nbsp;<\/p>\n<p>&nbsp;<\/p>\n<p><span style=\"text-decoration: underline;\">Deutschland, Leipzig, im Dezember 2010<\/span><\/p>\n<p>&#8220; Danke, dass Du bereit warst, in der Gemeinde zu helfen und mein Ehrengast zum Geburtstag zu sein! Ich bin gespannt, was Gott mit Dir alles noch so vor hat &#8211; ich freue mich \u00fcber die vielen Gaben, die ER Dir gegeben hat! Bleib` mutig, behalte Deinen Sinn f\u00fcr Wahrheit und Gerechtigkeit! M\u00f6ge Dir die Liebe zur Menschheit nicht abhanden kommen. Leipzig, Weihnachten 2010.<\/p>\n<p><em>Herzliche Gr\u00fc\u00dfe von Esther &#8222;<\/em><\/p>\n<p><a href=\"https:\/\/i0.wp.com\/billys-reisen.de\/wp-content\/uploads\/2012\/07\/IMG_0744.jpg\"><img data-recalc-dims=\"1\" loading=\"lazy\" decoding=\"async\" class=\"alignnone wp-image-2009 size-thumbnail\" src=\"https:\/\/i0.wp.com\/billys-reisen.de\/wp-content\/uploads\/2012\/07\/IMG_0744.jpg?resize=150%2C112\" alt=\"IMG_0744\" width=\"150\" height=\"112\" srcset=\"https:\/\/i0.wp.com\/billys-reisen.de\/wp-content\/uploads\/2012\/07\/IMG_0744.jpg?resize=150%2C112 150w, https:\/\/i0.wp.com\/billys-reisen.de\/wp-content\/uploads\/2012\/07\/IMG_0744.jpg?resize=300%2C225 300w, https:\/\/i0.wp.com\/billys-reisen.de\/wp-content\/uploads\/2012\/07\/IMG_0744.jpg?resize=1024%2C768 1024w, https:\/\/i0.wp.com\/billys-reisen.de\/wp-content\/uploads\/2012\/07\/IMG_0744.jpg?w=1280 1280w, https:\/\/i0.wp.com\/billys-reisen.de\/wp-content\/uploads\/2012\/07\/IMG_0744.jpg?w=1920 1920w\" sizes=\"auto, (max-width: 150px) 100vw, 150px\" \/>&nbsp; &nbsp;&nbsp;<img data-recalc-dims=\"1\" loading=\"lazy\" decoding=\"async\" class=\"alignnone wp-image-2010 size-thumbnail\" src=\"https:\/\/i0.wp.com\/billys-reisen.de\/wp-content\/uploads\/2012\/07\/IMG_0633.jpg?resize=150%2C112\" alt=\"IMG_0633\" width=\"150\" height=\"112\" srcset=\"https:\/\/i0.wp.com\/billys-reisen.de\/wp-content\/uploads\/2012\/07\/IMG_0633.jpg?resize=150%2C112 150w, https:\/\/i0.wp.com\/billys-reisen.de\/wp-content\/uploads\/2012\/07\/IMG_0633.jpg?resize=300%2C225 300w, https:\/\/i0.wp.com\/billys-reisen.de\/wp-content\/uploads\/2012\/07\/IMG_0633.jpg?resize=1024%2C768 1024w, https:\/\/i0.wp.com\/billys-reisen.de\/wp-content\/uploads\/2012\/07\/IMG_0633.jpg?w=1280 1280w, https:\/\/i0.wp.com\/billys-reisen.de\/wp-content\/uploads\/2012\/07\/IMG_0633.jpg?w=1920 1920w\" sizes=\"auto, (max-width: 150px) 100vw, 150px\" \/><\/a><\/p>\n<p>&#8222;An einen sehr guten Schachspieler und coolen Tramper! \ud83d\ude42 &#8220;<\/p>\n<p><em>Enkelin Alicia<br \/>\n<\/em><\/p>\n<p>Von Billy, the Biker! Viele liebe Gr\u00fc\u00dfe und alles gesundheitlich gute w\u00fcnscht Dir von ganzen herzen. Es gr\u00fc\u00dft dich als Biker von den H\u00f6lls Angels und alles gesundheitlich Gute und Schaffenskraft und Gesundheit!<\/p>\n<p><em>&#8222;Eisb\u00e4r-Billy&#8220; aus Leipzig (war 17 Jahre im Stasi-Knast)<\/em><\/p>\n<p><a title=\"Fromm und frei \u2013 eine bemerkenswerte Begegnung in Leipzig\" href=\"..\/?page_id=281\">\u201cFromm und frei \u2013 eine bemerkenswerte Begegnung in Leipzig\u201d<\/a><\/p>\n<div id=\"attachment_1512\" style=\"width: 233px\" class=\"wp-caption alignleft\"><a href=\"https:\/\/i0.wp.com\/billys-reisen.de\/wp-content\/uploads\/2012\/07\/HPIM5890.jpg\"><img data-recalc-dims=\"1\" loading=\"lazy\" decoding=\"async\" aria-describedby=\"caption-attachment-1512\" class=\"size-medium wp-image-1512\" title=\"HPIM5890\" src=\"https:\/\/i0.wp.com\/billys-reisen.de\/wp-content\/uploads\/2012\/07\/HPIM5890.jpg?resize=223%2C300\" alt=\"\" width=\"223\" height=\"300\" srcset=\"https:\/\/i0.wp.com\/billys-reisen.de\/wp-content\/uploads\/2012\/07\/HPIM5890.jpg?resize=223%2C300 223w, https:\/\/i0.wp.com\/billys-reisen.de\/wp-content\/uploads\/2012\/07\/HPIM5890.jpg?resize=111%2C150 111w, https:\/\/i0.wp.com\/billys-reisen.de\/wp-content\/uploads\/2012\/07\/HPIM5890.jpg?resize=763%2C1024 763w, https:\/\/i0.wp.com\/billys-reisen.de\/wp-content\/uploads\/2012\/07\/HPIM5890.jpg?w=1920 1920w, https:\/\/i0.wp.com\/billys-reisen.de\/wp-content\/uploads\/2012\/07\/HPIM5890.jpg?w=1280 1280w\" sizes=\"auto, (max-width: 223px) 100vw, 223px\" \/><\/a><p id=\"caption-attachment-1512\" class=\"wp-caption-text\">3 Verr\u00fcckte machen Leipzig unsicher &#8230; Esther, &#8222;Eisb\u00e4r-Billy&#8220; und &#8222;Wander-Billy&#8220; &#8230; (von rechts nach links)<\/p><\/div>\n<p>&nbsp;<\/p>\n<p>&nbsp;<\/p>\n<p>&nbsp;<\/p>\n<p>&nbsp;<\/p>\n<p>&nbsp;<\/p>\n<p>&nbsp;<\/p>\n<p>&nbsp;<\/p>\n<p>&nbsp;<\/p>\n<p>&nbsp;<\/p>\n<p style=\"text-align: center;\"><span style=\"text-decoration: underline;\">Deutschland, Neuenhagen, 04.07.2010<\/span><\/p>\n<p style=\"text-align: left;\">&#8220; Ich freue mich, wenn wir mal wieder zueinander finden! F\u00fcr Deinen Marsch zu Fu\u00df meine Hochachtung! Du bist ein Mann der Tat, wie mir scheint. Dem gegen\u00fcber hatte ich nur einmal daran gedacht &#8230; &#8222;<\/p>\n<p style=\"text-align: left;\"><em>Paul<br \/>\n<\/em><\/p>\n<div id=\"attachment_1515\" style=\"width: 310px\" class=\"wp-caption aligncenter\"><a href=\"https:\/\/i0.wp.com\/billys-reisen.de\/wp-content\/uploads\/2012\/07\/DSCI1956.jpg\"><img data-recalc-dims=\"1\" loading=\"lazy\" decoding=\"async\" aria-describedby=\"caption-attachment-1515\" class=\"size-medium wp-image-1515\" title=\"DSCI1956\" src=\"https:\/\/i0.wp.com\/billys-reisen.de\/wp-content\/uploads\/2012\/07\/DSCI1956.jpg?resize=300%2C225\" alt=\"\" width=\"300\" height=\"225\" srcset=\"https:\/\/i0.wp.com\/billys-reisen.de\/wp-content\/uploads\/2012\/07\/DSCI1956.jpg?resize=300%2C225 300w, https:\/\/i0.wp.com\/billys-reisen.de\/wp-content\/uploads\/2012\/07\/DSCI1956.jpg?resize=150%2C112 150w, https:\/\/i0.wp.com\/billys-reisen.de\/wp-content\/uploads\/2012\/07\/DSCI1956.jpg?resize=1024%2C768 1024w, https:\/\/i0.wp.com\/billys-reisen.de\/wp-content\/uploads\/2012\/07\/DSCI1956.jpg?w=1280 1280w, https:\/\/i0.wp.com\/billys-reisen.de\/wp-content\/uploads\/2012\/07\/DSCI1956.jpg?w=1920 1920w\" sizes=\"auto, (max-width: 300px) 100vw, 300px\" \/><\/a><p id=\"caption-attachment-1515\" class=\"wp-caption-text\">Ein Leben im Tipi &#8230; Was will man mehr?<\/p><\/div>\n<p>&nbsp;<\/p>\n<p><span style=\"text-decoration: underline;\">Bosnien-Reise mit &#8222;Sch\u00fcler Helfen Leben&#8220; M\u00e4rz\/April 2004<\/span><\/p>\n<ul>\n<li><a title=\"2004er SHL-Magazin \u00fcber Bosnien 1\" href=\"..\/?page_id=417\">\u201c2004er SHL-Magazin \u00fcber Bosnien 1\u2033<\/a><\/li>\n<li><a title=\"2004er SHL-Magazin \u00fcber Bosnien 2\" href=\"..\/?page_id=423\">\u201c2004er SHL-Magazin \u00fcber Bosnien 2\u2033<\/a><\/li>\n<\/ul>\n<div style=\"width: 203px\" class=\"wp-caption aligncenter\"><a href=\"https:\/\/i0.wp.com\/billys-reisen.de\/wp-content\/uploads\/2012\/07\/File0018.jpg\"><img data-recalc-dims=\"1\" loading=\"lazy\" decoding=\"async\" title=\"File0018\" src=\"https:\/\/i0.wp.com\/billys-reisen.de\/wp-content\/uploads\/2012\/07\/File0018.jpg?resize=193%2C300\" alt=\"\" width=\"193\" height=\"300\"><\/a><p class=\"wp-caption-text\">Bosnien: Auf Panzer-Pirsch bei der Bundeswehr &#8230;<\/p><\/div>\n<p style=\"text-align: center;\">&#8220; Hallo Billy! Du verk\u00f6rperst eine sehr interessante Mischung aus Naivit\u00e4t und gro\u00dfem teilweise erstaunlich detailliertem Wissen. Es war eine nette und abwechslungsreiche Zeit mit Dir. Dein Artikel ist wirklich erstklassig. Dein Jo. &#8220; &nbsp;&nbsp;&nbsp;&nbsp;&nbsp;&nbsp;&nbsp;&nbsp;&nbsp;&nbsp;&nbsp;&nbsp;&nbsp;&nbsp;&nbsp;&nbsp;&nbsp;&nbsp;&nbsp;&nbsp;&nbsp;&nbsp;&nbsp;&nbsp;&nbsp;&nbsp;&nbsp;&nbsp;&nbsp;&nbsp; <em>Joachim<br \/>\n<\/em><\/p>\n<p>&#8220; Hey Billy! Komm bitte nicht zu sp\u00e4t, wenn du zum Kanzler gew\u00e4hlt bist &#8230; Das w\u00e4r echt peinlich. Anne (Ministerin f\u00fcr Frauenstatistiken) &#8220; &nbsp;&nbsp;&nbsp;&nbsp;&nbsp;&nbsp;&nbsp;&nbsp;&nbsp;&nbsp;&nbsp;&nbsp;&nbsp;&nbsp;&nbsp;&nbsp;&nbsp;&nbsp;&nbsp;&nbsp;&nbsp;&nbsp;&nbsp;&nbsp;&nbsp;&nbsp;&nbsp;&nbsp;&nbsp;&nbsp;&nbsp;&nbsp;&nbsp;&nbsp;&nbsp;&nbsp;&nbsp;&nbsp; <em>Anne<br \/>\n<\/em><\/p>\n<p>&#8220; Billy, dein politischer Enthusiasmus, deine naive, die viel zu gutm\u00fctige Art haben dein Image gepr\u00e4gt. Ich glaube, wir alle haben das ein wenig beneidet. &#8220; &nbsp; &nbsp; &nbsp; <em>Frithjof<br \/>\n<\/em><\/p>\n<p>&#8220; Bis zum Schluss konnte ich nicht einsch\u00e4tzen, ob du alles ernst meintest? Jedenfalls haben deine Spr\u00fcche die Reise bereichert. \ud83d\ude42 xxx &#8220;&nbsp;&nbsp;&nbsp;&nbsp;&nbsp; <em>&nbsp;&nbsp;&nbsp;&nbsp;&nbsp;&nbsp;&nbsp;&nbsp;&nbsp;&nbsp;&nbsp;&nbsp;&nbsp;&nbsp; Nadja<br \/>\n<\/em><\/p>\n<p>&#8220; Bleib so chaotisch wie du bist. \ud83d\ude42 &#8220;&nbsp;&nbsp;&nbsp;&nbsp;&nbsp;&nbsp;&nbsp;&nbsp;&nbsp;&nbsp;&nbsp;&nbsp;&nbsp;&nbsp; &nbsp; &nbsp;&nbsp; <em>Laura<br \/>\n<\/em><\/p>\n<p>&#8220; Ich habe noch nie einen so jungen, politisch so interessierten Menschen gekannt! Mach weiter so! &#8220;&nbsp;&nbsp;&nbsp;&nbsp;&nbsp;&nbsp;&nbsp;&nbsp;&nbsp;&nbsp;&nbsp;&nbsp;&nbsp;&nbsp;&nbsp;&nbsp;&nbsp;&nbsp;&nbsp;&nbsp;&nbsp;&nbsp;&nbsp;&nbsp;&nbsp;&nbsp;&nbsp;&nbsp;&nbsp;&nbsp;&nbsp;&nbsp;&nbsp;&nbsp;&nbsp;&nbsp;&nbsp;&nbsp;&nbsp;&nbsp;&nbsp;&nbsp;&nbsp;&nbsp;&nbsp;&nbsp;&nbsp;&nbsp;&nbsp;&nbsp;&nbsp;&nbsp;&nbsp;&nbsp;&nbsp;&nbsp;&nbsp;&nbsp;&nbsp;&nbsp;&nbsp;&nbsp;&nbsp;&nbsp;&nbsp;&nbsp;&nbsp; <em>Leonie<\/em><\/p>\n<p>&#8220; Hey Billy! Nist n toller Typ &#8230; mach doch einfach mit! Hauke &#8220;&nbsp;&nbsp;&nbsp;&nbsp;&nbsp;&nbsp;&nbsp;&nbsp; <em>Hauke<br \/>\n<\/em><\/p>\n<div style=\"width: 221px\" class=\"wp-caption aligncenter\"><a href=\"https:\/\/i0.wp.com\/billys-reisen.de\/wp-content\/uploads\/2012\/07\/File0030.jpg\"><img data-recalc-dims=\"1\" loading=\"lazy\" decoding=\"async\" title=\"File0030\" src=\"https:\/\/i0.wp.com\/billys-reisen.de\/wp-content\/uploads\/2012\/07\/File0030.jpg?resize=211%2C300\" alt=\"\" width=\"211\" height=\"300\"><\/a><p class=\"wp-caption-text\">&#8230; und unterwegs im Zug &#8230;<\/p><\/div>\n<p>&#8220; Billy, Billy. So viel politisches Potenzial und trotzdem bei der CDU \ud83d\ude41&nbsp;&nbsp;&nbsp;&nbsp;&nbsp;&nbsp;&nbsp;&nbsp;&nbsp;&nbsp;&nbsp;&nbsp;&nbsp;&nbsp;&nbsp;&nbsp;&nbsp;&nbsp;&nbsp;&nbsp;&nbsp;&nbsp;&nbsp;&nbsp;&nbsp;&nbsp;&nbsp;&nbsp;&nbsp;&nbsp;&nbsp;&nbsp;&nbsp;&nbsp;&nbsp;&nbsp; Komm auf die gute Seite und werd Kommunist. Verbrenn alle deine CDU-Programme und zieh dir das kommunistische Manifest von www.kommunismus.de! Gute Besserung. &#8220;&nbsp;&nbsp;&nbsp;&nbsp;&nbsp;&nbsp;&nbsp;&nbsp;&nbsp;&nbsp;&nbsp;&nbsp;&nbsp;&nbsp;&nbsp;&nbsp;&nbsp;&nbsp;&nbsp;&nbsp;&nbsp;&nbsp;&nbsp;&nbsp;&nbsp;&nbsp;&nbsp;&nbsp;&nbsp;&nbsp;&nbsp;&nbsp;&nbsp;&nbsp;&nbsp;&nbsp;&nbsp;&nbsp;&nbsp;&nbsp;&nbsp;&nbsp;&nbsp;&nbsp;&nbsp;&nbsp;&nbsp;&nbsp;&nbsp;&nbsp;&nbsp;&nbsp;&nbsp;&nbsp;&nbsp;&nbsp;&nbsp;&nbsp;&nbsp;&nbsp;&nbsp;&nbsp;&nbsp;&nbsp;&nbsp;&nbsp;&nbsp;&nbsp;&nbsp;&nbsp;&nbsp;&nbsp;&nbsp;&nbsp;&nbsp;&nbsp;&nbsp;&nbsp;&nbsp;&nbsp;&nbsp;&nbsp;&nbsp;&nbsp;&nbsp;&nbsp;&nbsp;&nbsp;&nbsp;&nbsp;&nbsp;&nbsp;&nbsp;&nbsp;&nbsp;&nbsp;&nbsp;&nbsp;&nbsp;&nbsp;&nbsp;&nbsp;&nbsp;&nbsp; <em>Jackson<\/em><\/p>\n<p>&#8220; Lieber Billy! Wir hatten ne gute Zeit zusammen &#8211; ich hoffe Du empfindest das auch so. Es war lustig und spannend mit Dir zu sprechen. Ich sch\u00e4tze Dein fundiertes Wissen und konnte daraus einiges ziehen. In manchen Ansichten stimmen wir vielleicht nicht zur G\u00e4nze \u00fcberein, aber trotzdem: Lass Dich nicht verbiegen. Bleib kritisch und steh dazu! Es hat mich sehr gefreut. &#8220;&nbsp;&nbsp;&nbsp;&nbsp;&nbsp;&nbsp;&nbsp;&nbsp;&nbsp;&nbsp;&nbsp;&nbsp;&nbsp;&nbsp;&nbsp;&nbsp;&nbsp;&nbsp;&nbsp;&nbsp;&nbsp;&nbsp;&nbsp;&nbsp;&nbsp;&nbsp;&nbsp;&nbsp;&nbsp;&nbsp;&nbsp;&nbsp;&nbsp;&nbsp;&nbsp;&nbsp;&nbsp;&nbsp;&nbsp;&nbsp;&nbsp;&nbsp;&nbsp;&nbsp;&nbsp;&nbsp;&nbsp;&nbsp;&nbsp;&nbsp;&nbsp;&nbsp;&nbsp;&nbsp;&nbsp;&nbsp;&nbsp;&nbsp;&nbsp;&nbsp;&nbsp;&nbsp; <em>Markus<\/em><\/p>\n<p>&#8220; Hey Billy, bist nen echt krasser und lustiger Ostler \ud83d\ude42 Deshalb widme ich Dir meine Anerkennung! Flo. &#8220; &nbsp;&nbsp;&nbsp;&nbsp;&nbsp;&nbsp;&nbsp;&nbsp;&nbsp;&nbsp;&nbsp;&nbsp;&nbsp;&nbsp;&nbsp;&nbsp;&nbsp;&nbsp;&nbsp;&nbsp;&nbsp;&nbsp;&nbsp;&nbsp;&nbsp;&nbsp;&nbsp;&nbsp;&nbsp;&nbsp;&nbsp;&nbsp;&nbsp;&nbsp;&nbsp;&nbsp;&nbsp;&nbsp;&nbsp;&nbsp;&nbsp;&nbsp;&nbsp;&nbsp;&nbsp;&nbsp;&nbsp;&nbsp;&nbsp;&nbsp;&nbsp;&nbsp;&nbsp;&nbsp;&nbsp;&nbsp;&nbsp;&nbsp;&nbsp;&nbsp;&nbsp;&nbsp;&nbsp;&nbsp;&nbsp;&nbsp;&nbsp;&nbsp;&nbsp;&nbsp;&nbsp;&nbsp;&nbsp;&nbsp;&nbsp;&nbsp;&nbsp;&nbsp;&nbsp;&nbsp;&nbsp;&nbsp;&nbsp;&nbsp;&nbsp; <em>Florian<\/em><\/p>\n<p>&#8220; Billy, finde dich echt witzig, vor allem weil du wirklich (fast) alles mitmachst und deine sympathische Naivit\u00e4t mich oft zum Lachen bringt. Alles Gute und ein kleiner Rat: Wechsle die Partei. Jakob \ud83d\ude42 &#8220;<\/p>\n<p>&#8220; Hey Billy, es ist wirklich immer wieder erfrischend, dir zuzuh\u00f6ren! Aber ich hab auch noch einen Tipp: H\u00f6r nie auf, Ketschup zu essen, du w\u00fcrdest es nicht \u00fcberleben. \ud83d\ude42 Also, noch viel Erfolg beim H\u00e4ndesch\u00fctteln und deinen weiteren politischen AAmbitionen &#8230; vielleicht sch\u00fctteln ja irgendwann <span style=\"text-decoration: underline;\">wir<\/span> <span style=\"text-decoration: underline;\">dir<\/span> die Hand und bereinigen uns mit dir!&nbsp;&nbsp;&nbsp;&nbsp;&nbsp;&nbsp;&nbsp;&nbsp; &nbsp; &nbsp; &nbsp; &nbsp; &nbsp; &nbsp; &nbsp; &nbsp; &nbsp; &nbsp; &nbsp; &nbsp; &nbsp; &nbsp; &nbsp; &nbsp; &nbsp; &nbsp; &nbsp; &nbsp; &nbsp; &nbsp; &nbsp; &nbsp; &nbsp; &nbsp; &nbsp; &nbsp; &nbsp; &nbsp; &nbsp; &nbsp; &nbsp; &nbsp; &nbsp; &nbsp; &nbsp; &nbsp; &nbsp; &nbsp; &nbsp; &nbsp; &nbsp; &nbsp; &nbsp; &nbsp; &nbsp; &nbsp; &nbsp; &nbsp; &nbsp; &nbsp; &nbsp; &nbsp; &nbsp; &nbsp; &nbsp; &nbsp; &nbsp; &nbsp; &nbsp;&nbsp; <em>Franziska<br \/>\n<\/em><\/p>\n<div id=\"attachment_1519\" style=\"width: 310px\" class=\"wp-caption aligncenter\"><a href=\"https:\/\/i0.wp.com\/billys-reisen.de\/wp-content\/uploads\/2012\/07\/File0037.jpg\"><img data-recalc-dims=\"1\" loading=\"lazy\" decoding=\"async\" aria-describedby=\"caption-attachment-1519\" class=\"size-medium wp-image-1519 \" title=\"File0037\" src=\"https:\/\/i0.wp.com\/billys-reisen.de\/wp-content\/uploads\/2012\/07\/File0037.jpg?resize=300%2C203\" alt=\"\" width=\"300\" height=\"203\" srcset=\"https:\/\/i0.wp.com\/billys-reisen.de\/wp-content\/uploads\/2012\/07\/File0037.jpg?resize=300%2C203 300w, https:\/\/i0.wp.com\/billys-reisen.de\/wp-content\/uploads\/2012\/07\/File0037.jpg?resize=150%2C101 150w, https:\/\/i0.wp.com\/billys-reisen.de\/wp-content\/uploads\/2012\/07\/File0037.jpg?resize=1024%2C694 1024w, https:\/\/i0.wp.com\/billys-reisen.de\/wp-content\/uploads\/2012\/07\/File0037.jpg?w=1769 1769w, https:\/\/i0.wp.com\/billys-reisen.de\/wp-content\/uploads\/2012\/07\/File0037.jpg?w=1280 1280w\" sizes=\"auto, (max-width: 300px) 100vw, 300px\" \/><\/a><p id=\"caption-attachment-1519\" class=\"wp-caption-text\">&#8230; hin zu den verfallenen Schi-Schanzen von Olympia 1984!<\/p><\/div>\n","protected":false},"excerpt":{"rendered":"<p>Gemeinsam im &#8222;Paradies&#8220; &#8211; Ausflug ins Janukowitsch-Anwesen Mijihiria (nahe Kiew, 19.08.2014) It was really interesting for me to meet such extraordinary and unusual person like you, Billi. I think you\u00b4ll reach your goal and go around the world. I wish &hellip; <a href=\"http:\/\/billys-reisen.de\/?page_id=1098\">Weiterlesen <span class=\"meta-nav\">&rarr;<\/span><\/a><\/p>\n","protected":false},"author":2,"featured_media":0,"parent":0,"menu_order":0,"comment_status":"closed","ping_status":"closed","template":"","meta":{"footnotes":""},"class_list":["post-1098","page","type-page","status-publish","hentry"],"jetpack_sharing_enabled":true,"_links":{"self":[{"href":"http:\/\/billys-reisen.de\/index.php?rest_route=\/wp\/v2\/pages\/1098","targetHints":{"allow":["GET"]}}],"collection":[{"href":"http:\/\/billys-reisen.de\/index.php?rest_route=\/wp\/v2\/pages"}],"about":[{"href":"http:\/\/billys-reisen.de\/index.php?rest_route=\/wp\/v2\/types\/page"}],"author":[{"embeddable":true,"href":"http:\/\/billys-reisen.de\/index.php?rest_route=\/wp\/v2\/users\/2"}],"replies":[{"embeddable":true,"href":"http:\/\/billys-reisen.de\/index.php?rest_route=%2Fwp%2Fv2%2Fcomments&post=1098"}],"version-history":[{"count":30,"href":"http:\/\/billys-reisen.de\/index.php?rest_route=\/wp\/v2\/pages\/1098\/revisions"}],"predecessor-version":[{"id":2991,"href":"http:\/\/billys-reisen.de\/index.php?rest_route=\/wp\/v2\/pages\/1098\/revisions\/2991"}],"wp:attachment":[{"href":"http:\/\/billys-reisen.de\/index.php?rest_route=%2Fwp%2Fv2%2Fmedia&parent=1098"}],"curies":[{"name":"wp","href":"https:\/\/api.w.org\/{rel}","templated":true}]}}